{"id":9913,"date":"2018-05-04T01:00:00","date_gmt":"2018-05-03T23:00:00","guid":{"rendered":"https:\/\/www.goelette.ca\/produit\/vivre-le-deuil\/"},"modified":"2024-01-23T11:46:57","modified_gmt":"2024-01-23T16:46:57","slug":"vivre-le-deuil","status":"publish","type":"product","link":"https:\/\/goelette.ca\/en\/tous-les-livres\/vivre-le-deuil\/","title":{"rendered":"Vivre le deuil"},"content":{"rendered":"<p>La perte d&#8217;un \u00eatre cher est sans nul doute une des \u00e9preuves les plus difficiles de la vie. Elle provoque une souffrance dure, crue et profond\u00e9ment intime que chaque individu vit et traverse tant bien que mal, \u00e0 sa mani\u00e8re, en essayant de faire son deuil.<\/p>\n<p>C&#8217;est un processus int\u00e9rieur tr\u00e8s personnel qui commence alors. Il induit des comportements et des besoins diff\u00e9rents d&#8217;une personne \u00e0 l&#8217;autre, bien souvent difficiles \u00e0 partager avec les gens qui nous entourent tant le chagrin et la mort restent tabous dans notre soci\u00e9t\u00e9. Il faut n\u00e9anmoins r\u00e9ussir \u00e0 y plonger afin d&#8217;apprivoiser l&#8217;absence, de trouver des rep\u00e8res et des gestes pour soulager la douleur, accepter la perte, puis gu\u00e9rir sans oublier.<\/p>\n<p>Ainsi, ce livre s&#8217;adresse \u00e0 tous ceux qui se trouvent confront\u00e9s \u00e0 la mort de quelqu&#8217;un d&#8217;important dans leur vie et qui \u00e9prouvent le besoin de mieux comprendre les m\u00e9andres des \u00e9motions qu&#8217;ils traversent. Il concerne aussi leurs proches, qui souhaitent les \u00e9pauler dans ce douloureux moment.<\/p>\n","protected":false},"excerpt":{"rendered":"<p>La perte d&#8217;un \u00eatre cher est sans nul doute une des \u00e9preuves les plus difficiles de la vie. Elle provoque une souffrance dure, crue et profond\u00e9ment intime que chaque individu vit et traverse tant bien que mal, \u00e0 sa mani\u00e8re, en essayant de faire son deuil. C&#8217;est un processus int\u00e9rieur tr\u00e8s personnel qui commence alors. [&hellip;]<\/p>\n","protected":false},"featured_media":9911,"template":"","meta":{"wds_primary_product_brand":0,"wds_primary_product_cat":0,"wds_primary_maison_dedition":0},"product_brand":[],"product_cat":[586,557,561],"product_tag":[],"maison_dedition":[541],"class_list":{"0":"post-9913","1":"product","2":"type-product","3":"status-publish","4":"has-post-thumbnail","6":"product_cat-bien-etre-et-sante-pratique","7":"product_cat-pratique","8":"product_cat-psychologie","9":"maison_dedition-les-editions-coup-doeil","11":"first","12":"instock","13":"taxable","14":"shipping-taxable","15":"purchasable","16":"product-type-variable"},"bundled_by":[],"bundle_stock_status":"instock","bundle_stock_quantity":null,"bundle_virtual":false,"bundle_layout":"","bundle_add_to_cart_form_location":"","bundle_editable_in_cart":false,"bundle_sold_individually_context":"","bundle_item_grouping":"","bundle_min_size":"","bundle_max_size":"","bundle_price":[],"bundled_items":[],"bundle_sell_ids":[],"acf":[],"_links":{"self":[{"href":"https:\/\/goelette.ca\/en\/wp-json\/wp\/v2\/product\/9913","targetHints":{"allow":["GET"]}}],"collection":[{"href":"https:\/\/goelette.ca\/en\/wp-json\/wp\/v2\/product"}],"about":[{"href":"https:\/\/goelette.ca\/en\/wp-json\/wp\/v2\/types\/product"}],"wp:featuredmedia":[{"embeddable":true,"href":"https:\/\/goelette.ca\/en\/wp-json\/wp\/v2\/media\/9911"}],"wp:attachment":[{"href":"https:\/\/goelette.ca\/en\/wp-json\/wp\/v2\/media?parent=9913"}],"wp:term":[{"taxonomy":"product_brand","embeddable":true,"href":"https:\/\/goelette.ca\/en\/wp-json\/wp\/v2\/product_brand?post=9913"},{"taxonomy":"product_cat","embeddable":true,"href":"https:\/\/goelette.ca\/en\/wp-json\/wp\/v2\/product_cat?post=9913"},{"taxonomy":"product_tag","embeddable":true,"href":"https:\/\/goelette.ca\/en\/wp-json\/wp\/v2\/product_tag?post=9913"},{"taxonomy":"maison_dedition","embeddable":true,"href":"https:\/\/goelette.ca\/en\/wp-json\/wp\/v2\/maison_dedition?post=9913"}],"curies":[{"name":"wp","href":"https:\/\/api.w.org\/{rel}","templated":true}]}}