{"id":97653,"date":"2025-04-09T00:01:06","date_gmt":"2025-04-09T04:01:06","guid":{"rendered":"https:\/\/goelette.ca\/?post_type=product&#038;p=97653"},"modified":"2025-03-25T08:54:24","modified_gmt":"2025-03-25T12:54:24","slug":"mots-croises-thematiques-vol-1","status":"publish","type":"product","link":"https:\/\/goelette.ca\/en\/tous-les-livres\/mots-croises-thematiques-vol-1\/","title":{"rendered":"Mots crois\u00e9s th\u00e9matiques vol. 1"},"content":{"rendered":"<p>Au fil des pages, explorez 75 th\u00e8mes vari\u00e9s li\u00e9s \u00e0 l\u2019art, \u00e0 l\u2019histoire, \u00e0 la g\u00e9ographie et plusieurs autres sujets.<\/p>\n<p>De quoi mettre vos connaissances g\u00e9n\u00e9rales au d\u00e9fi !<\/p>\n<p>SAUREZ-VOUS METTRE LE DOIGT SUR LE MOT JUSTE \u00c0 TOUT COUP ?<\/p>\n<p><em>Professeur de physique retrait\u00e9, Normand Beaudoin a fait ses premiers pas de verbicruciste en mariant la science et la langue afin de b\u00e2tir des grilles th\u00e9matiques pour ses \u00e9tudiants. Depuis, divers p\u00e9riodiques et journaux r\u00e9gionaux ont publi\u00e9 ses mots crois\u00e9s. Ce livre vous offre ses plus r\u00e9centes cr\u00e9ations.<\/em><\/p>\n","protected":false},"excerpt":{"rendered":"<p>Au fil des pages, explorez 75 th\u00e8mes vari\u00e9s li\u00e9s \u00e0 l\u2019art, \u00e0 l\u2019histoire, \u00e0 la g\u00e9ographie et plusieurs autres sujets. De quoi mettre vos connaissances g\u00e9n\u00e9rales au d\u00e9fi ! SAUREZ-VOUS METTRE LE DOIGT SUR LE MOT JUSTE \u00c0 TOUT COUP ? Professeur de physique retrait\u00e9, Normand Beaudoin a fait ses premiers pas de verbicruciste en [&hellip;]<\/p>\n","protected":false},"featured_media":97657,"template":"","meta":{"wds_primary_product_brand":0,"wds_primary_product_cat":0,"wds_primary_maison_dedition":0},"product_brand":[],"product_cat":[566,629],"product_tag":[],"maison_dedition":[630],"class_list":{"0":"post-97653","1":"product","2":"type-product","3":"status-publish","4":"has-post-thumbnail","6":"product_cat-livres-de-jeux","7":"product_cat-mots-croises","8":"pa_auteur-normand-beaudoin","9":"maison_dedition-les-editions-goelette","11":"first","12":"instock","13":"taxable","14":"shipping-taxable","15":"purchasable","16":"product-type-variable"},"bundled_by":[],"bundle_stock_status":"instock","bundle_stock_quantity":null,"bundle_virtual":false,"bundle_layout":"","bundle_add_to_cart_form_location":"","bundle_editable_in_cart":false,"bundle_sold_individually_context":"","bundle_item_grouping":"","bundle_min_size":"","bundle_max_size":"","bundle_price":[],"bundled_items":[],"bundle_sell_ids":[],"acf":[],"_links":{"self":[{"href":"https:\/\/goelette.ca\/en\/wp-json\/wp\/v2\/product\/97653","targetHints":{"allow":["GET"]}}],"collection":[{"href":"https:\/\/goelette.ca\/en\/wp-json\/wp\/v2\/product"}],"about":[{"href":"https:\/\/goelette.ca\/en\/wp-json\/wp\/v2\/types\/product"}],"wp:featuredmedia":[{"embeddable":true,"href":"https:\/\/goelette.ca\/en\/wp-json\/wp\/v2\/media\/97657"}],"wp:attachment":[{"href":"https:\/\/goelette.ca\/en\/wp-json\/wp\/v2\/media?parent=97653"}],"wp:term":[{"taxonomy":"product_brand","embeddable":true,"href":"https:\/\/goelette.ca\/en\/wp-json\/wp\/v2\/product_brand?post=97653"},{"taxonomy":"product_cat","embeddable":true,"href":"https:\/\/goelette.ca\/en\/wp-json\/wp\/v2\/product_cat?post=97653"},{"taxonomy":"product_tag","embeddable":true,"href":"https:\/\/goelette.ca\/en\/wp-json\/wp\/v2\/product_tag?post=97653"},{"taxonomy":"maison_dedition","embeddable":true,"href":"https:\/\/goelette.ca\/en\/wp-json\/wp\/v2\/maison_dedition?post=97653"}],"curies":[{"name":"wp","href":"https:\/\/api.w.org\/{rel}","templated":true}]}}