{"id":97617,"date":"2024-03-22T10:48:49","date_gmt":"2024-03-22T14:48:49","guid":{"rendered":"https:\/\/goelette.ca\/?post_type=product&#038;p=97617"},"modified":"2024-05-15T10:49:17","modified_gmt":"2024-05-15T14:49:17","slug":"le-secret-de-dieu-tome-2-le-tresor-enfoui","status":"publish","type":"product","link":"https:\/\/goelette.ca\/en\/tous-les-livres\/le-secret-de-dieu-tome-2-le-tresor-enfoui\/","title":{"rendered":"Le Secret de Dieu Tome 2 &#8211; Le tr\u00e9sor enfoui"},"content":{"rendered":"<p>Bien qu\u2019ils aient \u00e9chapp\u00e9 \u00e0 des pi\u00e8ges infernaux dans les d\u00e9dales d\u2019Ottawa et aux chutes du Niagara, l\u2019agente sp\u00e9ciale Kristen Vale et l\u2019historien et cryptologue Quentin DeFoix doivent poursuivre leur mission. Le temps est compt\u00e9 et leurs opposants ne les laisseront pas faire facilement. Pendant que leur enqu\u00eate les entra\u00eene toujours plus loin dans le pass\u00e9 et dans les souterrains cach\u00e9s de Montr\u00e9al, le neveu ador\u00e9 de Kristen, Grady, dont l\u2019\u00e9tat de sant\u00e9 est fort inqui\u00e9tant, per\u00e7oit d\u2019\u00e9tranges ph\u00e9nom\u00e8nes que personne d\u2019autre ne semble comprendre.<\/p>\n<p>Thriller policier, politique et religieux, <em>Le Secret de Dieu<\/em> tisse des liens entre la fondation de Montr\u00e9al, la visite au Canada du romancier Charles Dickens il y a pr\u00e8s de deux cents ans, le naufrage de l\u2019<em>Empress of Ireland<\/em> au large de Rimouski en 1914 et la d\u00e9couverte r\u00e9cente d\u2019armes biologiques en Ouzb\u00e9kistan, autant de traces laiss\u00e9es par une guerre sainte livr\u00e9e pour la possession d\u2019un secret qui d\u00e9voilerait la v\u00e9ritable nature de Dieu\u2026<\/p>\n","protected":false},"excerpt":{"rendered":"<p>Bien qu\u2019ils aient \u00e9chapp\u00e9 \u00e0 des pi\u00e8ges infernaux dans les d\u00e9dales d\u2019Ottawa et aux chutes du Niagara, l\u2019agente sp\u00e9ciale Kristen Vale et l\u2019historien et cryptologue Quentin DeFoix doivent poursuivre leur mission. Le temps est compt\u00e9 et leurs opposants ne les laisseront pas faire facilement. Pendant que leur enqu\u00eate les entra\u00eene toujours plus loin dans le [&hellip;]<\/p>\n","protected":false},"featured_media":97622,"template":"","meta":{"wds_primary_product_brand":0,"wds_primary_product_cat":0,"wds_primary_maison_dedition":0},"product_brand":[],"product_cat":[546,542],"product_tag":[],"maison_dedition":[630],"class_list":{"0":"post-97617","1":"product","2":"type-product","3":"status-publish","4":"has-post-thumbnail","6":"product_cat-policier-thriller","7":"product_cat-roman","8":"pa_auteur-yves-laliberte","9":"maison_dedition-les-editions-goelette","11":"first","12":"instock","13":"taxable","14":"shipping-taxable","15":"purchasable","16":"product-type-variable","17":"has-default-attributes"},"bundled_by":[],"bundle_stock_status":"instock","bundle_stock_quantity":null,"bundle_virtual":false,"bundle_layout":"","bundle_add_to_cart_form_location":"","bundle_editable_in_cart":false,"bundle_sold_individually_context":"","bundle_item_grouping":"","bundle_min_size":"","bundle_max_size":"","bundle_price":[],"bundled_items":[],"bundle_sell_ids":[],"acf":[],"_links":{"self":[{"href":"https:\/\/goelette.ca\/en\/wp-json\/wp\/v2\/product\/97617","targetHints":{"allow":["GET"]}}],"collection":[{"href":"https:\/\/goelette.ca\/en\/wp-json\/wp\/v2\/product"}],"about":[{"href":"https:\/\/goelette.ca\/en\/wp-json\/wp\/v2\/types\/product"}],"wp:featuredmedia":[{"embeddable":true,"href":"https:\/\/goelette.ca\/en\/wp-json\/wp\/v2\/media\/97622"}],"wp:attachment":[{"href":"https:\/\/goelette.ca\/en\/wp-json\/wp\/v2\/media?parent=97617"}],"wp:term":[{"taxonomy":"product_brand","embeddable":true,"href":"https:\/\/goelette.ca\/en\/wp-json\/wp\/v2\/product_brand?post=97617"},{"taxonomy":"product_cat","embeddable":true,"href":"https:\/\/goelette.ca\/en\/wp-json\/wp\/v2\/product_cat?post=97617"},{"taxonomy":"product_tag","embeddable":true,"href":"https:\/\/goelette.ca\/en\/wp-json\/wp\/v2\/product_tag?post=97617"},{"taxonomy":"maison_dedition","embeddable":true,"href":"https:\/\/goelette.ca\/en\/wp-json\/wp\/v2\/maison_dedition?post=97617"}],"curies":[{"name":"wp","href":"https:\/\/api.w.org\/{rel}","templated":true}]}}