{"id":9430,"date":"2016-01-08T01:00:00","date_gmt":"2021-10-04T18:20:04","guid":{"rendered":"https:\/\/www.goelette.ca\/produit\/le-tresor-darnold\/"},"modified":"2022-04-29T13:38:30","modified_gmt":"2022-04-29T17:38:30","slug":"le-tresor-darnold","status":"publish","type":"product","link":"https:\/\/goelette.ca\/en\/tous-les-livres\/le-tresor-darnold\/","title":{"rendered":"Le tr\u00e9sor d&#8217;Arnold"},"content":{"rendered":"<p><span style=\"font-size: 14px;\">\u00c0 l&#8217;automne 1775, \u00e0 la demande de George Washington, le colonel am\u00e9ricain Benedict Arnold prend la t\u00eate d&#8217;une arm\u00e9e de 1110 hommes et de quelques femmes. Il est charg\u00e9 de s&#8217;emparer de la ville de Qu\u00e9bec en suivant le trajet m\u00e9connu des vall\u00e9es de la rivi\u00e8re K\u00e9n\u00e9bec, dans le Maine, et de la rivi\u00e8re Chaudi\u00e8re, au Canada.<\/span><\/p>\n<p><span style=\"font-size: 14px;\">Cette exp\u00e9dition, bien que difficile, se r\u00e9v\u00e9lera \u00eatre la plus grande aventure que le fougueux colonel aura connue. Le chemin est parsem\u00e9 d&#8217;emb\u00fbches, d&#8217;autant plus qu&#8217;Arnold se voit forcer de dissimuler un fabuleux tr\u00e9sor par la m\u00eame occasion. Heureusement, l&#8217;amour croisera aussi sa route&#8230;<\/span><\/p>\n<p><span style=\"font-size: 14px;\">Inspir\u00e9 par la l\u00e9gende du tr\u00e9sor d&#8217;Arnold, ce r\u00e9cit relate les exploits de celui consid\u00e9r\u00e9 comme un tra\u00eetre par certains, ou comme un h\u00e9ros d\u00e9chu par d&#8217;autres. Guid\u00e9s par la plume chevronn\u00e9e d&#8217;Andr\u00e9 Mathieu, vous serez emport\u00e9s par les h\u00e9roismes militaires et les histoires romantiques de ce personnage stup\u00e9fiant, mais aussi par ses malversations et ses dissimulations, dans ce roman o\u00f9 se m\u00ealent sentiments, humour, guerre et jeux de pouvoir.<\/span><\/p>\n<p><span style=\"font-size: 14px;\">N\u00e9 en Beauce, Andr\u00e9 Mathieu a \u00e9t\u00e9 enseignant et commer\u00e7ant en plus d&#8217;\u00eatre auteur, \u00e9diteur et distributeur. Auteur prolifique, il compte plus de 60 publications dans sa longue carri\u00e8re, dont la plus c\u00e9l\u00e8bre est sans doute Aurore, l&#8217;enfant martyre.<\/span><\/p>\n","protected":false},"excerpt":{"rendered":"<p>\u00c0 l&#8217;automne 1775, \u00e0 la demande de George Washington, le colonel am\u00e9ricain Benedict Arnold prend la t\u00eate d&#8217;une arm\u00e9e de 1110 hommes et de quelques femmes. Il est charg\u00e9 de s&#8217;emparer de la ville de Qu\u00e9bec en suivant le trajet m\u00e9connu des vall\u00e9es de la rivi\u00e8re K\u00e9n\u00e9bec, dans le Maine, et de la rivi\u00e8re Chaudi\u00e8re, [&hellip;]<\/p>\n","protected":false},"featured_media":9428,"template":"","meta":{"wds_primary_product_brand":0,"wds_primary_product_cat":0,"wds_primary_maison_dedition":0},"product_brand":[],"product_cat":[543,542],"product_tag":[],"maison_dedition":[541],"class_list":{"0":"post-9430","1":"product","2":"type-product","3":"status-publish","4":"has-post-thumbnail","6":"product_cat-historique","7":"product_cat-roman","8":"pa_auteur-andre-mathieu","9":"maison_dedition-les-editions-coup-doeil","11":"first","12":"instock","13":"taxable","14":"shipping-taxable","15":"purchasable","16":"product-type-variable"},"bundled_by":[],"bundle_stock_status":"instock","bundle_stock_quantity":null,"bundle_virtual":false,"bundle_layout":"","bundle_add_to_cart_form_location":"","bundle_editable_in_cart":false,"bundle_sold_individually_context":"","bundle_item_grouping":"","bundle_min_size":"","bundle_max_size":"","bundle_price":[],"bundled_items":[],"bundle_sell_ids":[],"acf":[],"_links":{"self":[{"href":"https:\/\/goelette.ca\/en\/wp-json\/wp\/v2\/product\/9430","targetHints":{"allow":["GET"]}}],"collection":[{"href":"https:\/\/goelette.ca\/en\/wp-json\/wp\/v2\/product"}],"about":[{"href":"https:\/\/goelette.ca\/en\/wp-json\/wp\/v2\/types\/product"}],"wp:featuredmedia":[{"embeddable":true,"href":"https:\/\/goelette.ca\/en\/wp-json\/wp\/v2\/media\/9428"}],"wp:attachment":[{"href":"https:\/\/goelette.ca\/en\/wp-json\/wp\/v2\/media?parent=9430"}],"wp:term":[{"taxonomy":"product_brand","embeddable":true,"href":"https:\/\/goelette.ca\/en\/wp-json\/wp\/v2\/product_brand?post=9430"},{"taxonomy":"product_cat","embeddable":true,"href":"https:\/\/goelette.ca\/en\/wp-json\/wp\/v2\/product_cat?post=9430"},{"taxonomy":"product_tag","embeddable":true,"href":"https:\/\/goelette.ca\/en\/wp-json\/wp\/v2\/product_tag?post=9430"},{"taxonomy":"maison_dedition","embeddable":true,"href":"https:\/\/goelette.ca\/en\/wp-json\/wp\/v2\/maison_dedition?post=9430"}],"curies":[{"name":"wp","href":"https:\/\/api.w.org\/{rel}","templated":true}]}}