{"id":9427,"date":"2016-01-08T01:00:00","date_gmt":"2021-10-04T18:20:03","guid":{"rendered":"https:\/\/www.goelette.ca\/produit\/aurore\/"},"modified":"2022-04-29T13:38:26","modified_gmt":"2022-04-29T17:38:26","slug":"aurore","status":"publish","type":"product","link":"https:\/\/goelette.ca\/en\/tous-les-livres\/aurore\/","title":{"rendered":"Aurore"},"content":{"rendered":"<p style=\"text-align: center;\"><span style=\"color: #333333;\"><strong><span style=\"font-size: 16px;\">Aurore<\/span><\/strong><\/span><\/p>\n<p style=\"text-align: center;\"><span style=\"font-size: 16px; color: #333333;\"><strong>La vraie histoire de l&#8217;enfant martyre<\/strong><\/span><\/p>\n<p><span style=\"font-size: 12px; color: #333333;\">Alors que les ann\u00e9es 1910 s&#8217;ach\u00e8vent, la petite Aurore Gagnon vit paisiblement au sein d&#8217;une famille unie, \u00e0 Sainte-Philom\u00e8ne-de-Fortierville. Mais le malheur la guette. La maladie r\u00f4de et emporte sa m\u00e8re, laissant la fillette d\u00e9munie face \u00e0 sa nouvelle belle-m\u00e8re, \u00e9pous\u00e9e \u00e0 la h\u00e2te par T\u00e9lesphore Gagnon.<\/span><\/p>\n<p><span style=\"font-size: 12px; color: #333333;\">Rapidement victime des pires s\u00e9vices mentaux et physiques, la petite se retrouvera alors sans d\u00e9fense, au coeur d&#8217;un drame sans nom, alors que son entourage fermera les yeux sur la situation.<\/span><\/p>\n<p><span style=\"font-size: 12px; color: #333333;\">Gr\u00e2ce \u00e0 cette v\u00e9ritable fresque d&#8217;\u00e9poque s&#8217;\u00e9talant des fian\u00e7ailles de ses parents en 1905, jusqu&#8217;au proc\u00e8s de son p\u00e8re et de sa belle-m\u00e8re en 1920, d\u00e9couvrez tous les \u00e9v\u00e9nements v\u00e9ridiques entourant la trag\u00e9die de la c\u00e9l\u00e8bre enfant martyre qui a marqu\u00e9 l&#8217;imaginaire des Qu\u00e9b\u00e9cois depuis des d\u00e9cennies.<\/span><\/p>\n<p><span style=\"color: #333333;\"><em><span style=\"font-size: 12px;\">N\u00e9e en Beauce, Andr\u00e9e Mathieu a \u00e9t\u00e9 enseignant et commer\u00e7ant en plus d&#8217;\u00eatre auteur, \u00e9diteur et distributeur. Auteur prolifique, il compte plus de 60 publications dans sa longue carri\u00e8re, dont la plus c\u00e9l\u00e8bre est sans doute <\/span><\/em><span style=\"font-size: 12px;\">Aurore<\/span><em><span style=\"font-size: 12px;\">, l&#8217;enfant martyre.<\/span><\/em><\/span><\/p>\n","protected":false},"excerpt":{"rendered":"<p>Aurore La vraie histoire de l&#8217;enfant martyre Alors que les ann\u00e9es 1910 s&#8217;ach\u00e8vent, la petite Aurore Gagnon vit paisiblement au sein d&#8217;une famille unie, \u00e0 Sainte-Philom\u00e8ne-de-Fortierville. Mais le malheur la guette. La maladie r\u00f4de et emporte sa m\u00e8re, laissant la fillette d\u00e9munie face \u00e0 sa nouvelle belle-m\u00e8re, \u00e9pous\u00e9e \u00e0 la h\u00e2te par T\u00e9lesphore Gagnon. Rapidement [&hellip;]<\/p>\n","protected":false},"featured_media":9425,"template":"","meta":{"wds_primary_product_brand":0,"wds_primary_product_cat":0,"wds_primary_maison_dedition":0},"product_brand":[],"product_cat":[543,542],"product_tag":[],"maison_dedition":[541],"class_list":{"0":"post-9427","1":"product","2":"type-product","3":"status-publish","4":"has-post-thumbnail","6":"product_cat-historique","7":"product_cat-roman","8":"pa_auteur-andre-mathieu","9":"maison_dedition-les-editions-coup-doeil","11":"first","12":"instock","13":"taxable","14":"shipping-taxable","15":"purchasable","16":"product-type-variable"},"bundled_by":[],"bundle_stock_status":"instock","bundle_stock_quantity":null,"bundle_virtual":false,"bundle_layout":"","bundle_add_to_cart_form_location":"","bundle_editable_in_cart":false,"bundle_sold_individually_context":"","bundle_item_grouping":"","bundle_min_size":"","bundle_max_size":"","bundle_price":[],"bundled_items":[],"bundle_sell_ids":[],"acf":[],"_links":{"self":[{"href":"https:\/\/goelette.ca\/en\/wp-json\/wp\/v2\/product\/9427","targetHints":{"allow":["GET"]}}],"collection":[{"href":"https:\/\/goelette.ca\/en\/wp-json\/wp\/v2\/product"}],"about":[{"href":"https:\/\/goelette.ca\/en\/wp-json\/wp\/v2\/types\/product"}],"wp:featuredmedia":[{"embeddable":true,"href":"https:\/\/goelette.ca\/en\/wp-json\/wp\/v2\/media\/9425"}],"wp:attachment":[{"href":"https:\/\/goelette.ca\/en\/wp-json\/wp\/v2\/media?parent=9427"}],"wp:term":[{"taxonomy":"product_brand","embeddable":true,"href":"https:\/\/goelette.ca\/en\/wp-json\/wp\/v2\/product_brand?post=9427"},{"taxonomy":"product_cat","embeddable":true,"href":"https:\/\/goelette.ca\/en\/wp-json\/wp\/v2\/product_cat?post=9427"},{"taxonomy":"product_tag","embeddable":true,"href":"https:\/\/goelette.ca\/en\/wp-json\/wp\/v2\/product_tag?post=9427"},{"taxonomy":"maison_dedition","embeddable":true,"href":"https:\/\/goelette.ca\/en\/wp-json\/wp\/v2\/maison_dedition?post=9427"}],"curies":[{"name":"wp","href":"https:\/\/api.w.org\/{rel}","templated":true}]}}