{"id":9418,"date":"2018-10-11T01:00:00","date_gmt":"2018-10-11T05:00:00","guid":{"rendered":"https:\/\/www.goelette.ca\/produit\/le-manuel-des-noeuds\/"},"modified":"2023-12-01T15:00:44","modified_gmt":"2023-12-01T20:00:44","slug":"le-manuel-des-noeuds","status":"publish","type":"product","link":"https:\/\/goelette.ca\/en\/tous-les-livres\/le-manuel-des-noeuds\/","title":{"rendered":"Le manuel des noeuds"},"content":{"rendered":"<p>Ce manuel indispensable pr\u00e9sente plus de 100 noeuds accompagn\u00e9s d&#8217;un mode d&#8217;emploi clair et de conseils pour leur utilisation ; que ce soit pour l&#8217;usage quotidien, le camping, l&#8217;escalade ou la sp\u00e9l\u00e9ologie, le nautisme, la p\u00eache, l&#8217;\u00e9quitation ou le bricolage.<\/p>\n<p>Des sch\u00e9mas pr\u00e9cis \u00e0 suivre \u00e9tape par \u00e9tape vous aideront \u00e0 r\u00e9aliser toutes sortes de noeuds, tandis que des astuces vous indiqueront comment les faire et les d\u00e9faire sans difficult\u00e9.<\/p>\n<p>R\u00e9ussissez vos noeuds \u00e0 tout coup !<\/p>\n","protected":false},"excerpt":{"rendered":"<p>Ce manuel indispensable pr\u00e9sente plus de 100 noeuds accompagn\u00e9s d&#8217;un mode d&#8217;emploi clair et de conseils pour leur utilisation ; que ce soit pour l&#8217;usage quotidien, le camping, l&#8217;escalade ou la sp\u00e9l\u00e9ologie, le nautisme, la p\u00eache, l&#8217;\u00e9quitation ou le bricolage. Des sch\u00e9mas pr\u00e9cis \u00e0 suivre \u00e9tape par \u00e9tape vous aideront \u00e0 r\u00e9aliser toutes sortes de [&hellip;]<\/p>\n","protected":false},"featured_media":9416,"template":"","meta":{"wds_primary_product_brand":0,"wds_primary_product_cat":0,"wds_primary_maison_dedition":0},"product_brand":[],"product_cat":[557,558],"product_tag":[],"maison_dedition":[541],"class_list":{"0":"post-9418","1":"product","2":"type-product","3":"status-publish","4":"has-post-thumbnail","6":"product_cat-pratique","7":"product_cat-sports-et-loisirs","8":"pa_auteur-collectif","9":"maison_dedition-les-editions-coup-doeil","11":"first","12":"instock","13":"taxable","14":"shipping-taxable","15":"purchasable","16":"product-type-variable"},"bundled_by":[],"bundle_stock_status":"instock","bundle_stock_quantity":null,"bundle_virtual":false,"bundle_layout":"","bundle_add_to_cart_form_location":"","bundle_editable_in_cart":false,"bundle_sold_individually_context":"","bundle_item_grouping":"","bundle_min_size":"","bundle_max_size":"","bundle_price":[],"bundled_items":[],"bundle_sell_ids":[],"acf":[],"_links":{"self":[{"href":"https:\/\/goelette.ca\/en\/wp-json\/wp\/v2\/product\/9418","targetHints":{"allow":["GET"]}}],"collection":[{"href":"https:\/\/goelette.ca\/en\/wp-json\/wp\/v2\/product"}],"about":[{"href":"https:\/\/goelette.ca\/en\/wp-json\/wp\/v2\/types\/product"}],"wp:featuredmedia":[{"embeddable":true,"href":"https:\/\/goelette.ca\/en\/wp-json\/wp\/v2\/media\/9416"}],"wp:attachment":[{"href":"https:\/\/goelette.ca\/en\/wp-json\/wp\/v2\/media?parent=9418"}],"wp:term":[{"taxonomy":"product_brand","embeddable":true,"href":"https:\/\/goelette.ca\/en\/wp-json\/wp\/v2\/product_brand?post=9418"},{"taxonomy":"product_cat","embeddable":true,"href":"https:\/\/goelette.ca\/en\/wp-json\/wp\/v2\/product_cat?post=9418"},{"taxonomy":"product_tag","embeddable":true,"href":"https:\/\/goelette.ca\/en\/wp-json\/wp\/v2\/product_tag?post=9418"},{"taxonomy":"maison_dedition","embeddable":true,"href":"https:\/\/goelette.ca\/en\/wp-json\/wp\/v2\/maison_dedition?post=9418"}],"curies":[{"name":"wp","href":"https:\/\/api.w.org\/{rel}","templated":true}]}}