{"id":9292,"date":"2014-10-15T01:00:00","date_gmt":"2021-10-04T18:18:10","guid":{"rendered":"https:\/\/www.goelette.ca\/produit\/paula-tome-4\/"},"modified":"2022-04-29T13:37:43","modified_gmt":"2022-04-29T17:37:43","slug":"paula-tome-4","status":"publish","type":"product","link":"https:\/\/goelette.ca\/en\/tous-les-livres\/paula-tome-4\/","title":{"rendered":"Paula tome 4"},"content":{"rendered":"<p>Femme de toutes les conqu\u00eates, Paula a d\u00e9cid\u00e9 de relever un nouveau d\u00e9fi : faire le tour du monde. Ses enfants sont grands d\u00e9sormais, et plus rien ne la retient\u2026 Elle se lance alors dans une grande aventure, o\u00f9 elle r\u00e9alisera bien vite que l\u2019argent ne peut pas tout acheter. De ville en ville et de pays en pays, la femme d\u2019affaires devra revoir ses principes et \u00e9largir ses horizons, parfois douloureusement. Pourtant, une nouvelle vision des choses pourrait lui apporter beaucoup plus que des d\u00e9ceptions\u2026 \u00c0 l\u2019heure de la mondialisation, Une chaumi\u00e8re et un coeur vous fera r\u00eaver d\u2019\u00e9vasion et vous plongera au coeur de l\u2019\u00e9veil d\u2019une femme lib\u00e9r\u00e9e.<\/p>\n","protected":false},"excerpt":{"rendered":"<p>Femme de toutes les conqu\u00eates, Paula a d\u00e9cid\u00e9 de relever un nouveau d\u00e9fi : faire le tour du monde. Ses enfants sont grands d\u00e9sormais, et plus rien ne la retient\u2026 Elle se lance alors dans une grande aventure, o\u00f9 elle r\u00e9alisera bien vite que l\u2019argent ne peut pas tout acheter. De ville en ville et [&hellip;]<\/p>\n","protected":false},"featured_media":9290,"template":"","meta":{"wds_primary_product_brand":0,"wds_primary_product_cat":0,"wds_primary_maison_dedition":0},"product_brand":[],"product_cat":[543,542],"product_tag":[],"maison_dedition":[541],"class_list":{"0":"post-9292","1":"product","2":"type-product","3":"status-publish","4":"has-post-thumbnail","6":"product_cat-historique","7":"product_cat-roman","8":"pa_auteur-andre-mathieu","9":"maison_dedition-les-editions-coup-doeil","11":"first","12":"instock","13":"taxable","14":"shipping-taxable","15":"purchasable","16":"product-type-variable"},"bundled_by":[],"bundle_stock_status":"instock","bundle_stock_quantity":null,"bundle_virtual":false,"bundle_layout":"","bundle_add_to_cart_form_location":"","bundle_editable_in_cart":false,"bundle_sold_individually_context":"","bundle_item_grouping":"","bundle_min_size":"","bundle_max_size":"","bundle_price":[],"bundled_items":[],"bundle_sell_ids":[],"acf":[],"_links":{"self":[{"href":"https:\/\/goelette.ca\/en\/wp-json\/wp\/v2\/product\/9292","targetHints":{"allow":["GET"]}}],"collection":[{"href":"https:\/\/goelette.ca\/en\/wp-json\/wp\/v2\/product"}],"about":[{"href":"https:\/\/goelette.ca\/en\/wp-json\/wp\/v2\/types\/product"}],"wp:featuredmedia":[{"embeddable":true,"href":"https:\/\/goelette.ca\/en\/wp-json\/wp\/v2\/media\/9290"}],"wp:attachment":[{"href":"https:\/\/goelette.ca\/en\/wp-json\/wp\/v2\/media?parent=9292"}],"wp:term":[{"taxonomy":"product_brand","embeddable":true,"href":"https:\/\/goelette.ca\/en\/wp-json\/wp\/v2\/product_brand?post=9292"},{"taxonomy":"product_cat","embeddable":true,"href":"https:\/\/goelette.ca\/en\/wp-json\/wp\/v2\/product_cat?post=9292"},{"taxonomy":"product_tag","embeddable":true,"href":"https:\/\/goelette.ca\/en\/wp-json\/wp\/v2\/product_tag?post=9292"},{"taxonomy":"maison_dedition","embeddable":true,"href":"https:\/\/goelette.ca\/en\/wp-json\/wp\/v2\/maison_dedition?post=9292"}],"curies":[{"name":"wp","href":"https:\/\/api.w.org\/{rel}","templated":true}]}}