{"id":9289,"date":"2014-10-15T01:00:00","date_gmt":"2021-10-04T18:18:07","guid":{"rendered":"https:\/\/www.goelette.ca\/produit\/paula-tome-3\/"},"modified":"2022-04-29T13:37:42","modified_gmt":"2022-04-29T17:37:42","slug":"paula-tome-3","status":"publish","type":"product","link":"https:\/\/goelette.ca\/en\/tous-les-livres\/paula-tome-3\/","title":{"rendered":"Paula tome 3"},"content":{"rendered":"<p>Bien qu\u2019elle pleure toujours la perte d\u2019\u00eatres chers, Paula est pr\u00eate \u00e0 r\u00e9aliser son plus grand r\u00eave et \u00e0 se lancer en affaires. Mais alors que les profits s\u2019accumulent peu \u00e0 peu et que son entreprise gagne en prestige, sa vie de famille s\u2019effrite. \u00c0 l\u2019aube des ann\u00e9es 1970, les femmes ne peuvent conqu\u00e9rir le monde des affaires sans heurts. C\u2019est l\u2019\u00e9poque des choix, parfois cruels, entre la vie plus conventionnelle des femmes au foyer et la grande libert\u00e9 financi\u00e8re, h\u00e9ritage de l\u2019\u00e9mancipation des g\u00e9n\u00e9rations pr\u00e9c\u00e9dentes. Reste \u00e0 savoir si Paula pourra surmonter le d\u00e9fi et r\u00e9ussir \u00e0 concilier ces deux pans de sa vie. Reflet d\u2019une \u00e9poque o\u00f9 le Qu\u00e9bec s\u2019affirme de plus en plus en tant que peuple, Femme d\u2019avenir vous m\u00e8nera sur le chemin choisi par une dame qui saura vous charmer par sa d\u00e9termination et sa force de caract\u00e8re.<\/p>\n","protected":false},"excerpt":{"rendered":"<p>Bien qu\u2019elle pleure toujours la perte d\u2019\u00eatres chers, Paula est pr\u00eate \u00e0 r\u00e9aliser son plus grand r\u00eave et \u00e0 se lancer en affaires. Mais alors que les profits s\u2019accumulent peu \u00e0 peu et que son entreprise gagne en prestige, sa vie de famille s\u2019effrite. \u00c0 l\u2019aube des ann\u00e9es 1970, les femmes ne peuvent conqu\u00e9rir le [&hellip;]<\/p>\n","protected":false},"featured_media":9287,"template":"","meta":{"wds_primary_product_brand":0,"wds_primary_product_cat":0,"wds_primary_maison_dedition":0},"product_brand":[],"product_cat":[543,542],"product_tag":[],"maison_dedition":[541],"class_list":{"0":"post-9289","1":"product","2":"type-product","3":"status-publish","4":"has-post-thumbnail","6":"product_cat-historique","7":"product_cat-roman","8":"pa_auteur-andre-mathieu","9":"maison_dedition-les-editions-coup-doeil","11":"first","12":"instock","13":"taxable","14":"shipping-taxable","15":"purchasable","16":"product-type-variable"},"bundled_by":[],"bundle_stock_status":"instock","bundle_stock_quantity":null,"bundle_virtual":false,"bundle_layout":"","bundle_add_to_cart_form_location":"","bundle_editable_in_cart":false,"bundle_sold_individually_context":"","bundle_item_grouping":"","bundle_min_size":"","bundle_max_size":"","bundle_price":[],"bundled_items":[],"bundle_sell_ids":[],"acf":[],"_links":{"self":[{"href":"https:\/\/goelette.ca\/en\/wp-json\/wp\/v2\/product\/9289","targetHints":{"allow":["GET"]}}],"collection":[{"href":"https:\/\/goelette.ca\/en\/wp-json\/wp\/v2\/product"}],"about":[{"href":"https:\/\/goelette.ca\/en\/wp-json\/wp\/v2\/types\/product"}],"wp:featuredmedia":[{"embeddable":true,"href":"https:\/\/goelette.ca\/en\/wp-json\/wp\/v2\/media\/9287"}],"wp:attachment":[{"href":"https:\/\/goelette.ca\/en\/wp-json\/wp\/v2\/media?parent=9289"}],"wp:term":[{"taxonomy":"product_brand","embeddable":true,"href":"https:\/\/goelette.ca\/en\/wp-json\/wp\/v2\/product_brand?post=9289"},{"taxonomy":"product_cat","embeddable":true,"href":"https:\/\/goelette.ca\/en\/wp-json\/wp\/v2\/product_cat?post=9289"},{"taxonomy":"product_tag","embeddable":true,"href":"https:\/\/goelette.ca\/en\/wp-json\/wp\/v2\/product_tag?post=9289"},{"taxonomy":"maison_dedition","embeddable":true,"href":"https:\/\/goelette.ca\/en\/wp-json\/wp\/v2\/maison_dedition?post=9289"}],"curies":[{"name":"wp","href":"https:\/\/api.w.org\/{rel}","templated":true}]}}