{"id":9286,"date":"2014-10-15T01:00:00","date_gmt":"2021-10-04T18:18:05","guid":{"rendered":"https:\/\/www.goelette.ca\/produit\/paula-tome-2\/"},"modified":"2022-04-29T13:37:40","modified_gmt":"2022-04-29T17:37:40","slug":"paula-tome-2","status":"publish","type":"product","link":"https:\/\/goelette.ca\/en\/tous-les-livres\/paula-tome-2\/","title":{"rendered":"Paula tome 2"},"content":{"rendered":"<p>Maintenant \u00e2g\u00e9e de 18 ans, Paula est d\u00e9termin\u00e9e \u00e0 quitter le mode de vie des cultivateurs. Pour elle, la libert\u00e9 n\u2019est plus dans un rang de Saint-Honor\u00e9, mais \u00e0 Saint-Georges, o\u00f9 elle compte bien apprendre le m\u00e9tier de secr\u00e9taire. Fille de son \u00e9poque, Paula sait que le travail est intimement li\u00e9 \u00e0 l\u2019\u00e9mancipation f\u00e9minine. Mais entre ses cours et son nouvel emploi, la jeune femme se laissera-t-elle gagner par les sentiments ? Saura-t-elle trouver le bon pr\u00e9tendant pour le beau mariage auquel elle aspire ? Miroir des moeurs des ann\u00e9es 1950 et 1960, Un beau mariage vous fera grandir au rythme de son h\u00e9ro\u00efne, vous laissant entrevoir des amours de plus en plus libres, m\u00ealant drames et passions.<\/p>\n","protected":false},"excerpt":{"rendered":"<p>Maintenant \u00e2g\u00e9e de 18 ans, Paula est d\u00e9termin\u00e9e \u00e0 quitter le mode de vie des cultivateurs. Pour elle, la libert\u00e9 n\u2019est plus dans un rang de Saint-Honor\u00e9, mais \u00e0 Saint-Georges, o\u00f9 elle compte bien apprendre le m\u00e9tier de secr\u00e9taire. Fille de son \u00e9poque, Paula sait que le travail est intimement li\u00e9 \u00e0 l\u2019\u00e9mancipation f\u00e9minine. Mais [&hellip;]<\/p>\n","protected":false},"featured_media":9284,"template":"","meta":{"wds_primary_product_brand":0,"wds_primary_product_cat":0,"wds_primary_maison_dedition":0},"product_brand":[],"product_cat":[543,542],"product_tag":[],"maison_dedition":[541],"class_list":{"0":"post-9286","1":"product","2":"type-product","3":"status-publish","4":"has-post-thumbnail","6":"product_cat-historique","7":"product_cat-roman","8":"pa_auteur-andre-mathieu","9":"maison_dedition-les-editions-coup-doeil","11":"first","12":"instock","13":"taxable","14":"shipping-taxable","15":"purchasable","16":"product-type-variable"},"bundled_by":[],"bundle_stock_status":"instock","bundle_stock_quantity":null,"bundle_virtual":false,"bundle_layout":"","bundle_add_to_cart_form_location":"","bundle_editable_in_cart":false,"bundle_sold_individually_context":"","bundle_item_grouping":"","bundle_min_size":"","bundle_max_size":"","bundle_price":[],"bundled_items":[],"bundle_sell_ids":[],"acf":[],"_links":{"self":[{"href":"https:\/\/goelette.ca\/en\/wp-json\/wp\/v2\/product\/9286","targetHints":{"allow":["GET"]}}],"collection":[{"href":"https:\/\/goelette.ca\/en\/wp-json\/wp\/v2\/product"}],"about":[{"href":"https:\/\/goelette.ca\/en\/wp-json\/wp\/v2\/types\/product"}],"wp:featuredmedia":[{"embeddable":true,"href":"https:\/\/goelette.ca\/en\/wp-json\/wp\/v2\/media\/9284"}],"wp:attachment":[{"href":"https:\/\/goelette.ca\/en\/wp-json\/wp\/v2\/media?parent=9286"}],"wp:term":[{"taxonomy":"product_brand","embeddable":true,"href":"https:\/\/goelette.ca\/en\/wp-json\/wp\/v2\/product_brand?post=9286"},{"taxonomy":"product_cat","embeddable":true,"href":"https:\/\/goelette.ca\/en\/wp-json\/wp\/v2\/product_cat?post=9286"},{"taxonomy":"product_tag","embeddable":true,"href":"https:\/\/goelette.ca\/en\/wp-json\/wp\/v2\/product_tag?post=9286"},{"taxonomy":"maison_dedition","embeddable":true,"href":"https:\/\/goelette.ca\/en\/wp-json\/wp\/v2\/maison_dedition?post=9286"}],"curies":[{"name":"wp","href":"https:\/\/api.w.org\/{rel}","templated":true}]}}