{"id":9283,"date":"2014-10-15T01:00:00","date_gmt":"2021-10-04T18:17:57","guid":{"rendered":"https:\/\/www.goelette.ca\/produit\/paula-tome-1\/"},"modified":"2022-04-29T13:37:38","modified_gmt":"2022-04-29T17:37:38","slug":"paula-tome-1","status":"publish","type":"product","link":"https:\/\/goelette.ca\/en\/tous-les-livres\/paula-tome-1\/","title":{"rendered":"Paula tome 1"},"content":{"rendered":"<p>En plein coeur de la Beauce de 1948, la maladie et la mort r\u00f4dent. Alors que les Nadeau coulent des jours paisibles marqu\u00e9s par les valeurs traditionnelles de la ferme familiale, la tuberculose frappe, et Paula se voit s\u00e9par\u00e9e de sa m\u00e8re malgr\u00e9 elle. Commence d\u00e8s lors la vie adulte pour la fillette de 10 ans, qui doit reprendre les r\u00eanes de la maison. Fi\u00e8re et d\u00e9termin\u00e9e, la jeune fille gagnera en force, au fil des ans, et apprendra \u00e0 surmonter les \u00e9preuves qui se dresseront sur son chemin. Mais la vie ne peut \u00eatre que malheur, tristesse et froideur. Avec un peu de chance, l\u2019amour viendra peut-\u00eatre cogner \u00e0 sa porte\u2026 V\u00e9ritable portrait du Qu\u00e9bec rural du d\u00e9but des ann\u00e9es 1950, La voix de maman saura vous chavirer et vous transporter dans la vie d\u2019une fillette devenue grande plus t\u00f4t que pr\u00e9vu, d\u2019une future femme au destin hors du commun.<\/p>\n","protected":false},"excerpt":{"rendered":"<p>En plein coeur de la Beauce de 1948, la maladie et la mort r\u00f4dent. Alors que les Nadeau coulent des jours paisibles marqu\u00e9s par les valeurs traditionnelles de la ferme familiale, la tuberculose frappe, et Paula se voit s\u00e9par\u00e9e de sa m\u00e8re malgr\u00e9 elle. Commence d\u00e8s lors la vie adulte pour la fillette de 10 [&hellip;]<\/p>\n","protected":false},"featured_media":9281,"template":"","meta":{"wds_primary_product_brand":0,"wds_primary_product_cat":0,"wds_primary_maison_dedition":0},"product_brand":[],"product_cat":[543,542],"product_tag":[],"maison_dedition":[541],"class_list":{"0":"post-9283","1":"product","2":"type-product","3":"status-publish","4":"has-post-thumbnail","6":"product_cat-historique","7":"product_cat-roman","8":"pa_auteur-andre-mathieu","9":"maison_dedition-les-editions-coup-doeil","11":"first","12":"instock","13":"taxable","14":"shipping-taxable","15":"purchasable","16":"product-type-variable"},"bundled_by":[],"bundle_stock_status":"instock","bundle_stock_quantity":null,"bundle_virtual":false,"bundle_layout":"","bundle_add_to_cart_form_location":"","bundle_editable_in_cart":false,"bundle_sold_individually_context":"","bundle_item_grouping":"","bundle_min_size":"","bundle_max_size":"","bundle_price":[],"bundled_items":[],"bundle_sell_ids":[],"acf":[],"_links":{"self":[{"href":"https:\/\/goelette.ca\/en\/wp-json\/wp\/v2\/product\/9283","targetHints":{"allow":["GET"]}}],"collection":[{"href":"https:\/\/goelette.ca\/en\/wp-json\/wp\/v2\/product"}],"about":[{"href":"https:\/\/goelette.ca\/en\/wp-json\/wp\/v2\/types\/product"}],"wp:featuredmedia":[{"embeddable":true,"href":"https:\/\/goelette.ca\/en\/wp-json\/wp\/v2\/media\/9281"}],"wp:attachment":[{"href":"https:\/\/goelette.ca\/en\/wp-json\/wp\/v2\/media?parent=9283"}],"wp:term":[{"taxonomy":"product_brand","embeddable":true,"href":"https:\/\/goelette.ca\/en\/wp-json\/wp\/v2\/product_brand?post=9283"},{"taxonomy":"product_cat","embeddable":true,"href":"https:\/\/goelette.ca\/en\/wp-json\/wp\/v2\/product_cat?post=9283"},{"taxonomy":"product_tag","embeddable":true,"href":"https:\/\/goelette.ca\/en\/wp-json\/wp\/v2\/product_tag?post=9283"},{"taxonomy":"maison_dedition","embeddable":true,"href":"https:\/\/goelette.ca\/en\/wp-json\/wp\/v2\/maison_dedition?post=9283"}],"curies":[{"name":"wp","href":"https:\/\/api.w.org\/{rel}","templated":true}]}}