{"id":9169,"date":"2014-10-15T01:00:00","date_gmt":"2021-10-04T18:16:08","guid":{"rendered":"https:\/\/www.goelette.ca\/produit\/sans-antecedents\/"},"modified":"2026-01-27T08:09:56","modified_gmt":"2026-01-27T13:09:56","slug":"sans-antecedents","status":"publish","type":"product","link":"https:\/\/goelette.ca\/en\/tous-les-livres\/sans-antecedents\/","title":{"rendered":"Sans ant\u00e9c\u00e9dents"},"content":{"rendered":"<p>Un coup de foudre entre deux \u00eatres que tout s\u00e9pare. Thomas, un jeune libraire boh\u00e8me qui encha\u00eene les conqu\u00eates d\u2019un soir, tombe sous le charme de Roxanne, une avocate ambitieuse \u00e0 la recherche d\u2019engagement.<\/p>\n<p>Cependant, leur bonheur est de courte dur\u00e9e : les diff\u00e9rences les rattrapent et la maladie mentale frappe. Commence alors une longue descente aux enfers o\u00f9 la ligne entre les bons et les m\u00e9chants est de plus en plus floue. Chacun ayant sa propre vision des choses, nul ne peut savoir qui provoquera le drame qui plane sur eux. Un v\u00e9ritable thriller amoureux qui vous marquera pour longtemps.<\/p>\n","protected":false},"excerpt":{"rendered":"<p>Un coup de foudre entre deux \u00eatres que tout s\u00e9pare. Thomas, un jeune libraire boh\u00e8me qui encha\u00eene les conqu\u00eates d\u2019un soir, tombe sous le charme de Roxanne, une avocate ambitieuse \u00e0 la recherche d\u2019engagement. Cependant, leur bonheur est de courte dur\u00e9e : les diff\u00e9rences les rattrapent et la maladie mentale frappe. Commence alors une longue [&hellip;]<\/p>\n","protected":false},"featured_media":9167,"template":"","meta":{"wds_primary_product_brand":0,"wds_primary_product_cat":0,"wds_primary_maison_dedition":0},"product_brand":[],"product_cat":[546,542],"product_tag":[],"maison_dedition":[541],"class_list":{"0":"post-9169","1":"product","2":"type-product","3":"status-publish","4":"has-post-thumbnail","6":"product_cat-policier-thriller","7":"product_cat-roman","8":"pa_auteur-sophie-berube","9":"maison_dedition-les-editions-coup-doeil","11":"first","12":"instock","13":"taxable","14":"shipping-taxable","15":"purchasable","16":"product-type-variable"},"bundled_by":[],"bundle_stock_status":"instock","bundle_stock_quantity":null,"bundle_virtual":false,"bundle_layout":"","bundle_add_to_cart_form_location":"","bundle_editable_in_cart":false,"bundle_sold_individually_context":"","bundle_item_grouping":"","bundle_min_size":"","bundle_max_size":"","bundle_price":[],"bundled_items":[],"bundle_sell_ids":[],"acf":[],"_links":{"self":[{"href":"https:\/\/goelette.ca\/en\/wp-json\/wp\/v2\/product\/9169","targetHints":{"allow":["GET"]}}],"collection":[{"href":"https:\/\/goelette.ca\/en\/wp-json\/wp\/v2\/product"}],"about":[{"href":"https:\/\/goelette.ca\/en\/wp-json\/wp\/v2\/types\/product"}],"wp:featuredmedia":[{"embeddable":true,"href":"https:\/\/goelette.ca\/en\/wp-json\/wp\/v2\/media\/9167"}],"wp:attachment":[{"href":"https:\/\/goelette.ca\/en\/wp-json\/wp\/v2\/media?parent=9169"}],"wp:term":[{"taxonomy":"product_brand","embeddable":true,"href":"https:\/\/goelette.ca\/en\/wp-json\/wp\/v2\/product_brand?post=9169"},{"taxonomy":"product_cat","embeddable":true,"href":"https:\/\/goelette.ca\/en\/wp-json\/wp\/v2\/product_cat?post=9169"},{"taxonomy":"product_tag","embeddable":true,"href":"https:\/\/goelette.ca\/en\/wp-json\/wp\/v2\/product_tag?post=9169"},{"taxonomy":"maison_dedition","embeddable":true,"href":"https:\/\/goelette.ca\/en\/wp-json\/wp\/v2\/maison_dedition?post=9169"}],"curies":[{"name":"wp","href":"https:\/\/api.w.org\/{rel}","templated":true}]}}