{"id":9094,"date":"2014-10-15T01:00:00","date_gmt":"2021-10-04T18:15:16","guid":{"rendered":"https:\/\/www.goelette.ca\/produit\/rose-tome-4\/"},"modified":"2022-04-29T13:36:45","modified_gmt":"2022-04-29T17:36:45","slug":"rose-tome-4","status":"publish","type":"product","link":"https:\/\/goelette.ca\/en\/tous-les-livres\/rose-tome-4\/","title":{"rendered":"Rose tome 4"},"content":{"rendered":"<p>Le cur\u00e9 Ennis, de retour du Vatican, apprend avec d\u00e9sarroi que Lucien Boucher a gagn\u00e9 son pari. La s\u00e9paration de la paroisse est maintenant chose faite. Voulant prot\u00e9ger ses ouailles, le cur\u00e9 cherchera alors \u00e0 d\u00e9masquer Germain B\u00e9dard, l\u2019\u00e9tranger, quitte \u00e0 entrer en guerre ouverte avec lui. Deux hommes de leur trempe ne peuvent cohabiter \u00e0 Saint-Honor\u00e9. Lib\u00e9r\u00e9e du joug de l\u2019\u00e9glise, Rose continue, quant \u00e0 elle, \u00e0 profiter de la vie exaltante d\u2019une femme libre.<\/p>\n<p>Les ann\u00e9es 1950 marquent un tournant dans la vie du village qui s\u2019est modernis\u00e9 peu \u00e0 peu, o\u00f9 les habitants s\u2019adaptent et \u00e9voluent, malgr\u00e9 la d\u00e9sapprobation de certains. Les coeurs des jeunes et moins jeunes s\u2019emballeront devant la bo\u00eete \u00e0 images, et la vraie vie continuera malgr\u00e9 tout avec ses hauts, ses bas et ses surprises.<\/p>\n<p>Enivrez-vous des Parfums de Rose, la conclusion de la t\u00e9tralogie Rose. Au fil des ann\u00e9es, le village beauceron de Saint-Honor\u00e9de-Shenley aura v\u00e9cu bien des bouleversements gr\u00e2ce \u00e0 l\u2019enthousiasme de ses villageois hauts en couleur.<\/p>\n","protected":false},"excerpt":{"rendered":"<p>Le cur\u00e9 Ennis, de retour du Vatican, apprend avec d\u00e9sarroi que Lucien Boucher a gagn\u00e9 son pari. La s\u00e9paration de la paroisse est maintenant chose faite. Voulant prot\u00e9ger ses ouailles, le cur\u00e9 cherchera alors \u00e0 d\u00e9masquer Germain B\u00e9dard, l\u2019\u00e9tranger, quitte \u00e0 entrer en guerre ouverte avec lui. Deux hommes de leur trempe ne peuvent cohabiter [&hellip;]<\/p>\n","protected":false},"featured_media":9092,"template":"","meta":{"wds_primary_product_brand":0,"wds_primary_product_cat":0,"wds_primary_maison_dedition":0},"product_brand":[],"product_cat":[543,542],"product_tag":[],"maison_dedition":[541],"class_list":{"0":"post-9094","1":"product","2":"type-product","3":"status-publish","4":"has-post-thumbnail","6":"product_cat-historique","7":"product_cat-roman","8":"pa_auteur-andre-mathieu","9":"maison_dedition-les-editions-coup-doeil","11":"first","12":"instock","13":"taxable","14":"shipping-taxable","15":"purchasable","16":"product-type-variable"},"bundled_by":[],"bundle_stock_status":"instock","bundle_stock_quantity":null,"bundle_virtual":false,"bundle_layout":"","bundle_add_to_cart_form_location":"","bundle_editable_in_cart":false,"bundle_sold_individually_context":"","bundle_item_grouping":"","bundle_min_size":"","bundle_max_size":"","bundle_price":[],"bundled_items":[],"bundle_sell_ids":[],"acf":[],"_links":{"self":[{"href":"https:\/\/goelette.ca\/en\/wp-json\/wp\/v2\/product\/9094","targetHints":{"allow":["GET"]}}],"collection":[{"href":"https:\/\/goelette.ca\/en\/wp-json\/wp\/v2\/product"}],"about":[{"href":"https:\/\/goelette.ca\/en\/wp-json\/wp\/v2\/types\/product"}],"wp:featuredmedia":[{"embeddable":true,"href":"https:\/\/goelette.ca\/en\/wp-json\/wp\/v2\/media\/9092"}],"wp:attachment":[{"href":"https:\/\/goelette.ca\/en\/wp-json\/wp\/v2\/media?parent=9094"}],"wp:term":[{"taxonomy":"product_brand","embeddable":true,"href":"https:\/\/goelette.ca\/en\/wp-json\/wp\/v2\/product_brand?post=9094"},{"taxonomy":"product_cat","embeddable":true,"href":"https:\/\/goelette.ca\/en\/wp-json\/wp\/v2\/product_cat?post=9094"},{"taxonomy":"product_tag","embeddable":true,"href":"https:\/\/goelette.ca\/en\/wp-json\/wp\/v2\/product_tag?post=9094"},{"taxonomy":"maison_dedition","embeddable":true,"href":"https:\/\/goelette.ca\/en\/wp-json\/wp\/v2\/maison_dedition?post=9094"}],"curies":[{"name":"wp","href":"https:\/\/api.w.org\/{rel}","templated":true}]}}