{"id":9091,"date":"2014-10-15T01:00:00","date_gmt":"2021-10-04T18:15:12","guid":{"rendered":"https:\/\/www.goelette.ca\/produit\/rose-tome-3\/"},"modified":"2022-04-29T13:36:42","modified_gmt":"2022-04-29T17:36:42","slug":"rose-tome-3","status":"publish","type":"product","link":"https:\/\/goelette.ca\/en\/tous-les-livres\/rose-tome-3\/","title":{"rendered":"Rose tome 3"},"content":{"rendered":"<p>Germain B\u00e9dard, survenant r\u00e9cemment d\u00e9barqu\u00e9 \u00e0 Saint-Honor\u00e9, homme \u00e9trange que d\u2019aucuns surnomment le diable, continue d\u2019inqui\u00e9ter les villageois. Il semble en savoir trop sur eux, \u00eatre trop cultiv\u00e9, trop raffin\u00e9, et surtout, savoir trop attirer les femmes, telles que Ti-Noire, Solange, Marie Sirois, Rachel et Rose. Sceptique, cet \u00e9tranger d\u00e9couvrira rapidement la v\u00e9rit\u00e9 sur les apparitions du cap \u00e0 Foley. Et tous ses secrets, il les partagera avec une Rose libre, une Rose qui n\u2019h\u00e9site plus \u00e0 vivre pleinement.<\/p>\n<p>En ce d\u00e9but des ann\u00e9es 1950, Rose accueille sans crainte les nouveaut\u00e9s de son \u00e9poque. Les voitures se multiplient et on attend avec impatience l\u2019arriv\u00e9e de la t\u00e9l\u00e9vision. Une famille de Montr\u00e9al souhaite m\u00eame d\u00e9velopper une manufacture de chemises, qui serait un gage de prosp\u00e9rit\u00e9 pour plusieurs au village.<\/p>\n<p>Laissez-vous tenter par Rose et le diable, troisi\u00e8me tome de la t\u00e9tralogie Rose qui secoue la vie, les habitudes et les passions des villageois de Saint-Honor\u00e9-de-Shenley.<\/p>\n","protected":false},"excerpt":{"rendered":"<p>Germain B\u00e9dard, survenant r\u00e9cemment d\u00e9barqu\u00e9 \u00e0 Saint-Honor\u00e9, homme \u00e9trange que d\u2019aucuns surnomment le diable, continue d\u2019inqui\u00e9ter les villageois. Il semble en savoir trop sur eux, \u00eatre trop cultiv\u00e9, trop raffin\u00e9, et surtout, savoir trop attirer les femmes, telles que Ti-Noire, Solange, Marie Sirois, Rachel et Rose. Sceptique, cet \u00e9tranger d\u00e9couvrira rapidement la v\u00e9rit\u00e9 sur les [&hellip;]<\/p>\n","protected":false},"featured_media":9089,"template":"","meta":{"wds_primary_product_brand":0,"wds_primary_product_cat":0,"wds_primary_maison_dedition":0},"product_brand":[],"product_cat":[543,542],"product_tag":[],"maison_dedition":[541],"class_list":{"0":"post-9091","1":"product","2":"type-product","3":"status-publish","4":"has-post-thumbnail","6":"product_cat-historique","7":"product_cat-roman","8":"pa_auteur-andre-mathieu","9":"maison_dedition-les-editions-coup-doeil","11":"first","12":"instock","13":"taxable","14":"shipping-taxable","15":"purchasable","16":"product-type-variable"},"bundled_by":[],"bundle_stock_status":"instock","bundle_stock_quantity":null,"bundle_virtual":false,"bundle_layout":"","bundle_add_to_cart_form_location":"","bundle_editable_in_cart":false,"bundle_sold_individually_context":"","bundle_item_grouping":"","bundle_min_size":"","bundle_max_size":"","bundle_price":[],"bundled_items":[],"bundle_sell_ids":[],"acf":[],"_links":{"self":[{"href":"https:\/\/goelette.ca\/en\/wp-json\/wp\/v2\/product\/9091","targetHints":{"allow":["GET"]}}],"collection":[{"href":"https:\/\/goelette.ca\/en\/wp-json\/wp\/v2\/product"}],"about":[{"href":"https:\/\/goelette.ca\/en\/wp-json\/wp\/v2\/types\/product"}],"wp:featuredmedia":[{"embeddable":true,"href":"https:\/\/goelette.ca\/en\/wp-json\/wp\/v2\/media\/9089"}],"wp:attachment":[{"href":"https:\/\/goelette.ca\/en\/wp-json\/wp\/v2\/media?parent=9091"}],"wp:term":[{"taxonomy":"product_brand","embeddable":true,"href":"https:\/\/goelette.ca\/en\/wp-json\/wp\/v2\/product_brand?post=9091"},{"taxonomy":"product_cat","embeddable":true,"href":"https:\/\/goelette.ca\/en\/wp-json\/wp\/v2\/product_cat?post=9091"},{"taxonomy":"product_tag","embeddable":true,"href":"https:\/\/goelette.ca\/en\/wp-json\/wp\/v2\/product_tag?post=9091"},{"taxonomy":"maison_dedition","embeddable":true,"href":"https:\/\/goelette.ca\/en\/wp-json\/wp\/v2\/maison_dedition?post=9091"}],"curies":[{"name":"wp","href":"https:\/\/api.w.org\/{rel}","templated":true}]}}