{"id":9085,"date":"2014-10-15T01:00:00","date_gmt":"2021-10-04T18:15:07","guid":{"rendered":"https:\/\/www.goelette.ca\/produit\/rose-tome-1\/"},"modified":"2022-04-29T13:36:37","modified_gmt":"2022-04-29T17:36:37","slug":"rose-tome-1","status":"publish","type":"product","link":"https:\/\/goelette.ca\/en\/tous-les-livres\/rose-tome-1\/","title":{"rendered":"Rose tome 1"},"content":{"rendered":"<p>Alors que 1949 est sur le point de se terminer \u00e0 Saint-Honor\u00e9, Rose Martin prend la difficile d\u00e9cision de se s\u00e9parer de son mari. Mais elle devient vite le sujet des cancans du village et risque de subir les foudres du cur\u00e9 Ennis. Qu\u2019\u00e0 cela ne tienne, Rose tient son bout. Apr\u00e8s tout, l\u2019ann\u00e9e sainte qui arrive est une promesse de bonheur !<\/p>\n<p>Mais il n\u2019y a pas que l\u2019institution sacr\u00e9e du mariage \u00e0 d\u00e9fendre. Le bon cur\u00e9 Ennis devra surveiller de pr\u00e8s Fernand Rouleau, qui aurait fui la justice ontarienne et qui aurait organis\u00e9 une s\u00e9ance de spiritisme chez Marie Sirois, mais surtout, Raymond Rioux, qui s\u2019int\u00e9resse un peu trop \u00e0 \u00c9milien, le grand gars \u00e0 Fortunat Fortier.<\/p>\n<p>Plongez dans L\u2019hiver de Rose pour d\u00e9couvrir le quotidien du village beauceron de Saint-Honor\u00e9-de-Shenley, \u00e0 la veille de la R\u00e9volution tranquille.<\/p>\n","protected":false},"excerpt":{"rendered":"<p>Alors que 1949 est sur le point de se terminer \u00e0 Saint-Honor\u00e9, Rose Martin prend la difficile d\u00e9cision de se s\u00e9parer de son mari. Mais elle devient vite le sujet des cancans du village et risque de subir les foudres du cur\u00e9 Ennis. Qu\u2019\u00e0 cela ne tienne, Rose tient son bout. Apr\u00e8s tout, l\u2019ann\u00e9e sainte [&hellip;]<\/p>\n","protected":false},"featured_media":9083,"template":"","meta":{"wds_primary_product_brand":0,"wds_primary_product_cat":0,"wds_primary_maison_dedition":0},"product_brand":[],"product_cat":[543,542],"product_tag":[],"maison_dedition":[541],"class_list":{"0":"post-9085","1":"product","2":"type-product","3":"status-publish","4":"has-post-thumbnail","6":"product_cat-historique","7":"product_cat-roman","8":"pa_auteur-andre-mathieu","9":"maison_dedition-les-editions-coup-doeil","11":"first","12":"instock","13":"taxable","14":"shipping-taxable","15":"purchasable","16":"product-type-variable"},"bundled_by":[],"bundle_stock_status":"instock","bundle_stock_quantity":null,"bundle_virtual":false,"bundle_layout":"","bundle_add_to_cart_form_location":"","bundle_editable_in_cart":false,"bundle_sold_individually_context":"","bundle_item_grouping":"","bundle_min_size":"","bundle_max_size":"","bundle_price":[],"bundled_items":[],"bundle_sell_ids":[],"acf":[],"_links":{"self":[{"href":"https:\/\/goelette.ca\/en\/wp-json\/wp\/v2\/product\/9085","targetHints":{"allow":["GET"]}}],"collection":[{"href":"https:\/\/goelette.ca\/en\/wp-json\/wp\/v2\/product"}],"about":[{"href":"https:\/\/goelette.ca\/en\/wp-json\/wp\/v2\/types\/product"}],"wp:featuredmedia":[{"embeddable":true,"href":"https:\/\/goelette.ca\/en\/wp-json\/wp\/v2\/media\/9083"}],"wp:attachment":[{"href":"https:\/\/goelette.ca\/en\/wp-json\/wp\/v2\/media?parent=9085"}],"wp:term":[{"taxonomy":"product_brand","embeddable":true,"href":"https:\/\/goelette.ca\/en\/wp-json\/wp\/v2\/product_brand?post=9085"},{"taxonomy":"product_cat","embeddable":true,"href":"https:\/\/goelette.ca\/en\/wp-json\/wp\/v2\/product_cat?post=9085"},{"taxonomy":"product_tag","embeddable":true,"href":"https:\/\/goelette.ca\/en\/wp-json\/wp\/v2\/product_tag?post=9085"},{"taxonomy":"maison_dedition","embeddable":true,"href":"https:\/\/goelette.ca\/en\/wp-json\/wp\/v2\/maison_dedition?post=9085"}],"curies":[{"name":"wp","href":"https:\/\/api.w.org\/{rel}","templated":true}]}}