{"id":9064,"date":"2014-10-15T01:00:00","date_gmt":"2021-10-04T18:14:47","guid":{"rendered":"https:\/\/www.goelette.ca\/produit\/les-soupes-a-toutes-les-sauces\/"},"modified":"2025-12-18T08:21:45","modified_gmt":"2025-12-18T13:21:45","slug":"les-soupes-a-toutes-les-sauces","status":"publish","type":"product","link":"https:\/\/goelette.ca\/en\/tous-les-livres\/les-soupes-a-toutes-les-sauces\/","title":{"rendered":"Les soupes \u00e0 toutes les sauces"},"content":{"rendered":"<p>R\u00e9inventez les soupes avec plus de 100 recettes classiques et innovatrices ! Pr\u00e9parez des entr\u00e9es et des repas go\u00fbteux et r\u00e9confortants gr\u00e2ce \u00e0 ce livre agr\u00e9ment\u00e9 de nombreuses photographies all\u00e9chantes ! Vous trouverez ici les recettes \u00e0 base de l\u00e9gumes, de viandes ou de poissons et de fruits de mer id\u00e9ales pour vous r\u00e9chauffer et vous r\u00e9galer. Un ouvrage qui changera votre vision du bol de soupe !<\/p>\n","protected":false},"excerpt":{"rendered":"<p>R\u00e9inventez les soupes avec plus de 100 recettes classiques et innovatrices ! Pr\u00e9parez des entr\u00e9es et des repas go\u00fbteux et r\u00e9confortants gr\u00e2ce \u00e0 ce livre agr\u00e9ment\u00e9 de nombreuses photographies all\u00e9chantes ! Vous trouverez ici les recettes \u00e0 base de l\u00e9gumes, de viandes ou de poissons et de fruits de mer id\u00e9ales pour vous r\u00e9chauffer et [&hellip;]<\/p>\n","protected":false},"featured_media":9062,"template":"","meta":{"wds_primary_product_brand":0,"wds_primary_product_cat":0,"wds_primary_maison_dedition":0},"product_brand":[],"product_cat":[550],"product_tag":[],"maison_dedition":[541],"class_list":{"0":"post-9064","1":"product","2":"type-product","3":"status-publish","4":"has-post-thumbnail","6":"product_cat-livres-de-cuisine","7":"pa_auteur-collectif","8":"maison_dedition-les-editions-coup-doeil","10":"first","11":"instock","12":"taxable","13":"shipping-taxable","14":"purchasable","15":"product-type-variable"},"bundled_by":[],"bundle_stock_status":"instock","bundle_stock_quantity":null,"bundle_virtual":false,"bundle_layout":"","bundle_add_to_cart_form_location":"","bundle_editable_in_cart":false,"bundle_sold_individually_context":"","bundle_item_grouping":"","bundle_min_size":"","bundle_max_size":"","bundle_price":[],"bundled_items":[],"bundle_sell_ids":[],"acf":[],"_links":{"self":[{"href":"https:\/\/goelette.ca\/en\/wp-json\/wp\/v2\/product\/9064","targetHints":{"allow":["GET"]}}],"collection":[{"href":"https:\/\/goelette.ca\/en\/wp-json\/wp\/v2\/product"}],"about":[{"href":"https:\/\/goelette.ca\/en\/wp-json\/wp\/v2\/types\/product"}],"wp:featuredmedia":[{"embeddable":true,"href":"https:\/\/goelette.ca\/en\/wp-json\/wp\/v2\/media\/9062"}],"wp:attachment":[{"href":"https:\/\/goelette.ca\/en\/wp-json\/wp\/v2\/media?parent=9064"}],"wp:term":[{"taxonomy":"product_brand","embeddable":true,"href":"https:\/\/goelette.ca\/en\/wp-json\/wp\/v2\/product_brand?post=9064"},{"taxonomy":"product_cat","embeddable":true,"href":"https:\/\/goelette.ca\/en\/wp-json\/wp\/v2\/product_cat?post=9064"},{"taxonomy":"product_tag","embeddable":true,"href":"https:\/\/goelette.ca\/en\/wp-json\/wp\/v2\/product_tag?post=9064"},{"taxonomy":"maison_dedition","embeddable":true,"href":"https:\/\/goelette.ca\/en\/wp-json\/wp\/v2\/maison_dedition?post=9064"}],"curies":[{"name":"wp","href":"https:\/\/api.w.org\/{rel}","templated":true}]}}