{"id":8920,"date":"2014-10-15T01:00:00","date_gmt":"2021-10-04T18:12:42","guid":{"rendered":"https:\/\/www.goelette.ca\/produit\/la-mijoteuse-a-toutes-les-sauces\/"},"modified":"2022-04-29T13:35:50","modified_gmt":"2022-04-29T17:35:50","slug":"la-mijoteuse-a-toutes-les-sauces","status":"publish","type":"product","link":"https:\/\/goelette.ca\/en\/tous-les-livres\/la-mijoteuse-a-toutes-les-sauces\/","title":{"rendered":"La mijoteuse \u00e0 toutes les sauces"},"content":{"rendered":"<p>Red\u00e9couvrez votre mijoteuse avec plus de 100 recettes traditionnelles et originales !<\/p>\n<p>D\u00e9gustez un repas chaud, complet et savoureux tous les soirs gr\u00e2ce \u00e0 ce livre agr\u00e9ment\u00e9 de nombreuses photographies gourmandes !<\/p>\n<p>Que ce soit pour des entr\u00e9es, des plats principaux ou m\u00eame des desserts, vous trouverez ici les recettes id\u00e9ales pour satisfaire vos papilles et impressionner vos convives.<\/p>\n<p>Un ouvrage qui changera votre vision des plats \u00e0 la mijoteuse !<\/p>\n<p>Bon app\u00e9tit !<\/p>\n","protected":false},"excerpt":{"rendered":"<p>Red\u00e9couvrez votre mijoteuse avec plus de 100 recettes traditionnelles et originales ! D\u00e9gustez un repas chaud, complet et savoureux tous les soirs gr\u00e2ce \u00e0 ce livre agr\u00e9ment\u00e9 de nombreuses photographies gourmandes ! Que ce soit pour des entr\u00e9es, des plats principaux ou m\u00eame des desserts, vous trouverez ici les recettes id\u00e9ales pour satisfaire vos papilles [&hellip;]<\/p>\n","protected":false},"featured_media":8918,"template":"","meta":{"wds_primary_product_brand":0,"wds_primary_product_cat":0,"wds_primary_maison_dedition":0},"product_brand":[],"product_cat":[550],"product_tag":[],"maison_dedition":[541],"class_list":{"0":"post-8920","1":"product","2":"type-product","3":"status-publish","4":"has-post-thumbnail","6":"product_cat-livres-de-cuisine","7":"pa_auteur-collectif","8":"maison_dedition-les-editions-coup-doeil","10":"first","11":"instock","12":"taxable","13":"shipping-taxable","14":"purchasable","15":"product-type-variable"},"bundled_by":[],"bundle_stock_status":"instock","bundle_stock_quantity":null,"bundle_virtual":false,"bundle_layout":"","bundle_add_to_cart_form_location":"","bundle_editable_in_cart":false,"bundle_sold_individually_context":"","bundle_item_grouping":"","bundle_min_size":"","bundle_max_size":"","bundle_price":[],"bundled_items":[],"bundle_sell_ids":[],"acf":[],"_links":{"self":[{"href":"https:\/\/goelette.ca\/en\/wp-json\/wp\/v2\/product\/8920","targetHints":{"allow":["GET"]}}],"collection":[{"href":"https:\/\/goelette.ca\/en\/wp-json\/wp\/v2\/product"}],"about":[{"href":"https:\/\/goelette.ca\/en\/wp-json\/wp\/v2\/types\/product"}],"wp:featuredmedia":[{"embeddable":true,"href":"https:\/\/goelette.ca\/en\/wp-json\/wp\/v2\/media\/8918"}],"wp:attachment":[{"href":"https:\/\/goelette.ca\/en\/wp-json\/wp\/v2\/media?parent=8920"}],"wp:term":[{"taxonomy":"product_brand","embeddable":true,"href":"https:\/\/goelette.ca\/en\/wp-json\/wp\/v2\/product_brand?post=8920"},{"taxonomy":"product_cat","embeddable":true,"href":"https:\/\/goelette.ca\/en\/wp-json\/wp\/v2\/product_cat?post=8920"},{"taxonomy":"product_tag","embeddable":true,"href":"https:\/\/goelette.ca\/en\/wp-json\/wp\/v2\/product_tag?post=8920"},{"taxonomy":"maison_dedition","embeddable":true,"href":"https:\/\/goelette.ca\/en\/wp-json\/wp\/v2\/maison_dedition?post=8920"}],"curies":[{"name":"wp","href":"https:\/\/api.w.org\/{rel}","templated":true}]}}