{"id":8827,"date":"2014-10-15T01:00:00","date_gmt":"2021-10-04T18:11:18","guid":{"rendered":"https:\/\/www.goelette.ca\/produit\/sainte-victoire-tome-2\/"},"modified":"2022-04-29T13:35:24","modified_gmt":"2022-04-29T17:35:24","slug":"sainte-victoire-tome-2","status":"publish","type":"product","link":"https:\/\/goelette.ca\/en\/tous-les-livres\/sainte-victoire-tome-2\/","title":{"rendered":"Sainte-Victoire tome 2"},"content":{"rendered":"<p>Vingt ans ont pass\u00e9 depuis qu\u2019Antoine Ferland a quitt\u00e9 Sainte-Victoire. Florence file le parfait bonheur avec Gaby, ses quatre enfants et ses amies de toujours, Alice et Th\u00e9r\u00e8se. Ses seuls d\u00e9sirs sont que son p\u00e8re Maurice puisse vivre assez longtemps pour voir ses petits-enfants devenir adultes, et, par-dessus tout, que personne n\u2019apprenne la v\u00e9rit\u00e9 sur les origines de F\u00e9lix, secret qu\u2019elle garde pr\u00e9cieusement\u2026<\/p>\n<p>En deux d\u00e9cennies, le Qu\u00e9bec s\u2019est m\u00e9tamorphos\u00e9, Sainte-Victoire aussi. La R\u00e9volution tranquille en a amen\u00e9 une autre : les gens ont soif d\u2019\u00e9mancipation, de libert\u00e9, de d\u00e9couverte. Guid\u00e9s par l\u2019effervescence de leur \u00e9poque, les enfants de Florence vous feront vivre quantit\u00e9 d\u2019\u00e9motions inoubliables.<\/p>\n<p>Native de Sorel, Claire Pontbriand est une \u00e9crivaine et sc\u00e9nariste talentueuse qui a publi\u00e9 de nombreux romans. Gr\u00e2ce \u00e0 une plume r\u00e9fl\u00e9chie et raffin\u00e9e, elle d\u00e9peint le destin de ses personnages d\u2019une mani\u00e8re qui conquerra le coeur de tout un chacun !<\/p>\n","protected":false},"excerpt":{"rendered":"<p>Vingt ans ont pass\u00e9 depuis qu\u2019Antoine Ferland a quitt\u00e9 Sainte-Victoire. Florence file le parfait bonheur avec Gaby, ses quatre enfants et ses amies de toujours, Alice et Th\u00e9r\u00e8se. Ses seuls d\u00e9sirs sont que son p\u00e8re Maurice puisse vivre assez longtemps pour voir ses petits-enfants devenir adultes, et, par-dessus tout, que personne n\u2019apprenne la v\u00e9rit\u00e9 sur [&hellip;]<\/p>\n","protected":false},"featured_media":8825,"template":"","meta":{"wds_primary_product_brand":0,"wds_primary_product_cat":0,"wds_primary_maison_dedition":0},"product_brand":[],"product_cat":[543,542],"product_tag":[],"maison_dedition":[541],"class_list":{"0":"post-8827","1":"product","2":"type-product","3":"status-publish","4":"has-post-thumbnail","6":"product_cat-historique","7":"product_cat-roman","8":"pa_auteur-claire-pontbriand","9":"maison_dedition-les-editions-coup-doeil","11":"first","12":"instock","13":"taxable","14":"shipping-taxable","15":"purchasable","16":"product-type-variable"},"bundled_by":[],"bundle_stock_status":"instock","bundle_stock_quantity":null,"bundle_virtual":false,"bundle_layout":"","bundle_add_to_cart_form_location":"","bundle_editable_in_cart":false,"bundle_sold_individually_context":"","bundle_item_grouping":"","bundle_min_size":"","bundle_max_size":"","bundle_price":[],"bundled_items":[],"bundle_sell_ids":[],"acf":[],"_links":{"self":[{"href":"https:\/\/goelette.ca\/en\/wp-json\/wp\/v2\/product\/8827","targetHints":{"allow":["GET"]}}],"collection":[{"href":"https:\/\/goelette.ca\/en\/wp-json\/wp\/v2\/product"}],"about":[{"href":"https:\/\/goelette.ca\/en\/wp-json\/wp\/v2\/types\/product"}],"wp:featuredmedia":[{"embeddable":true,"href":"https:\/\/goelette.ca\/en\/wp-json\/wp\/v2\/media\/8825"}],"wp:attachment":[{"href":"https:\/\/goelette.ca\/en\/wp-json\/wp\/v2\/media?parent=8827"}],"wp:term":[{"taxonomy":"product_brand","embeddable":true,"href":"https:\/\/goelette.ca\/en\/wp-json\/wp\/v2\/product_brand?post=8827"},{"taxonomy":"product_cat","embeddable":true,"href":"https:\/\/goelette.ca\/en\/wp-json\/wp\/v2\/product_cat?post=8827"},{"taxonomy":"product_tag","embeddable":true,"href":"https:\/\/goelette.ca\/en\/wp-json\/wp\/v2\/product_tag?post=8827"},{"taxonomy":"maison_dedition","embeddable":true,"href":"https:\/\/goelette.ca\/en\/wp-json\/wp\/v2\/maison_dedition?post=8827"}],"curies":[{"name":"wp","href":"https:\/\/api.w.org\/{rel}","templated":true}]}}