{"id":8824,"date":"2014-10-15T01:00:00","date_gmt":"2021-10-04T18:11:14","guid":{"rendered":"https:\/\/www.goelette.ca\/produit\/sainte-victoire-tome-1\/"},"modified":"2022-05-09T16:01:43","modified_gmt":"2022-05-09T20:01:43","slug":"sainte-victoire-tome-1","status":"publish","type":"product","link":"https:\/\/goelette.ca\/en\/tous-les-livres\/sainte-victoire-tome-1\/","title":{"rendered":"Sainte-Victoire tome 1"},"content":{"rendered":"<p>Dans la petite ville de Sainte-Victoire, Florence est encha\u00een\u00e9e \u00e0 la routine de la maison et sur le point de coiffer la sainte Catherine. Lorsqu\u2019Adrienne Dauphinais lui propose de s\u2019occuper de sa petite Brigitte, qui risque de perdre son ann\u00e9e scolaire, la jeune femme trouve l\u00e0 l\u2019occasion inesp\u00e9r\u00e9e de sortir de l\u2019ennui de son quotidien.<\/p>\n<p>Propuls\u00e9e dans le monde adulte, elle partagera ses peines et ses joies avec ses ins\u00e9parables amies d\u2019enfance, Alice et Th\u00e9r\u00e8se. Elle vivra aussi ses premiers \u00e9mois lorsqu\u2019elle rencontrera Antoine Ferland, qui est pourtant d\u00e9j\u00e0 fianc\u00e9 \u00e0 la belle C\u00e9cile\u2026<\/p>\n<p>Ce r\u00e9cit attachant du Qu\u00e9bec de l\u2019apr\u00e8s-guerre, o\u00f9 les comm\u00e8res du village s\u2019en donnent \u00e0 coeur joie et o\u00f9 les femmes prennent le contr\u00f4le de leurs vies, saura vous toucher et vous \u00e9mouvoir.<\/p>\n<p>Native de Sorel, Claire Pontbriand est une \u00e9crivaine et sc\u00e9nariste talentueuse qui a publi\u00e9 de nombreux romans. Gr\u00e2ce \u00e0 une plume r\u00e9fl\u00e9chie et raffin\u00e9e, elle d\u00e9peint le destin de ses personnages d\u2019une mani\u00e8re qui conquerra le coeur de tout un chacun !<\/p>\n","protected":false},"excerpt":{"rendered":"<p>Dans la petite ville de Sainte-Victoire, Florence est encha\u00een\u00e9e \u00e0 la routine de la maison et sur le point de coiffer la sainte Catherine. Lorsqu\u2019Adrienne Dauphinais lui propose de s\u2019occuper de sa petite Brigitte, qui risque de perdre son ann\u00e9e scolaire, la jeune femme trouve l\u00e0 l\u2019occasion inesp\u00e9r\u00e9e de sortir de l\u2019ennui de son quotidien. [&hellip;]<\/p>\n","protected":false},"featured_media":8822,"template":"","meta":{"wds_primary_product_brand":0,"wds_primary_product_cat":0,"wds_primary_maison_dedition":0},"product_brand":[],"product_cat":[543,542],"product_tag":[],"maison_dedition":[541],"class_list":{"0":"post-8824","1":"product","2":"type-product","3":"status-publish","4":"has-post-thumbnail","6":"product_cat-historique","7":"product_cat-roman","8":"pa_auteur-claire-pontbriand","9":"maison_dedition-les-editions-coup-doeil","11":"first","12":"instock","13":"taxable","14":"shipping-taxable","15":"purchasable","16":"product-type-variable"},"bundled_by":[],"bundle_stock_status":"instock","bundle_stock_quantity":null,"bundle_virtual":false,"bundle_layout":"","bundle_add_to_cart_form_location":"","bundle_editable_in_cart":false,"bundle_sold_individually_context":"","bundle_item_grouping":"","bundle_min_size":"","bundle_max_size":"","bundle_price":[],"bundled_items":[],"bundle_sell_ids":[],"acf":[],"_links":{"self":[{"href":"https:\/\/goelette.ca\/en\/wp-json\/wp\/v2\/product\/8824","targetHints":{"allow":["GET"]}}],"collection":[{"href":"https:\/\/goelette.ca\/en\/wp-json\/wp\/v2\/product"}],"about":[{"href":"https:\/\/goelette.ca\/en\/wp-json\/wp\/v2\/types\/product"}],"wp:featuredmedia":[{"embeddable":true,"href":"https:\/\/goelette.ca\/en\/wp-json\/wp\/v2\/media\/8822"}],"wp:attachment":[{"href":"https:\/\/goelette.ca\/en\/wp-json\/wp\/v2\/media?parent=8824"}],"wp:term":[{"taxonomy":"product_brand","embeddable":true,"href":"https:\/\/goelette.ca\/en\/wp-json\/wp\/v2\/product_brand?post=8824"},{"taxonomy":"product_cat","embeddable":true,"href":"https:\/\/goelette.ca\/en\/wp-json\/wp\/v2\/product_cat?post=8824"},{"taxonomy":"product_tag","embeddable":true,"href":"https:\/\/goelette.ca\/en\/wp-json\/wp\/v2\/product_tag?post=8824"},{"taxonomy":"maison_dedition","embeddable":true,"href":"https:\/\/goelette.ca\/en\/wp-json\/wp\/v2\/maison_dedition?post=8824"}],"curies":[{"name":"wp","href":"https:\/\/api.w.org\/{rel}","templated":true}]}}