{"id":8821,"date":"2018-07-06T01:00:00","date_gmt":"2021-10-04T18:11:12","guid":{"rendered":"https:\/\/www.goelette.ca\/produit\/eleonore-t-3\/"},"modified":"2025-01-07T08:19:55","modified_gmt":"2025-01-07T13:19:55","slug":"eleonore-t-3","status":"publish","type":"product","link":"https:\/\/goelette.ca\/en\/tous-les-livres\/eleonore-t-3\/","title":{"rendered":"\u00c9l\u00e9onore T.3"},"content":{"rendered":"<p>\u00c0 l\u2019aube de la trentaine, \u00c9l\u00e9onore se questionne sur les compromis qu\u2019elle est pr\u00eate \u00e0 faire afin de concilier famille et carri\u00e8re. \u00c0 travers les hauts et les bas de sa vie amoureuse, elle cherchera l\u2019\u00e9quilibre et le bonheur.<\/p>\n<p>Malgr\u00e9 tous les al\u00e9as de la vie, les amiti\u00e9s, quant \u00e0 elles, demeurent immuables. Allegra et Yasmina vivront, elles aussi, des choix difficiles et des situations inattendues. De Montr\u00e9al au Togo, en passant par l\u2019Italie, l\u2019Australie et la France, ces femmes si diff\u00e9rentes d\u00e9couvriront chacune \u00e0 leur mani\u00e8re que le bonheur n\u2019est jamais aussi loin qu\u2019on le croyait\u2026<\/p>\n<p>La trilogie d\u2019\u00c9l\u00e9onore se termine ici de fa\u00e7on touchante, sur une note pleine d\u2019espoir pour ces femmes si attachantes.<\/p>\n","protected":false},"excerpt":{"rendered":"<p>\u00c0 l\u2019aube de la trentaine, \u00c9l\u00e9onore se questionne sur les compromis qu\u2019elle est pr\u00eate \u00e0 faire afin de concilier famille et carri\u00e8re. \u00c0 travers les hauts et les bas de sa vie amoureuse, elle cherchera l\u2019\u00e9quilibre et le bonheur. Malgr\u00e9 tous les al\u00e9as de la vie, les amiti\u00e9s, quant \u00e0 elles, demeurent immuables. Allegra et [&hellip;]<\/p>\n","protected":false},"featured_media":8819,"template":"","meta":{"wds_primary_product_brand":0,"wds_primary_product_cat":0,"wds_primary_maison_dedition":0},"product_brand":[],"product_cat":[548,542],"product_tag":[],"maison_dedition":[541],"class_list":{"0":"post-8821","1":"product","2":"type-product","3":"status-publish","4":"has-post-thumbnail","6":"product_cat-chick-lit","7":"product_cat-roman","8":"pa_auteur-nadia-lakhdari","9":"maison_dedition-les-editions-coup-doeil","11":"first","12":"instock","13":"taxable","14":"shipping-taxable","15":"purchasable","16":"product-type-variable"},"bundled_by":[],"bundle_stock_status":"instock","bundle_stock_quantity":null,"bundle_virtual":false,"bundle_layout":"","bundle_add_to_cart_form_location":"","bundle_editable_in_cart":false,"bundle_sold_individually_context":"","bundle_item_grouping":"","bundle_min_size":"","bundle_max_size":"","bundle_price":[],"bundled_items":[],"bundle_sell_ids":[],"acf":[],"_links":{"self":[{"href":"https:\/\/goelette.ca\/en\/wp-json\/wp\/v2\/product\/8821","targetHints":{"allow":["GET"]}}],"collection":[{"href":"https:\/\/goelette.ca\/en\/wp-json\/wp\/v2\/product"}],"about":[{"href":"https:\/\/goelette.ca\/en\/wp-json\/wp\/v2\/types\/product"}],"wp:featuredmedia":[{"embeddable":true,"href":"https:\/\/goelette.ca\/en\/wp-json\/wp\/v2\/media\/8819"}],"wp:attachment":[{"href":"https:\/\/goelette.ca\/en\/wp-json\/wp\/v2\/media?parent=8821"}],"wp:term":[{"taxonomy":"product_brand","embeddable":true,"href":"https:\/\/goelette.ca\/en\/wp-json\/wp\/v2\/product_brand?post=8821"},{"taxonomy":"product_cat","embeddable":true,"href":"https:\/\/goelette.ca\/en\/wp-json\/wp\/v2\/product_cat?post=8821"},{"taxonomy":"product_tag","embeddable":true,"href":"https:\/\/goelette.ca\/en\/wp-json\/wp\/v2\/product_tag?post=8821"},{"taxonomy":"maison_dedition","embeddable":true,"href":"https:\/\/goelette.ca\/en\/wp-json\/wp\/v2\/maison_dedition?post=8821"}],"curies":[{"name":"wp","href":"https:\/\/api.w.org\/{rel}","templated":true}]}}