{"id":8818,"date":"2018-07-06T01:00:00","date_gmt":"2021-10-04T18:11:10","guid":{"rendered":"https:\/\/www.goelette.ca\/produit\/eleonore-t-2\/"},"modified":"2025-01-07T08:18:30","modified_gmt":"2025-01-07T13:18:30","slug":"eleonore-t-2","status":"publish","type":"product","link":"https:\/\/goelette.ca\/en\/tous-les-livres\/eleonore-t-2\/","title":{"rendered":"\u00c9l\u00e9onore T.2"},"content":{"rendered":"<p>\u00c9l\u00e9onore, tiraill\u00e9e entre passion et raison, se voit offrir le monde par l\u2019homme de ses r\u00eaves, mais \u00e0 quel prix ? Bien que tout semble aller pour le mieux, elle devra tout de m\u00eame apprendre \u00e0 jongler avec les nouveaux r\u00f4les que son destin lui conf\u00e9rera.<\/p>\n<p>Ses amies de toujours, Allegra et Yasmine, demeureront \u00e0 ses c\u00f4t\u00e9s, malgr\u00e9 les kilom\u00e8tres qui les s\u00e9parent. D\u00e9brouillardes et \u00e9nergiques, les trois jeunes femmes surmonteront toutes les \u00e9preuves pour se construire une vie \u00e0 leur image.<\/p>\n<p>Ce deuxi\u00e8me tome de la saga d\u2019\u00c9l\u00e9onore nous plonge dans la qu\u00eate de soi que traverse tout adulte en devenir, en nous faisant voyager de Paris \u00e0 New York, en passant par Montr\u00e9al !<\/p>\n","protected":false},"excerpt":{"rendered":"<p>\u00c9l\u00e9onore, tiraill\u00e9e entre passion et raison, se voit offrir le monde par l\u2019homme de ses r\u00eaves, mais \u00e0 quel prix ? Bien que tout semble aller pour le mieux, elle devra tout de m\u00eame apprendre \u00e0 jongler avec les nouveaux r\u00f4les que son destin lui conf\u00e9rera. Ses amies de toujours, Allegra et Yasmine, demeureront \u00e0 [&hellip;]<\/p>\n","protected":false},"featured_media":8816,"template":"","meta":{"wds_primary_product_brand":0,"wds_primary_product_cat":0,"wds_primary_maison_dedition":0},"product_brand":[],"product_cat":[548,542],"product_tag":[],"maison_dedition":[541],"class_list":{"0":"post-8818","1":"product","2":"type-product","3":"status-publish","4":"has-post-thumbnail","6":"product_cat-chick-lit","7":"product_cat-roman","8":"pa_auteur-nadia-lakhdari","9":"maison_dedition-les-editions-coup-doeil","11":"first","12":"instock","13":"taxable","14":"shipping-taxable","15":"purchasable","16":"product-type-variable"},"bundled_by":[],"bundle_stock_status":"instock","bundle_stock_quantity":null,"bundle_virtual":false,"bundle_layout":"","bundle_add_to_cart_form_location":"","bundle_editable_in_cart":false,"bundle_sold_individually_context":"","bundle_item_grouping":"","bundle_min_size":"","bundle_max_size":"","bundle_price":[],"bundled_items":[],"bundle_sell_ids":[],"acf":[],"_links":{"self":[{"href":"https:\/\/goelette.ca\/en\/wp-json\/wp\/v2\/product\/8818","targetHints":{"allow":["GET"]}}],"collection":[{"href":"https:\/\/goelette.ca\/en\/wp-json\/wp\/v2\/product"}],"about":[{"href":"https:\/\/goelette.ca\/en\/wp-json\/wp\/v2\/types\/product"}],"wp:featuredmedia":[{"embeddable":true,"href":"https:\/\/goelette.ca\/en\/wp-json\/wp\/v2\/media\/8816"}],"wp:attachment":[{"href":"https:\/\/goelette.ca\/en\/wp-json\/wp\/v2\/media?parent=8818"}],"wp:term":[{"taxonomy":"product_brand","embeddable":true,"href":"https:\/\/goelette.ca\/en\/wp-json\/wp\/v2\/product_brand?post=8818"},{"taxonomy":"product_cat","embeddable":true,"href":"https:\/\/goelette.ca\/en\/wp-json\/wp\/v2\/product_cat?post=8818"},{"taxonomy":"product_tag","embeddable":true,"href":"https:\/\/goelette.ca\/en\/wp-json\/wp\/v2\/product_tag?post=8818"},{"taxonomy":"maison_dedition","embeddable":true,"href":"https:\/\/goelette.ca\/en\/wp-json\/wp\/v2\/maison_dedition?post=8818"}],"curies":[{"name":"wp","href":"https:\/\/api.w.org\/{rel}","templated":true}]}}