{"id":8815,"date":"2018-07-06T01:00:00","date_gmt":"2021-10-04T18:11:06","guid":{"rendered":"https:\/\/www.goelette.ca\/produit\/eleonore-t-1\/"},"modified":"2025-01-07T08:15:44","modified_gmt":"2025-01-07T13:15:44","slug":"eleonore-t-1","status":"publish","type":"product","link":"https:\/\/goelette.ca\/en\/tous-les-livres\/eleonore-t-1\/","title":{"rendered":"\u00c9l\u00e9onore T.1"},"content":{"rendered":"<p>Dans le milieu ais\u00e9 d\u2019Outremont \u00e0 Montr\u00e9al, o\u00f9 elle a grandi, \u00c9l\u00e9onore voit son petit monde se transformer. Alors que l\u2019avenir auquel elle se croyait vou\u00e9e dispara\u00eet, elle doit tout remettre en question et relever le d\u00e9fi de se tracer un nouveau destin.<\/p>\n<p>Entour\u00e9e de ses grandes amies Allegra et Yasmina, qui poursuivent, elles aussi, leurs r\u00eaves de reconnaissance et de r\u00e9ussite, \u00c9l\u00e9onore tentera d\u2019atteindre les buts qu\u2019elle s\u2019est fix\u00e9s dans sa carri\u00e8re, mais surtout dans ses amours\u2026<\/p>\n<p>Gr\u00e2ce \u00e0 des personnages bien camp\u00e9s et r\u00e9alistes, ce premier tome d\u2019une saga passionnante nous entra\u00eene dans un univers charmant et unique, o\u00f9 la vie des jeunes filles de bonne famille d\u00e9voile tous ses secrets.<\/p>\n","protected":false},"excerpt":{"rendered":"<p>Dans le milieu ais\u00e9 d\u2019Outremont \u00e0 Montr\u00e9al, o\u00f9 elle a grandi, \u00c9l\u00e9onore voit son petit monde se transformer. Alors que l\u2019avenir auquel elle se croyait vou\u00e9e dispara\u00eet, elle doit tout remettre en question et relever le d\u00e9fi de se tracer un nouveau destin. Entour\u00e9e de ses grandes amies Allegra et Yasmina, qui poursuivent, elles aussi, [&hellip;]<\/p>\n","protected":false},"featured_media":8813,"template":"","meta":{"wds_primary_product_brand":0,"wds_primary_product_cat":0,"wds_primary_maison_dedition":0},"product_brand":[],"product_cat":[548,542],"product_tag":[],"maison_dedition":[541],"class_list":{"0":"post-8815","1":"product","2":"type-product","3":"status-publish","4":"has-post-thumbnail","6":"product_cat-chick-lit","7":"product_cat-roman","8":"pa_auteur-nadia-lakhdari","9":"maison_dedition-les-editions-coup-doeil","11":"first","12":"instock","13":"taxable","14":"shipping-taxable","15":"purchasable","16":"product-type-variable"},"bundled_by":[],"bundle_stock_status":"instock","bundle_stock_quantity":null,"bundle_virtual":false,"bundle_layout":"","bundle_add_to_cart_form_location":"","bundle_editable_in_cart":false,"bundle_sold_individually_context":"","bundle_item_grouping":"","bundle_min_size":"","bundle_max_size":"","bundle_price":[],"bundled_items":[],"bundle_sell_ids":[],"acf":[],"_links":{"self":[{"href":"https:\/\/goelette.ca\/en\/wp-json\/wp\/v2\/product\/8815","targetHints":{"allow":["GET"]}}],"collection":[{"href":"https:\/\/goelette.ca\/en\/wp-json\/wp\/v2\/product"}],"about":[{"href":"https:\/\/goelette.ca\/en\/wp-json\/wp\/v2\/types\/product"}],"wp:featuredmedia":[{"embeddable":true,"href":"https:\/\/goelette.ca\/en\/wp-json\/wp\/v2\/media\/8813"}],"wp:attachment":[{"href":"https:\/\/goelette.ca\/en\/wp-json\/wp\/v2\/media?parent=8815"}],"wp:term":[{"taxonomy":"product_brand","embeddable":true,"href":"https:\/\/goelette.ca\/en\/wp-json\/wp\/v2\/product_brand?post=8815"},{"taxonomy":"product_cat","embeddable":true,"href":"https:\/\/goelette.ca\/en\/wp-json\/wp\/v2\/product_cat?post=8815"},{"taxonomy":"product_tag","embeddable":true,"href":"https:\/\/goelette.ca\/en\/wp-json\/wp\/v2\/product_tag?post=8815"},{"taxonomy":"maison_dedition","embeddable":true,"href":"https:\/\/goelette.ca\/en\/wp-json\/wp\/v2\/maison_dedition?post=8815"}],"curies":[{"name":"wp","href":"https:\/\/api.w.org\/{rel}","templated":true}]}}