{"id":8785,"date":"2014-10-15T01:00:00","date_gmt":"2021-10-04T18:10:38","guid":{"rendered":"https:\/\/www.goelette.ca\/produit\/marie-labasque\/"},"modified":"2022-04-29T13:34:58","modified_gmt":"2022-04-29T17:34:58","slug":"marie-labasque","status":"publish","type":"product","link":"https:\/\/goelette.ca\/en\/tous-les-livres\/marie-labasque\/","title":{"rendered":"Marie Labasque"},"content":{"rendered":"<p>\u00c0 Grand-Pr\u00e9, en 1755, Marie Labasque m\u00e8ne une existence rude, mais paisible, sur la ferme de son p\u00e8re. Tout le village se r\u00e9jouit de ses r\u00e9centes fian\u00e7ailles avec le vaillant Nicolas Amireault. Mais les Anglais mettent brusquement fin \u00e0 ses r\u00eaves lors de la d\u00e9portation prononc\u00e9e par le gouverneur Lawrence. S\u00e9par\u00e9e de son bien-aim\u00e9, Marie affrontera les nombreuses \u00e9preuves qui pars\u00e8ment sa route vers un avenir meilleur. Sauront-ils se retrouver et vivre enfin leur amour ? <\/p>\n<p>Reflet du drame d\u2019une \u00e9poque, ce roman d\u00e9chirant montre la force et la d\u00e9termination du peuple acadien. Micheline Dalp\u00e9 nous offre ici un r\u00e9cit o\u00f9 l\u2019amour ne conna\u00eet pas de fronti\u00e8res et fera tout pour triompher.<\/p>\n<p>Romanci\u00e8re \u00e9m\u00e9rite, Micheline Dalp\u00e9 brosse et peint, d\u2019une main de ma\u00eetre, des personnages attachants reli\u00e9s \u00e0 notre terroir. Elle participe ainsi \u00e0 la m\u00e9moire du patrimoine.<\/p>\n","protected":false},"excerpt":{"rendered":"<p>\u00c0 Grand-Pr\u00e9, en 1755, Marie Labasque m\u00e8ne une existence rude, mais paisible, sur la ferme de son p\u00e8re. Tout le village se r\u00e9jouit de ses r\u00e9centes fian\u00e7ailles avec le vaillant Nicolas Amireault. Mais les Anglais mettent brusquement fin \u00e0 ses r\u00eaves lors de la d\u00e9portation prononc\u00e9e par le gouverneur Lawrence. S\u00e9par\u00e9e de son bien-aim\u00e9, Marie [&hellip;]<\/p>\n","protected":false},"featured_media":8783,"template":"","meta":{"wds_primary_product_brand":0,"wds_primary_product_cat":0,"wds_primary_maison_dedition":0},"product_brand":[],"product_cat":[543,542],"product_tag":[],"maison_dedition":[541],"class_list":{"0":"post-8785","1":"product","2":"type-product","3":"status-publish","4":"has-post-thumbnail","6":"product_cat-historique","7":"product_cat-roman","8":"pa_auteur-micheline-dalpe","9":"maison_dedition-les-editions-coup-doeil","11":"first","12":"instock","13":"taxable","14":"shipping-taxable","15":"purchasable","16":"product-type-variable"},"bundled_by":[],"bundle_stock_status":"instock","bundle_stock_quantity":null,"bundle_virtual":false,"bundle_layout":"","bundle_add_to_cart_form_location":"","bundle_editable_in_cart":false,"bundle_sold_individually_context":"","bundle_item_grouping":"","bundle_min_size":"","bundle_max_size":"","bundle_price":[],"bundled_items":[],"bundle_sell_ids":[],"acf":[],"_links":{"self":[{"href":"https:\/\/goelette.ca\/en\/wp-json\/wp\/v2\/product\/8785","targetHints":{"allow":["GET"]}}],"collection":[{"href":"https:\/\/goelette.ca\/en\/wp-json\/wp\/v2\/product"}],"about":[{"href":"https:\/\/goelette.ca\/en\/wp-json\/wp\/v2\/types\/product"}],"wp:featuredmedia":[{"embeddable":true,"href":"https:\/\/goelette.ca\/en\/wp-json\/wp\/v2\/media\/8783"}],"wp:attachment":[{"href":"https:\/\/goelette.ca\/en\/wp-json\/wp\/v2\/media?parent=8785"}],"wp:term":[{"taxonomy":"product_brand","embeddable":true,"href":"https:\/\/goelette.ca\/en\/wp-json\/wp\/v2\/product_brand?post=8785"},{"taxonomy":"product_cat","embeddable":true,"href":"https:\/\/goelette.ca\/en\/wp-json\/wp\/v2\/product_cat?post=8785"},{"taxonomy":"product_tag","embeddable":true,"href":"https:\/\/goelette.ca\/en\/wp-json\/wp\/v2\/product_tag?post=8785"},{"taxonomy":"maison_dedition","embeddable":true,"href":"https:\/\/goelette.ca\/en\/wp-json\/wp\/v2\/maison_dedition?post=8785"}],"curies":[{"name":"wp","href":"https:\/\/api.w.org\/{rel}","templated":true}]}}