{"id":8724,"date":"2018-08-01T01:00:00","date_gmt":"2021-10-04T18:09:41","guid":{"rendered":"https:\/\/www.goelette.ca\/produit\/la-mendiante-tome-2\/"},"modified":"2022-12-08T08:26:12","modified_gmt":"2022-12-08T13:26:12","slug":"la-mendiante-tome-2","status":"publish","type":"product","link":"https:\/\/goelette.ca\/en\/tous-les-livres\/la-mendiante-tome-2\/","title":{"rendered":"La mendiante tome 2"},"content":{"rendered":"<p>Un beau jour de ses treize ans, Gr\u00e9goire d\u00e9couvre toute la v\u00e9rit\u00e9 concernant son p\u00e8re et d\u00e9cide de quitter le nid familial. Deux ans plus tard, le gar\u00e7on est engag\u00e9 dans un camp de b\u00fbcherons avec l\u2019espoir de gagner enfin sa libert\u00e9 et de d\u00e9couvrir ses origines. Mais la vie est difficile sur le camp. Les heures sont dures et les hommes, sauvages. Chore-boy, Gr\u00e9goire devra endurer les humeurs de Sauvageau, le boss du camp, les ordres des cooks, ainsi que le caract\u00e8re de Bethl\u00e9em, la seule fille du camp.<\/p>\n<p>\u00c0 travers un roman empreint de force brute, de sueur et de dur labeur, Micheline Dalp\u00e9 d\u00e9peint avec sensibilit\u00e9 une \u00e9poque pas si lointaine o\u00f9 le quotidien d\u00e9passait rarement les limites du village, o\u00f9 les gens tra\u00eenaient la r\u00e9putation de leurs parents comme un boulet, et o\u00f9 les comm\u00e8res guettaient les amours naissantes.<\/p>\n<p>Romanci\u00e8re \u00e9m\u00e9rite, Micheline Dalp\u00e9 brosse et peint, d\u2019une main de ma\u00eetre, des personnages attachants reli\u00e9s \u00e0 notre terroir. Elle participe ainsi \u00e0 la m\u00e9moire du patrimoine.<\/p>\n","protected":false},"excerpt":{"rendered":"<p>Un beau jour de ses treize ans, Gr\u00e9goire d\u00e9couvre toute la v\u00e9rit\u00e9 concernant son p\u00e8re et d\u00e9cide de quitter le nid familial. Deux ans plus tard, le gar\u00e7on est engag\u00e9 dans un camp de b\u00fbcherons avec l\u2019espoir de gagner enfin sa libert\u00e9 et de d\u00e9couvrir ses origines. Mais la vie est difficile sur le camp. [&hellip;]<\/p>\n","protected":false},"featured_media":8722,"template":"","meta":{"wds_primary_product_brand":0,"wds_primary_product_cat":0,"wds_primary_maison_dedition":0},"product_brand":[],"product_cat":[543,542],"product_tag":[],"maison_dedition":[541],"class_list":{"0":"post-8724","1":"product","2":"type-product","3":"status-publish","4":"has-post-thumbnail","6":"product_cat-historique","7":"product_cat-roman","8":"pa_auteur-micheline-dalpe","9":"maison_dedition-les-editions-coup-doeil","11":"first","12":"instock","13":"taxable","14":"shipping-taxable","15":"purchasable","16":"product-type-variable"},"bundled_by":[],"bundle_stock_status":"instock","bundle_stock_quantity":null,"bundle_virtual":false,"bundle_layout":"","bundle_add_to_cart_form_location":"","bundle_editable_in_cart":false,"bundle_sold_individually_context":"","bundle_item_grouping":"","bundle_min_size":"","bundle_max_size":"","bundle_price":[],"bundled_items":[],"bundle_sell_ids":[],"acf":[],"_links":{"self":[{"href":"https:\/\/goelette.ca\/en\/wp-json\/wp\/v2\/product\/8724","targetHints":{"allow":["GET"]}}],"collection":[{"href":"https:\/\/goelette.ca\/en\/wp-json\/wp\/v2\/product"}],"about":[{"href":"https:\/\/goelette.ca\/en\/wp-json\/wp\/v2\/types\/product"}],"wp:featuredmedia":[{"embeddable":true,"href":"https:\/\/goelette.ca\/en\/wp-json\/wp\/v2\/media\/8722"}],"wp:attachment":[{"href":"https:\/\/goelette.ca\/en\/wp-json\/wp\/v2\/media?parent=8724"}],"wp:term":[{"taxonomy":"product_brand","embeddable":true,"href":"https:\/\/goelette.ca\/en\/wp-json\/wp\/v2\/product_brand?post=8724"},{"taxonomy":"product_cat","embeddable":true,"href":"https:\/\/goelette.ca\/en\/wp-json\/wp\/v2\/product_cat?post=8724"},{"taxonomy":"product_tag","embeddable":true,"href":"https:\/\/goelette.ca\/en\/wp-json\/wp\/v2\/product_tag?post=8724"},{"taxonomy":"maison_dedition","embeddable":true,"href":"https:\/\/goelette.ca\/en\/wp-json\/wp\/v2\/maison_dedition?post=8724"}],"curies":[{"name":"wp","href":"https:\/\/api.w.org\/{rel}","templated":true}]}}