{"id":8721,"date":"2018-08-01T01:00:00","date_gmt":"2021-10-04T18:09:38","guid":{"rendered":"https:\/\/www.goelette.ca\/produit\/la-mendiante-tome-1\/"},"modified":"2022-04-29T13:34:28","modified_gmt":"2022-04-29T17:34:28","slug":"la-mendiante-tome-1","status":"publish","type":"product","link":"https:\/\/goelette.ca\/en\/tous-les-livres\/la-mendiante-tome-1\/","title":{"rendered":"La mendiante tome 1"},"content":{"rendered":"<p>Par une chaude journ\u00e9e de 1914, un nouveau-n\u00e9 entre dans la famille de mendiants de Jos\u00e9phine Job\u00e9. La vie de la fillette s\u2019en trouve soudainement boulevers\u00e9e, alors que ses parents la poussent \u00e0 faire la run toute seule entre Saint-Alexis et Saint-Jacques.<\/p>\n<p>Vive, d\u00e9brouillarde et enjou\u00e9e, la blondinette devra alors compter sur la bont\u00e9 des gens pour survivre. Rejet\u00e9e de tous et regard\u00e9e de haut par les autres, Jos\u00e9phine fera son chemin, emplie par la libert\u00e9 de la route, l\u2019amiti\u00e9 de Gr\u00e9goire, son amour secret, et le soutien de L\u00e9ocadie etses fr\u00e8res.<\/p>\n<p>Dans ce roman, camp\u00e9 dans le Lanaudi\u00e8re du d\u00e9but du XXe si\u00e8cle, Micheline Dalp\u00e9 parvient \u00e0 recr\u00e9er, d\u2019une plume habile, le quotidien des mendiants de l\u2019\u00e9poque, ceux que l\u2019on traitait de qu\u00eateux, mais gr\u00e2ce \u00e0 qui les nouvelles voyageaient entre les villages de ce coin de pays.<\/p>\n<p>Romanci\u00e8re \u00e9m\u00e9rite, Micheline Dalp\u00e9 brosse et peint, d\u2019une main de ma\u00eetre, des personnages attachants reli\u00e9s \u00e0 notre terroir. Elle participe ainsi \u00e0 la m\u00e9moire du patrimoine.<\/p>\n","protected":false},"excerpt":{"rendered":"<p>Par une chaude journ\u00e9e de 1914, un nouveau-n\u00e9 entre dans la famille de mendiants de Jos\u00e9phine Job\u00e9. La vie de la fillette s\u2019en trouve soudainement boulevers\u00e9e, alors que ses parents la poussent \u00e0 faire la run toute seule entre Saint-Alexis et Saint-Jacques. Vive, d\u00e9brouillarde et enjou\u00e9e, la blondinette devra alors compter sur la bont\u00e9 des [&hellip;]<\/p>\n","protected":false},"featured_media":8719,"template":"","meta":{"wds_primary_product_brand":0,"wds_primary_product_cat":0,"wds_primary_maison_dedition":0},"product_brand":[],"product_cat":[543,542],"product_tag":[],"maison_dedition":[541],"class_list":{"0":"post-8721","1":"product","2":"type-product","3":"status-publish","4":"has-post-thumbnail","6":"product_cat-historique","7":"product_cat-roman","8":"pa_auteur-micheline-dalpe","9":"maison_dedition-les-editions-coup-doeil","11":"first","12":"instock","13":"taxable","14":"shipping-taxable","15":"purchasable","16":"product-type-variable"},"bundled_by":[],"bundle_stock_status":"instock","bundle_stock_quantity":null,"bundle_virtual":false,"bundle_layout":"","bundle_add_to_cart_form_location":"","bundle_editable_in_cart":false,"bundle_sold_individually_context":"","bundle_item_grouping":"","bundle_min_size":"","bundle_max_size":"","bundle_price":[],"bundled_items":[],"bundle_sell_ids":[],"acf":[],"_links":{"self":[{"href":"https:\/\/goelette.ca\/en\/wp-json\/wp\/v2\/product\/8721","targetHints":{"allow":["GET"]}}],"collection":[{"href":"https:\/\/goelette.ca\/en\/wp-json\/wp\/v2\/product"}],"about":[{"href":"https:\/\/goelette.ca\/en\/wp-json\/wp\/v2\/types\/product"}],"wp:featuredmedia":[{"embeddable":true,"href":"https:\/\/goelette.ca\/en\/wp-json\/wp\/v2\/media\/8719"}],"wp:attachment":[{"href":"https:\/\/goelette.ca\/en\/wp-json\/wp\/v2\/media?parent=8721"}],"wp:term":[{"taxonomy":"product_brand","embeddable":true,"href":"https:\/\/goelette.ca\/en\/wp-json\/wp\/v2\/product_brand?post=8721"},{"taxonomy":"product_cat","embeddable":true,"href":"https:\/\/goelette.ca\/en\/wp-json\/wp\/v2\/product_cat?post=8721"},{"taxonomy":"product_tag","embeddable":true,"href":"https:\/\/goelette.ca\/en\/wp-json\/wp\/v2\/product_tag?post=8721"},{"taxonomy":"maison_dedition","embeddable":true,"href":"https:\/\/goelette.ca\/en\/wp-json\/wp\/v2\/maison_dedition?post=8721"}],"curies":[{"name":"wp","href":"https:\/\/api.w.org\/{rel}","templated":true}]}}