{"id":8718,"date":"2014-10-15T01:00:00","date_gmt":"2021-10-04T18:09:33","guid":{"rendered":"https:\/\/www.goelette.ca\/produit\/la-fille-du-sacristain\/"},"modified":"2023-02-02T15:53:57","modified_gmt":"2023-02-02T20:53:57","slug":"la-fille-du-sacristain","status":"publish","type":"product","link":"https:\/\/goelette.ca\/en\/tous-les-livres\/la-fille-du-sacristain\/","title":{"rendered":"La fille du sacristain"},"content":{"rendered":"<p>\u00c0 Sacr\u00e9-Coeur-de-J\u00e9sus en 1955, \u00c9mery Gauthier, sacristain de sa paroisse, et sa femme, Mathilde, ont d\u00e9j\u00e0 imagin\u00e9 le destin de leurs filles. Mais en cette p\u00e9riode d\u2019apr\u00e8s-guerre, les enfants du couple ne semblent pas vouloir se contenter de la voie trac\u00e9e par leurs parents. C\u00e9lestine, aussi cabocharde que son p\u00e8re, n\u2019est nullement int\u00e9ress\u00e9e par la vie \u00e0 la campagne. La ferme et la religion, tr\u00e8s peu pour elle !<\/p>\n<p>\u00c0 dix-sept ans, son souhait le plus cher serait d\u2019\u00e9chapper \u00e0 cette \u00ab mosus \u00bb de terre.<br \/>\nGr\u00e2ce \u00e0 son style fluide et empreint d\u2019\u00e9motions, Micheline Dalp\u00e9 parvient \u00e0 recr\u00e9er avec brio le quotidien d\u2019une vie typiquement rurale \u00e0 l\u2019heure o\u00f9 la tradition et la modernit\u00e9 s\u2019affrontent. \u00c0 travers ses yeux et ses mots, le d\u00e9sir de C\u00e9lestine retrace le long chemin menant \u00e0 la R\u00e9volution tranquille.<\/p>\n<p>Romanci\u00e8re \u00e9m\u00e9rite, Micheline Dalp\u00e9 brosse et peint, d\u2019une main de ma\u00eetre, des personnages attachants reli\u00e9s \u00e0 notre terroir. Elle participe ainsi \u00e0 la m\u00e9moire du patrimoine.<\/p>\n","protected":false},"excerpt":{"rendered":"<p>\u00c0 Sacr\u00e9-Coeur-de-J\u00e9sus en 1955, \u00c9mery Gauthier, sacristain de sa paroisse, et sa femme, Mathilde, ont d\u00e9j\u00e0 imagin\u00e9 le destin de leurs filles. Mais en cette p\u00e9riode d\u2019apr\u00e8s-guerre, les enfants du couple ne semblent pas vouloir se contenter de la voie trac\u00e9e par leurs parents. C\u00e9lestine, aussi cabocharde que son p\u00e8re, n\u2019est nullement int\u00e9ress\u00e9e par la [&hellip;]<\/p>\n","protected":false},"featured_media":8716,"template":"","meta":{"wds_primary_product_brand":0,"wds_primary_product_cat":0,"wds_primary_maison_dedition":0},"product_brand":[],"product_cat":[543,542],"product_tag":[],"maison_dedition":[541],"class_list":{"0":"post-8718","1":"product","2":"type-product","3":"status-publish","4":"has-post-thumbnail","6":"product_cat-historique","7":"product_cat-roman","8":"pa_auteur-micheline-dalpe","9":"maison_dedition-les-editions-coup-doeil","11":"first","12":"instock","13":"taxable","14":"shipping-taxable","15":"purchasable","16":"product-type-variable"},"bundled_by":[],"bundle_stock_status":"instock","bundle_stock_quantity":null,"bundle_virtual":false,"bundle_layout":"","bundle_add_to_cart_form_location":"","bundle_editable_in_cart":false,"bundle_sold_individually_context":"","bundle_item_grouping":"","bundle_min_size":"","bundle_max_size":"","bundle_price":[],"bundled_items":[],"bundle_sell_ids":[],"acf":[],"_links":{"self":[{"href":"https:\/\/goelette.ca\/en\/wp-json\/wp\/v2\/product\/8718","targetHints":{"allow":["GET"]}}],"collection":[{"href":"https:\/\/goelette.ca\/en\/wp-json\/wp\/v2\/product"}],"about":[{"href":"https:\/\/goelette.ca\/en\/wp-json\/wp\/v2\/types\/product"}],"wp:featuredmedia":[{"embeddable":true,"href":"https:\/\/goelette.ca\/en\/wp-json\/wp\/v2\/media\/8716"}],"wp:attachment":[{"href":"https:\/\/goelette.ca\/en\/wp-json\/wp\/v2\/media?parent=8718"}],"wp:term":[{"taxonomy":"product_brand","embeddable":true,"href":"https:\/\/goelette.ca\/en\/wp-json\/wp\/v2\/product_brand?post=8718"},{"taxonomy":"product_cat","embeddable":true,"href":"https:\/\/goelette.ca\/en\/wp-json\/wp\/v2\/product_cat?post=8718"},{"taxonomy":"product_tag","embeddable":true,"href":"https:\/\/goelette.ca\/en\/wp-json\/wp\/v2\/product_tag?post=8718"},{"taxonomy":"maison_dedition","embeddable":true,"href":"https:\/\/goelette.ca\/en\/wp-json\/wp\/v2\/maison_dedition?post=8718"}],"curies":[{"name":"wp","href":"https:\/\/api.w.org\/{rel}","templated":true}]}}