{"id":8715,"date":"2014-10-15T01:00:00","date_gmt":"2021-10-04T18:09:29","guid":{"rendered":"https:\/\/www.goelette.ca\/produit\/laffaire-brien\/"},"modified":"2025-06-06T10:50:51","modified_gmt":"2025-06-06T14:50:51","slug":"laffaire-brien","status":"publish","type":"product","link":"https:\/\/goelette.ca\/en\/tous-les-livres\/laffaire-brien\/","title":{"rendered":"L&#8217;affaire Brien"},"content":{"rendered":"<p>Un matin de l\u2019\u00e9t\u00e9 indien 1819, un nouveau-n\u00e9 est d\u00e9pos\u00e9 \u00e0 la porte de la famille Brien, abandonn\u00e9 comme une port\u00e9e de chatons. Quinze ans plus tard, dans cette m\u00eame maison, une jeune femme est assassin\u00e9e \u00e0 coups de hache alors que son mari dort \u00e0 ses c\u00f4t\u00e9s. Les autorit\u00e9s soup\u00e7onnent aussit\u00f4t le fr\u00e8re de l\u2019\u00e9poux, amoureux lui aussi de la victime.<\/p>\n<p>Ce qui aurait pu n\u2019\u00eatre qu\u2019une banale chronique judiciaire devient sous la plume de Micheline Dalp\u00e9 un vibrant hommage \u00e0 l\u2019histoire rurale qu\u00e9b\u00e9coise et au destin tragique des familles Brien et Perreault.<\/p>\n<p>Entre ces deux temps forts du roman, l\u2019auteur peint le portrait de la vie des colons canadiens-fran\u00e7ais du XIXe si\u00e8cle, faite de dur labeur et de bonheurs simples, d\u2019ob\u00e9dience religieuse et de silences, o\u00f9 se dessine en filigrane le drame des filles-m\u00e8res et des \u00ab enfants trouv\u00e9s \u00bb.<\/p>\n<p>Romanci\u00e8re \u00e9m\u00e9rite, Micheline Dalp\u00e9 brosse et peint, d\u2019une main de ma\u00eetre, des personnages attachants reli\u00e9s \u00e0 notre terroir. Elle participe ainsi \u00e0 la m\u00e9moire du patrimoine.<\/p>\n","protected":false},"excerpt":{"rendered":"<p>Un matin de l\u2019\u00e9t\u00e9 indien 1819, un nouveau-n\u00e9 est d\u00e9pos\u00e9 \u00e0 la porte de la famille Brien, abandonn\u00e9 comme une port\u00e9e de chatons. Quinze ans plus tard, dans cette m\u00eame maison, une jeune femme est assassin\u00e9e \u00e0 coups de hache alors que son mari dort \u00e0 ses c\u00f4t\u00e9s. Les autorit\u00e9s soup\u00e7onnent aussit\u00f4t le fr\u00e8re de [&hellip;]<\/p>\n","protected":false},"featured_media":8713,"template":"","meta":{"wds_primary_product_brand":0,"wds_primary_product_cat":0,"wds_primary_maison_dedition":0},"product_brand":[],"product_cat":[546,542],"product_tag":[],"maison_dedition":[541],"class_list":{"0":"post-8715","1":"product","2":"type-product","3":"status-publish","4":"has-post-thumbnail","6":"product_cat-policier-thriller","7":"product_cat-roman","8":"pa_auteur-micheline-dalpe","9":"maison_dedition-les-editions-coup-doeil","11":"first","12":"instock","13":"taxable","14":"shipping-taxable","15":"purchasable","16":"product-type-variable"},"bundled_by":[],"bundle_stock_status":"instock","bundle_stock_quantity":null,"bundle_virtual":false,"bundle_layout":"","bundle_add_to_cart_form_location":"","bundle_editable_in_cart":false,"bundle_sold_individually_context":"","bundle_item_grouping":"","bundle_min_size":"","bundle_max_size":"","bundle_price":[],"bundled_items":[],"bundle_sell_ids":[],"acf":[],"_links":{"self":[{"href":"https:\/\/goelette.ca\/en\/wp-json\/wp\/v2\/product\/8715","targetHints":{"allow":["GET"]}}],"collection":[{"href":"https:\/\/goelette.ca\/en\/wp-json\/wp\/v2\/product"}],"about":[{"href":"https:\/\/goelette.ca\/en\/wp-json\/wp\/v2\/types\/product"}],"wp:featuredmedia":[{"embeddable":true,"href":"https:\/\/goelette.ca\/en\/wp-json\/wp\/v2\/media\/8713"}],"wp:attachment":[{"href":"https:\/\/goelette.ca\/en\/wp-json\/wp\/v2\/media?parent=8715"}],"wp:term":[{"taxonomy":"product_brand","embeddable":true,"href":"https:\/\/goelette.ca\/en\/wp-json\/wp\/v2\/product_brand?post=8715"},{"taxonomy":"product_cat","embeddable":true,"href":"https:\/\/goelette.ca\/en\/wp-json\/wp\/v2\/product_cat?post=8715"},{"taxonomy":"product_tag","embeddable":true,"href":"https:\/\/goelette.ca\/en\/wp-json\/wp\/v2\/product_tag?post=8715"},{"taxonomy":"maison_dedition","embeddable":true,"href":"https:\/\/goelette.ca\/en\/wp-json\/wp\/v2\/maison_dedition?post=8715"}],"curies":[{"name":"wp","href":"https:\/\/api.w.org\/{rel}","templated":true}]}}