{"id":8682,"date":"2016-02-10T01:00:00","date_gmt":"2021-10-04T18:09:06","guid":{"rendered":"https:\/\/www.goelette.ca\/produit\/le-chateau-de-beauharnois-tome-2\/"},"modified":"2022-04-29T13:34:13","modified_gmt":"2022-04-29T17:34:13","slug":"le-chateau-de-beauharnois-tome-2","status":"publish","type":"product","link":"https:\/\/goelette.ca\/en\/tous-les-livres\/le-chateau-de-beauharnois-tome-2\/","title":{"rendered":"Le ch\u00e2teau de Beauharnois tome 2"},"content":{"rendered":"<p><span style=\"font-size: 12px;\">Les ann\u00e9es se sont \u00e9coul\u00e9es; les batailles sont maintenant pass\u00e9es. Apr\u00e8s avoir v\u00e9cu quelque temps en Angleterre pour \u00e9viter les repr\u00e9sailles, Jacques et Caroline sont pr\u00eats \u00e0 revenir s&#8217;installer \u00e0 Beauharnois pour y vivre heureux pr\u00e8s des leurs.<\/span><\/p>\n<p><span style=\"font-size: 12px;\">Toutefois, les plaies ne sont pas toutes pans\u00e9es. Une tension subsiste encore entre anglophones et francophones, attis\u00e9e par les enjeux des \u00e9lections \u00e0 venir, et le couple se voit de nouveau pris dans la tourmente. Alors que de nouveaux conflits pointent \u00e0 l&#8217;horizon, l&#8217;espoir est la solution de mise pour les deux amoureux, qui souhaitent tant vivre dans un monde \u00e0 leur image.<\/span><\/p>\n<p><span style=\"font-size: 12px;\">Avec ce second tome, Yvon Thibault cl\u00f4t habilement son diptyque en nous pr\u00e9sentant un nouveau pan d&#8217;histoire o\u00f9 s&#8217;entrem\u00ealent la passion et le courage de ceux qui ont fa\u00e7onn\u00e9 notre pays.<\/span><\/p>\n","protected":false},"excerpt":{"rendered":"<p>Les ann\u00e9es se sont \u00e9coul\u00e9es; les batailles sont maintenant pass\u00e9es. Apr\u00e8s avoir v\u00e9cu quelque temps en Angleterre pour \u00e9viter les repr\u00e9sailles, Jacques et Caroline sont pr\u00eats \u00e0 revenir s&#8217;installer \u00e0 Beauharnois pour y vivre heureux pr\u00e8s des leurs. Toutefois, les plaies ne sont pas toutes pans\u00e9es. Une tension subsiste encore entre anglophones et francophones, attis\u00e9e [&hellip;]<\/p>\n","protected":false},"featured_media":8680,"template":"","meta":{"wds_primary_product_brand":0,"wds_primary_product_cat":0,"wds_primary_maison_dedition":0},"product_brand":[],"product_cat":[543,542],"product_tag":[],"maison_dedition":[541],"class_list":{"0":"post-8682","1":"product","2":"type-product","3":"status-publish","4":"has-post-thumbnail","6":"product_cat-historique","7":"product_cat-roman","8":"pa_auteur-yvon-thibault","9":"maison_dedition-les-editions-coup-doeil","11":"first","12":"instock","13":"taxable","14":"shipping-taxable","15":"purchasable","16":"product-type-variable"},"bundled_by":[],"bundle_stock_status":"instock","bundle_stock_quantity":null,"bundle_virtual":false,"bundle_layout":"","bundle_add_to_cart_form_location":"","bundle_editable_in_cart":false,"bundle_sold_individually_context":"","bundle_item_grouping":"","bundle_min_size":"","bundle_max_size":"","bundle_price":[],"bundled_items":[],"bundle_sell_ids":[],"acf":[],"_links":{"self":[{"href":"https:\/\/goelette.ca\/en\/wp-json\/wp\/v2\/product\/8682","targetHints":{"allow":["GET"]}}],"collection":[{"href":"https:\/\/goelette.ca\/en\/wp-json\/wp\/v2\/product"}],"about":[{"href":"https:\/\/goelette.ca\/en\/wp-json\/wp\/v2\/types\/product"}],"wp:featuredmedia":[{"embeddable":true,"href":"https:\/\/goelette.ca\/en\/wp-json\/wp\/v2\/media\/8680"}],"wp:attachment":[{"href":"https:\/\/goelette.ca\/en\/wp-json\/wp\/v2\/media?parent=8682"}],"wp:term":[{"taxonomy":"product_brand","embeddable":true,"href":"https:\/\/goelette.ca\/en\/wp-json\/wp\/v2\/product_brand?post=8682"},{"taxonomy":"product_cat","embeddable":true,"href":"https:\/\/goelette.ca\/en\/wp-json\/wp\/v2\/product_cat?post=8682"},{"taxonomy":"product_tag","embeddable":true,"href":"https:\/\/goelette.ca\/en\/wp-json\/wp\/v2\/product_tag?post=8682"},{"taxonomy":"maison_dedition","embeddable":true,"href":"https:\/\/goelette.ca\/en\/wp-json\/wp\/v2\/maison_dedition?post=8682"}],"curies":[{"name":"wp","href":"https:\/\/api.w.org\/{rel}","templated":true}]}}