{"id":81902,"date":"2024-03-07T15:37:03","date_gmt":"2024-03-07T20:37:03","guid":{"rendered":"https:\/\/www.goelette.ca\/?post_type=product&#038;p=81902"},"modified":"2024-04-03T10:05:44","modified_gmt":"2024-04-03T14:05:44","slug":"des-jeux-et-des-jeux-mots-debrouilles-vol-2","status":"publish","type":"product","link":"https:\/\/goelette.ca\/en\/tous-les-livres\/des-jeux-et-des-jeux-mots-debrouilles-vol-2\/","title":{"rendered":"Des jeux et des jeux &#8211; Mots d\u00e9brouill\u00e9s vol. 2"},"content":{"rendered":"<p>260 GRILLES ET SOLUTIONS<\/p>\n<p>Avec les jeux mots d\u00e9brouill\u00e9s, profitez d\u2019un agr\u00e9able moment de d\u00e9tente tout en mettant votre logique au d\u00e9fi. La collection Des jeux et des jeux vous propose des jeux de lettres et de chiffres classiques tout en gardant une place pour la d\u00e9couverte de nouveaux jeux, de quoi faire le bonheur de tous les amateurs de jeux.<\/p>\n","protected":false},"excerpt":{"rendered":"<p>260 GRILLES ET SOLUTIONS Avec les jeux mots d\u00e9brouill\u00e9s, profitez d\u2019un agr\u00e9able moment de d\u00e9tente tout en mettant votre logique au d\u00e9fi. La collection Des jeux et des jeux vous propose des jeux de lettres et de chiffres classiques tout en gardant une place pour la d\u00e9couverte de nouveaux jeux, de quoi faire le bonheur [&hellip;]<\/p>\n","protected":false},"featured_media":81905,"template":"","meta":{"wds_primary_product_brand":0,"wds_primary_product_cat":0,"wds_primary_maison_dedition":0},"product_brand":[],"product_cat":[567,566,651],"product_tag":[],"maison_dedition":[648,630],"class_list":{"0":"post-81902","1":"product","2":"type-product","3":"status-publish","4":"has-post-thumbnail","6":"product_cat-adulte","7":"product_cat-livres-de-jeux","8":"product_cat-mots-debrouilles","9":"pa_auteur-collectif","10":"maison_dedition-des-jeux-et-des-jeux","11":"maison_dedition-les-editions-goelette","13":"first","14":"instock","15":"taxable","16":"shipping-taxable","17":"purchasable","18":"product-type-variable"},"bundled_by":[],"bundle_stock_status":"instock","bundle_stock_quantity":null,"bundle_virtual":false,"bundle_layout":"","bundle_add_to_cart_form_location":"","bundle_editable_in_cart":false,"bundle_sold_individually_context":"","bundle_item_grouping":"","bundle_min_size":"","bundle_max_size":"","bundle_price":[],"bundled_items":[],"bundle_sell_ids":[],"acf":[],"_links":{"self":[{"href":"https:\/\/goelette.ca\/en\/wp-json\/wp\/v2\/product\/81902","targetHints":{"allow":["GET"]}}],"collection":[{"href":"https:\/\/goelette.ca\/en\/wp-json\/wp\/v2\/product"}],"about":[{"href":"https:\/\/goelette.ca\/en\/wp-json\/wp\/v2\/types\/product"}],"wp:featuredmedia":[{"embeddable":true,"href":"https:\/\/goelette.ca\/en\/wp-json\/wp\/v2\/media\/81905"}],"wp:attachment":[{"href":"https:\/\/goelette.ca\/en\/wp-json\/wp\/v2\/media?parent=81902"}],"wp:term":[{"taxonomy":"product_brand","embeddable":true,"href":"https:\/\/goelette.ca\/en\/wp-json\/wp\/v2\/product_brand?post=81902"},{"taxonomy":"product_cat","embeddable":true,"href":"https:\/\/goelette.ca\/en\/wp-json\/wp\/v2\/product_cat?post=81902"},{"taxonomy":"product_tag","embeddable":true,"href":"https:\/\/goelette.ca\/en\/wp-json\/wp\/v2\/product_tag?post=81902"},{"taxonomy":"maison_dedition","embeddable":true,"href":"https:\/\/goelette.ca\/en\/wp-json\/wp\/v2\/maison_dedition?post=81902"}],"curies":[{"name":"wp","href":"https:\/\/api.w.org\/{rel}","templated":true}]}}