{"id":81886,"date":"2025-08-13T13:41:26","date_gmt":"2025-08-13T17:41:26","guid":{"rendered":"https:\/\/www.goelette.ca\/?post_type=product&#038;p=81886"},"modified":"2025-08-05T14:42:11","modified_gmt":"2025-08-05T18:42:11","slug":"le-fantastique-livre-des-dinosaures","status":"publish","type":"product","link":"https:\/\/goelette.ca\/en\/tous-les-livres\/le-fantastique-livre-des-dinosaures\/","title":{"rendered":"Le fantastique livre des dinosaures"},"content":{"rendered":"<p>Aussi incroyable que cela paraisse, les dinosaures ont domin\u00e9 la Terre pendant 150 millions d\u2019ann\u00e9es, tandis que nous, les \u00eatres humains, n\u2019existons que depuis 3 \u00e0 4 millions d\u2019ann\u00e9es.<\/p>\n<p>Dans cette encyclop\u00e9die richement illustr\u00e9e, d\u00e9couvre les premiers dinosaures, qui ont v\u00e9cu au Trias, comme le Herrerasaurus ou l\u2019Eoraptor, mais aussi les immenses herbivores \u00e0 long cou du Jurassique, notamment le Diplodocus, et les grands pr\u00e9dateurs du Cr\u00e9tac\u00e9, dont le terrible Tyrannosaurus rex.<\/p>\n","protected":false},"excerpt":{"rendered":"<p>Aussi incroyable que cela paraisse, les dinosaures ont domin\u00e9 la Terre pendant 150 millions d\u2019ann\u00e9es, tandis que nous, les \u00eatres humains, n\u2019existons que depuis 3 \u00e0 4 millions d\u2019ann\u00e9es. Dans cette encyclop\u00e9die richement illustr\u00e9e, d\u00e9couvre les premiers dinosaures, qui ont v\u00e9cu au Trias, comme le Herrerasaurus ou l\u2019Eoraptor, mais aussi les immenses herbivores \u00e0 long [&hellip;]<\/p>\n","protected":false},"featured_media":260401,"template":"","meta":{"wds_primary_product_brand":0,"wds_primary_product_cat":0,"wds_primary_maison_dedition":0},"product_brand":[],"product_cat":[555,553,538],"product_tag":[],"maison_dedition":[630],"class_list":{"0":"post-81886","1":"product","2":"type-product","3":"status-publish","4":"has-post-thumbnail","6":"product_cat-6-ans-et-plus","7":"product_cat-documentaire","8":"product_cat-jeunesse","9":"pa_auteur-collectif","10":"maison_dedition-les-editions-goelette","12":"first","13":"instock","14":"taxable","15":"shipping-taxable","16":"purchasable","17":"product-type-variable"},"bundled_by":[],"bundle_stock_status":"instock","bundle_stock_quantity":null,"bundle_virtual":false,"bundle_layout":"","bundle_add_to_cart_form_location":"","bundle_editable_in_cart":false,"bundle_sold_individually_context":"","bundle_item_grouping":"","bundle_min_size":"","bundle_max_size":"","bundle_price":[],"bundled_items":[],"bundle_sell_ids":[],"acf":[],"_links":{"self":[{"href":"https:\/\/goelette.ca\/en\/wp-json\/wp\/v2\/product\/81886","targetHints":{"allow":["GET"]}}],"collection":[{"href":"https:\/\/goelette.ca\/en\/wp-json\/wp\/v2\/product"}],"about":[{"href":"https:\/\/goelette.ca\/en\/wp-json\/wp\/v2\/types\/product"}],"wp:featuredmedia":[{"embeddable":true,"href":"https:\/\/goelette.ca\/en\/wp-json\/wp\/v2\/media\/260401"}],"wp:attachment":[{"href":"https:\/\/goelette.ca\/en\/wp-json\/wp\/v2\/media?parent=81886"}],"wp:term":[{"taxonomy":"product_brand","embeddable":true,"href":"https:\/\/goelette.ca\/en\/wp-json\/wp\/v2\/product_brand?post=81886"},{"taxonomy":"product_cat","embeddable":true,"href":"https:\/\/goelette.ca\/en\/wp-json\/wp\/v2\/product_cat?post=81886"},{"taxonomy":"product_tag","embeddable":true,"href":"https:\/\/goelette.ca\/en\/wp-json\/wp\/v2\/product_tag?post=81886"},{"taxonomy":"maison_dedition","embeddable":true,"href":"https:\/\/goelette.ca\/en\/wp-json\/wp\/v2\/maison_dedition?post=81886"}],"curies":[{"name":"wp","href":"https:\/\/api.w.org\/{rel}","templated":true}]}}