{"id":79289,"date":"2024-02-23T11:16:26","date_gmt":"2024-02-23T16:16:26","guid":{"rendered":"https:\/\/www.goelette.ca\/?post_type=product&#038;p=79289"},"modified":"2024-02-23T11:24:33","modified_gmt":"2024-02-23T16:24:33","slug":"gym-cerebrale-defis-de-lettres","status":"publish","type":"product","link":"https:\/\/goelette.ca\/en\/tous-les-livres\/gym-cerebrale-defis-de-lettres\/","title":{"rendered":"Gym c\u00e9r\u00e9brale &#8211; D\u00e9fis de lettres"},"content":{"rendered":"<p>255 JEUX pour stimuler vos neurones<\/p>\n<p>Amis des mots, retrouvez une s\u00e9lection de jeux de lettres qui contribuera \u00e0 garder vos facult\u00e9s mentales actives et alertes.<\/p>\n<p>La collection <em>Gym c\u00e9r\u00e9brale<\/em> vous propose des jeux con\u00e7us sp\u00e9cifiquement pour d\u00e9velopper et maintenir vos capacit\u00e9s cognitives tout en vous divertissant.<\/p>\n","protected":false},"excerpt":{"rendered":"<p>255 JEUX pour stimuler vos neurones Amis des mots, retrouvez une s\u00e9lection de jeux de lettres qui contribuera \u00e0 garder vos facult\u00e9s mentales actives et alertes. La collection Gym c\u00e9r\u00e9brale vous propose des jeux con\u00e7us sp\u00e9cifiquement pour d\u00e9velopper et maintenir vos capacit\u00e9s cognitives tout en vous divertissant.<\/p>\n","protected":false},"featured_media":79293,"template":"","meta":{"wds_primary_product_brand":0,"wds_primary_product_cat":0,"wds_primary_maison_dedition":0},"product_brand":[],"product_cat":[567,587,566],"product_tag":[],"maison_dedition":[773,630],"class_list":{"0":"post-79289","1":"product","2":"type-product","3":"status-publish","4":"has-post-thumbnail","6":"product_cat-adulte","7":"product_cat-jeux-melanges","8":"product_cat-livres-de-jeux","9":"pa_auteur-collectif","10":"maison_dedition-gym-cerebrale","11":"maison_dedition-les-editions-goelette","13":"first","14":"instock","15":"taxable","16":"shipping-taxable","17":"purchasable","18":"product-type-variable"},"bundled_by":[],"bundle_stock_status":"instock","bundle_stock_quantity":null,"bundle_virtual":false,"bundle_layout":"","bundle_add_to_cart_form_location":"","bundle_editable_in_cart":false,"bundle_sold_individually_context":"","bundle_item_grouping":"","bundle_min_size":"","bundle_max_size":"","bundle_price":[],"bundled_items":[],"bundle_sell_ids":[],"acf":[],"_links":{"self":[{"href":"https:\/\/goelette.ca\/en\/wp-json\/wp\/v2\/product\/79289","targetHints":{"allow":["GET"]}}],"collection":[{"href":"https:\/\/goelette.ca\/en\/wp-json\/wp\/v2\/product"}],"about":[{"href":"https:\/\/goelette.ca\/en\/wp-json\/wp\/v2\/types\/product"}],"wp:featuredmedia":[{"embeddable":true,"href":"https:\/\/goelette.ca\/en\/wp-json\/wp\/v2\/media\/79293"}],"wp:attachment":[{"href":"https:\/\/goelette.ca\/en\/wp-json\/wp\/v2\/media?parent=79289"}],"wp:term":[{"taxonomy":"product_brand","embeddable":true,"href":"https:\/\/goelette.ca\/en\/wp-json\/wp\/v2\/product_brand?post=79289"},{"taxonomy":"product_cat","embeddable":true,"href":"https:\/\/goelette.ca\/en\/wp-json\/wp\/v2\/product_cat?post=79289"},{"taxonomy":"product_tag","embeddable":true,"href":"https:\/\/goelette.ca\/en\/wp-json\/wp\/v2\/product_tag?post=79289"},{"taxonomy":"maison_dedition","embeddable":true,"href":"https:\/\/goelette.ca\/en\/wp-json\/wp\/v2\/maison_dedition?post=79289"}],"curies":[{"name":"wp","href":"https:\/\/api.w.org\/{rel}","templated":true}]}}