{"id":79184,"date":"2024-02-22T13:45:30","date_gmt":"2024-02-22T18:45:30","guid":{"rendered":"https:\/\/www.goelette.ca\/?post_type=product&#038;p=79184"},"modified":"2025-03-19T08:15:23","modified_gmt":"2025-03-19T12:15:23","slug":"le-chant-de-la-cigale","status":"publish","type":"product","link":"https:\/\/goelette.ca\/en\/tous-les-livres\/le-chant-de-la-cigale\/","title":{"rendered":"Le chant de la cigale T. 1 La saison des clochers"},"content":{"rendered":"<p>Sur son \u00eele au coeur de la Mauricie, o\u00f9 se trouvent les terres de sa famille, Ga\u00eblle Beaupr\u00e9 r\u00eave de libert\u00e9 et d\u2019aventures. Elle s\u2019amuse \u00e0 noircir des cahiers d\u2019histoires fabuleuses pour le plaisir de les raconter \u00e0 qui veut bien les \u00e9couter. Le cur\u00e9 Verville voit toutefois d\u2019un mauvais oeil l\u2019attitude frivole de la jeune femme. Il la somme de trouver un \u00e9poux dans les plus brefs d\u00e9lais. Si Ga\u00eblle n\u2019est pas mari\u00e9e \u00e0 P\u00e2ques, elle sera envoy\u00e9e au presbyt\u00e8re de la paroisse voisine pour servir le cur\u00e9 Yergeau.<\/p>\n<p>Malgr\u00e9 ses r\u00e9ticences, Ga\u00eblle essaie de se conformer \u00e0 ce que l\u2019on attend d\u2019elle. L\u2019ann\u00e9e 1888 ne s\u2019av\u00e8re toutefois pas de tout repos pour la jeune femme et sa famille. Entre le mariage de sa soeur a\u00een\u00e9e et les tribulations de la fratrie, Ga\u00eblle essaie au mieux de trouver quelle est sa place dans le monde. Quoi qu\u2019il arrive, r\u00e9ussira-t-elle \u00e0 suivre le chemin que lui dicte son coeur ?<\/p>\n","protected":false},"excerpt":{"rendered":"<p>Sur son \u00eele au coeur de la Mauricie, o\u00f9 se trouvent les terres de sa famille, Ga\u00eblle Beaupr\u00e9 r\u00eave de libert\u00e9 et d\u2019aventures. Elle s\u2019amuse \u00e0 noircir des cahiers d\u2019histoires fabuleuses pour le plaisir de les raconter \u00e0 qui veut bien les \u00e9couter. Le cur\u00e9 Verville voit toutefois d\u2019un mauvais oeil l\u2019attitude frivole de la [&hellip;]<\/p>\n","protected":false},"featured_media":79187,"template":"","meta":{"wds_primary_product_brand":0,"wds_primary_product_cat":0,"wds_primary_maison_dedition":0},"product_brand":[],"product_cat":[543,542],"product_tag":[],"maison_dedition":[630],"class_list":{"0":"post-79184","1":"product","2":"type-product","3":"status-publish","4":"has-post-thumbnail","6":"product_cat-historique","7":"product_cat-roman","8":"pa_auteur-carol-ann-d-lebeau","9":"maison_dedition-les-editions-goelette","11":"first","12":"instock","13":"taxable","14":"shipping-taxable","15":"purchasable","16":"product-type-variable","17":"has-default-attributes"},"bundled_by":[],"bundle_stock_status":"instock","bundle_stock_quantity":null,"bundle_virtual":false,"bundle_layout":"","bundle_add_to_cart_form_location":"","bundle_editable_in_cart":false,"bundle_sold_individually_context":"","bundle_item_grouping":"","bundle_min_size":"","bundle_max_size":"","bundle_price":[],"bundled_items":[],"bundle_sell_ids":[],"acf":[],"_links":{"self":[{"href":"https:\/\/goelette.ca\/en\/wp-json\/wp\/v2\/product\/79184","targetHints":{"allow":["GET"]}}],"collection":[{"href":"https:\/\/goelette.ca\/en\/wp-json\/wp\/v2\/product"}],"about":[{"href":"https:\/\/goelette.ca\/en\/wp-json\/wp\/v2\/types\/product"}],"wp:featuredmedia":[{"embeddable":true,"href":"https:\/\/goelette.ca\/en\/wp-json\/wp\/v2\/media\/79187"}],"wp:attachment":[{"href":"https:\/\/goelette.ca\/en\/wp-json\/wp\/v2\/media?parent=79184"}],"wp:term":[{"taxonomy":"product_brand","embeddable":true,"href":"https:\/\/goelette.ca\/en\/wp-json\/wp\/v2\/product_brand?post=79184"},{"taxonomy":"product_cat","embeddable":true,"href":"https:\/\/goelette.ca\/en\/wp-json\/wp\/v2\/product_cat?post=79184"},{"taxonomy":"product_tag","embeddable":true,"href":"https:\/\/goelette.ca\/en\/wp-json\/wp\/v2\/product_tag?post=79184"},{"taxonomy":"maison_dedition","embeddable":true,"href":"https:\/\/goelette.ca\/en\/wp-json\/wp\/v2\/maison_dedition?post=79184"}],"curies":[{"name":"wp","href":"https:\/\/api.w.org\/{rel}","templated":true}]}}