{"id":78784,"date":"2024-02-16T14:48:01","date_gmt":"2024-02-16T19:48:01","guid":{"rendered":"https:\/\/www.goelette.ca\/?post_type=product&#038;p=78784"},"modified":"2024-02-16T15:00:29","modified_gmt":"2024-02-16T20:00:29","slug":"de-la-creme-glacee-pour-arthur","status":"publish","type":"product","link":"https:\/\/goelette.ca\/en\/tous-les-livres\/de-la-creme-glacee-pour-arthur\/","title":{"rendered":"De la cr\u00e8me glac\u00e9e pour Arthur"},"content":{"rendered":"<p>Arthur le dragon aimerait manger de la cr\u00e8me glac\u00e9e, mais celle-ci se met \u00e0 fondre d\u00e8s qu\u2019il ouvre la bouche ! Heureusement, Z\u00e9lie la chevali\u00e8re a la solution !<\/p>\n","protected":false},"excerpt":{"rendered":"<p>Arthur le dragon aimerait manger de la cr\u00e8me glac\u00e9e, mais celle-ci se met \u00e0 fondre d\u00e8s qu\u2019il ouvre la bouche ! Heureusement, Z\u00e9lie la chevali\u00e8re a la solution !<\/p>\n","protected":false},"featured_media":78786,"template":"","meta":{"wds_primary_product_brand":0,"wds_primary_product_cat":0,"wds_primary_maison_dedition":0},"product_brand":[],"product_cat":[560,538,667,545],"product_tag":[],"maison_dedition":[541],"class_list":{"0":"post-78784","1":"product","2":"type-product","3":"status-publish","4":"has-post-thumbnail","6":"product_cat-3-5-ans","7":"product_cat-jeunesse","8":"product_cat-livres-tout-carton","9":"product_cat-noel","10":"maison_dedition-les-editions-coup-doeil","12":"first","13":"instock","14":"taxable","15":"shipping-taxable","16":"purchasable","17":"product-type-variable"},"bundled_by":[],"bundle_stock_status":"instock","bundle_stock_quantity":null,"bundle_virtual":false,"bundle_layout":"","bundle_add_to_cart_form_location":"","bundle_editable_in_cart":false,"bundle_sold_individually_context":"","bundle_item_grouping":"","bundle_min_size":"","bundle_max_size":"","bundle_price":[],"bundled_items":[],"bundle_sell_ids":[],"acf":[],"_links":{"self":[{"href":"https:\/\/goelette.ca\/en\/wp-json\/wp\/v2\/product\/78784","targetHints":{"allow":["GET"]}}],"collection":[{"href":"https:\/\/goelette.ca\/en\/wp-json\/wp\/v2\/product"}],"about":[{"href":"https:\/\/goelette.ca\/en\/wp-json\/wp\/v2\/types\/product"}],"wp:featuredmedia":[{"embeddable":true,"href":"https:\/\/goelette.ca\/en\/wp-json\/wp\/v2\/media\/78786"}],"wp:attachment":[{"href":"https:\/\/goelette.ca\/en\/wp-json\/wp\/v2\/media?parent=78784"}],"wp:term":[{"taxonomy":"product_brand","embeddable":true,"href":"https:\/\/goelette.ca\/en\/wp-json\/wp\/v2\/product_brand?post=78784"},{"taxonomy":"product_cat","embeddable":true,"href":"https:\/\/goelette.ca\/en\/wp-json\/wp\/v2\/product_cat?post=78784"},{"taxonomy":"product_tag","embeddable":true,"href":"https:\/\/goelette.ca\/en\/wp-json\/wp\/v2\/product_tag?post=78784"},{"taxonomy":"maison_dedition","embeddable":true,"href":"https:\/\/goelette.ca\/en\/wp-json\/wp\/v2\/maison_dedition?post=78784"}],"curies":[{"name":"wp","href":"https:\/\/api.w.org\/{rel}","templated":true}]}}