{"id":78112,"date":"2024-02-09T13:06:16","date_gmt":"2024-02-09T18:06:16","guid":{"rendered":"https:\/\/www.goelette.ca\/?post_type=product&#038;p=78112"},"modified":"2025-05-27T16:25:51","modified_gmt":"2025-05-27T20:25:51","slug":"mon-potatger-du-salon-au-balcon-en-prevente","status":"publish","type":"product","link":"https:\/\/goelette.ca\/en\/tous-les-livres\/mon-potatger-du-salon-au-balcon-en-prevente\/","title":{"rendered":"Mon potager &#8211; Du salon au balcon"},"content":{"rendered":"<p>Que ce soit dans la maison ou sur le balcon, dans la cour ou les plates-bandes ; semer, planter et faire pousser fruits, l\u00e9gumes et fines herbes est plus facile et accessible que jamais ! Notre environnement est un terrain de jeu o\u00f9 les possibilit\u00e9s pour jardiner sont infinies ! Ce guide pratique explore tous les univers de cultures, petits et grands, int\u00e9rieurs et ext\u00e9rieurs. Il s\u2019av\u00e8re le coffre \u00e0 outils par excellence proposant une multitude d\u2019informations sur les semences, la plantation, la culture, l\u2019entretien, la gestion des nuisibles, la r\u00e9colte, les tendances et plus encore ! Techniques, astuces et conseils d\u2019expert vous permettront d\u2019enjoliver vos espaces et d\u2019en r\u00e9colter les fruits !<\/p>\n<h4>Cultiver son pouce vert n\u2019aura jamais \u00e9t\u00e9 aussi simple, et ce, 365 jours par ann\u00e9e !<\/h4>\n<p>&nbsp;<\/p>\n","protected":false},"excerpt":{"rendered":"<p>Que ce soit dans la maison ou sur le balcon, dans la cour ou les plates-bandes ; semer, planter et faire pousser fruits, l\u00e9gumes et fines herbes est plus facile et accessible que jamais ! Notre environnement est un terrain de jeu o\u00f9 les possibilit\u00e9s pour jardiner sont infinies ! Ce guide pratique explore tous [&hellip;]<\/p>\n","protected":false},"featured_media":78115,"template":"","meta":{"wds_primary_product_brand":0,"wds_primary_product_cat":0,"wds_primary_maison_dedition":0},"product_brand":[],"product_cat":[557],"product_tag":[],"maison_dedition":[630],"class_list":{"0":"post-78112","1":"product","2":"type-product","3":"status-publish","4":"has-post-thumbnail","6":"product_cat-pratique","7":"pa_auteur-melanie-chapleau","8":"maison_dedition-les-editions-goelette","10":"first","11":"instock","12":"featured","13":"taxable","14":"shipping-taxable","15":"purchasable","16":"product-type-variable"},"bundled_by":[],"bundle_stock_status":"instock","bundle_stock_quantity":null,"bundle_virtual":false,"bundle_layout":"","bundle_add_to_cart_form_location":"","bundle_editable_in_cart":false,"bundle_sold_individually_context":"","bundle_item_grouping":"","bundle_min_size":"","bundle_max_size":"","bundle_price":[],"bundled_items":[],"bundle_sell_ids":[],"acf":[],"_links":{"self":[{"href":"https:\/\/goelette.ca\/en\/wp-json\/wp\/v2\/product\/78112","targetHints":{"allow":["GET"]}}],"collection":[{"href":"https:\/\/goelette.ca\/en\/wp-json\/wp\/v2\/product"}],"about":[{"href":"https:\/\/goelette.ca\/en\/wp-json\/wp\/v2\/types\/product"}],"wp:featuredmedia":[{"embeddable":true,"href":"https:\/\/goelette.ca\/en\/wp-json\/wp\/v2\/media\/78115"}],"wp:attachment":[{"href":"https:\/\/goelette.ca\/en\/wp-json\/wp\/v2\/media?parent=78112"}],"wp:term":[{"taxonomy":"product_brand","embeddable":true,"href":"https:\/\/goelette.ca\/en\/wp-json\/wp\/v2\/product_brand?post=78112"},{"taxonomy":"product_cat","embeddable":true,"href":"https:\/\/goelette.ca\/en\/wp-json\/wp\/v2\/product_cat?post=78112"},{"taxonomy":"product_tag","embeddable":true,"href":"https:\/\/goelette.ca\/en\/wp-json\/wp\/v2\/product_tag?post=78112"},{"taxonomy":"maison_dedition","embeddable":true,"href":"https:\/\/goelette.ca\/en\/wp-json\/wp\/v2\/maison_dedition?post=78112"}],"curies":[{"name":"wp","href":"https:\/\/api.w.org\/{rel}","templated":true}]}}