{"id":77731,"date":"2024-02-05T08:30:02","date_gmt":"2024-02-05T13:30:02","guid":{"rendered":"https:\/\/www.goelette.ca\/?post_type=product&#038;p=77731"},"modified":"2024-02-15T12:07:27","modified_gmt":"2024-02-15T17:07:27","slug":"laffaire-grechnev","status":"publish","type":"product","link":"https:\/\/goelette.ca\/en\/tous-les-livres\/laffaire-grechnev\/","title":{"rendered":"L&#8217;affaire Grechnev"},"content":{"rendered":"<p>Moscou, 1973. Deux fr\u00e8res sont envoy\u00e9s \u00e0 l\u2019orphelinat \u00e0 la suite d\u2019une trag\u00e9die. Jeune autiste, Stanislas d\u00e9veloppera un talent pour le dessin et la peinture. Vadim, fervent protecteur de son fr\u00e8re, songe \u00e0 un avenir meilleur o\u00f9 les troubles de d\u00e9veloppement de Stanislas ne seront pas source de soucis.<\/p>\n<p>Munich, 2018. Robert Weber, un \u00e9minent historien, d\u00e9couvre dans<br \/>\nun magasin d\u2019antiquit\u00e9s une toile qui pourrait changer le cours de l\u2019histoire de l\u2019art.<\/p>\n<p>Ottawa, 2023. Alors qu\u2019il analyse une oeuvre du peintre Franz Marc, un infime d\u00e9tail perturbe le professeur et historien de l\u2019art, Matt Zacharyas. En compagnie de l\u2019avocate Laur\u00e8ne Humbert, il enqu\u00eatera sur les reproductions d\u2019oeuvres pr\u00e9sentant toutes le m\u00eame d\u00e9faut que celle-ci : deux minuscules lignes dans un coin de la toile.<\/p>\n<p>Comment ces destins sont li\u00e9s par cette supercherie ? Jusqu\u2019o\u00f9 un homme est pr\u00eat \u00e0 aller pour sauver son fr\u00e8re autiste condamn\u00e9 \u00e0 une vie difficile ? Une histoire au rythme intense qui vous entra\u00eenera du Canada \u00e0 l\u2019Europe afin de suivre les traces de grands faussaires.<\/p>\n","protected":false},"excerpt":{"rendered":"<p>Moscou, 1973. Deux fr\u00e8res sont envoy\u00e9s \u00e0 l\u2019orphelinat \u00e0 la suite d\u2019une trag\u00e9die. Jeune autiste, Stanislas d\u00e9veloppera un talent pour le dessin et la peinture. Vadim, fervent protecteur de son fr\u00e8re, songe \u00e0 un avenir meilleur o\u00f9 les troubles de d\u00e9veloppement de Stanislas ne seront pas source de soucis. Munich, 2018. Robert Weber, un \u00e9minent [&hellip;]<\/p>\n","protected":false},"featured_media":77733,"template":"","meta":{"wds_primary_product_brand":0,"wds_primary_product_cat":0,"wds_primary_maison_dedition":0},"product_brand":[],"product_cat":[546,542],"product_tag":[],"maison_dedition":[630],"class_list":{"0":"post-77731","1":"product","2":"type-product","3":"status-publish","4":"has-post-thumbnail","6":"product_cat-policier-thriller","7":"product_cat-roman","8":"pa_auteur-benjamin-faucon","9":"maison_dedition-les-editions-goelette","11":"first","12":"instock","13":"taxable","14":"shipping-taxable","15":"purchasable","16":"product-type-variable","17":"has-default-attributes"},"bundled_by":[],"bundle_stock_status":"instock","bundle_stock_quantity":null,"bundle_virtual":false,"bundle_layout":"","bundle_add_to_cart_form_location":"","bundle_editable_in_cart":false,"bundle_sold_individually_context":"","bundle_item_grouping":"","bundle_min_size":"","bundle_max_size":"","bundle_price":[],"bundled_items":[],"bundle_sell_ids":[],"acf":[],"_links":{"self":[{"href":"https:\/\/goelette.ca\/en\/wp-json\/wp\/v2\/product\/77731","targetHints":{"allow":["GET"]}}],"collection":[{"href":"https:\/\/goelette.ca\/en\/wp-json\/wp\/v2\/product"}],"about":[{"href":"https:\/\/goelette.ca\/en\/wp-json\/wp\/v2\/types\/product"}],"wp:featuredmedia":[{"embeddable":true,"href":"https:\/\/goelette.ca\/en\/wp-json\/wp\/v2\/media\/77733"}],"wp:attachment":[{"href":"https:\/\/goelette.ca\/en\/wp-json\/wp\/v2\/media?parent=77731"}],"wp:term":[{"taxonomy":"product_brand","embeddable":true,"href":"https:\/\/goelette.ca\/en\/wp-json\/wp\/v2\/product_brand?post=77731"},{"taxonomy":"product_cat","embeddable":true,"href":"https:\/\/goelette.ca\/en\/wp-json\/wp\/v2\/product_cat?post=77731"},{"taxonomy":"product_tag","embeddable":true,"href":"https:\/\/goelette.ca\/en\/wp-json\/wp\/v2\/product_tag?post=77731"},{"taxonomy":"maison_dedition","embeddable":true,"href":"https:\/\/goelette.ca\/en\/wp-json\/wp\/v2\/maison_dedition?post=77731"}],"curies":[{"name":"wp","href":"https:\/\/api.w.org\/{rel}","templated":true}]}}