{"id":76691,"date":"2024-02-01T14:38:23","date_gmt":"2024-02-01T19:38:23","guid":{"rendered":"https:\/\/www.goelette.ca\/?post_type=product&#038;p=76691"},"modified":"2024-02-01T14:44:59","modified_gmt":"2024-02-01T19:44:59","slug":"fiances","status":"publish","type":"product","link":"https:\/\/goelette.ca\/en\/tous-les-livres\/fiances\/","title":{"rendered":"Fianc\u00e9s"},"content":{"rendered":"<p>Cinq ans se sont \u00e9coul\u00e9s depuis que Kirstin s\u2019est r\u00e9fugi\u00e9e en \u00c9cosse, sur l\u2019\u00eele de Skye. Apr\u00e8s avoir quitt\u00e9 New York sans laisser de traces, elle est rappel\u00e9e \u00e0 la maison par un coup du destin. Mais ce retour ne se fera pas en douceur. Kirstin doit maintenant faire face aux proches qu\u2019elle a bless\u00e9s, et revoir celui qui a provoqu\u00e9 sa fuite : Vincente Leone, l\u2019homme qu\u2019on a voulu la forcer \u00e0 \u00e9pouser. Aspir\u00e9e \u00e0 nouveau dans le milieu de la mafia o\u00f9 elle a grandi, Kirstin cherche ses rep\u00e8res et peine \u00e0 r\u00e9concilier la jeune femme qu\u2019elle \u00e9tait et celle qu\u2019elle est devenue. Plus vuln\u00e9rable que jamais, entour\u00e9e de gens qui ne lui pardonnent pas sa r\u00e9bellion, elle d\u00e9couvre en Vincente un \u00eatre complexe et surprenant.<\/p>\n<p><strong>ET SI CELUI-L\u00c0 M\u00caME QUI A TOUT D\u00c9CLENCH\u00c9 POUVAIT DEVENIR UN ALLI\u00c9 ?<\/strong><\/p>\n<p>&nbsp;<\/p>\n<p>Dans la m\u00eame s\u00e9rie que\u00a0<em>Les pierres bleues<\/em>,\u00a0<em>Et si on s\u2019aimait ?<\/em>\u00a0et\u00a0<em>Tout pour elles<\/em>.<\/p>\n","protected":false},"excerpt":{"rendered":"<p>Cinq ans se sont \u00e9coul\u00e9s depuis que Kirstin s\u2019est r\u00e9fugi\u00e9e en \u00c9cosse, sur l\u2019\u00eele de Skye. Apr\u00e8s avoir quitt\u00e9 New York sans laisser de traces, elle est rappel\u00e9e \u00e0 la maison par un coup du destin. Mais ce retour ne se fera pas en douceur. Kirstin doit maintenant faire face aux proches qu\u2019elle a bless\u00e9s, [&hellip;]<\/p>\n","protected":false},"featured_media":75790,"template":"","meta":{"wds_primary_product_brand":0,"wds_primary_product_cat":0,"wds_primary_maison_dedition":0},"product_brand":[],"product_cat":[542,585],"product_tag":[],"maison_dedition":[630],"class_list":{"0":"post-76691","1":"product","2":"type-product","3":"status-publish","4":"has-post-thumbnail","6":"product_cat-roman","7":"product_cat-romance","8":"pa_auteur-chantal-bissonnette","9":"maison_dedition-les-editions-goelette","11":"first","12":"instock","13":"taxable","14":"shipping-taxable","15":"purchasable","16":"product-type-variable","17":"has-default-attributes"},"bundled_by":[],"bundle_stock_status":"instock","bundle_stock_quantity":null,"bundle_virtual":false,"bundle_layout":"","bundle_add_to_cart_form_location":"","bundle_editable_in_cart":false,"bundle_sold_individually_context":"","bundle_item_grouping":"","bundle_min_size":"","bundle_max_size":"","bundle_price":[],"bundled_items":[],"bundle_sell_ids":[],"acf":[],"_links":{"self":[{"href":"https:\/\/goelette.ca\/en\/wp-json\/wp\/v2\/product\/76691","targetHints":{"allow":["GET"]}}],"collection":[{"href":"https:\/\/goelette.ca\/en\/wp-json\/wp\/v2\/product"}],"about":[{"href":"https:\/\/goelette.ca\/en\/wp-json\/wp\/v2\/types\/product"}],"wp:featuredmedia":[{"embeddable":true,"href":"https:\/\/goelette.ca\/en\/wp-json\/wp\/v2\/media\/75790"}],"wp:attachment":[{"href":"https:\/\/goelette.ca\/en\/wp-json\/wp\/v2\/media?parent=76691"}],"wp:term":[{"taxonomy":"product_brand","embeddable":true,"href":"https:\/\/goelette.ca\/en\/wp-json\/wp\/v2\/product_brand?post=76691"},{"taxonomy":"product_cat","embeddable":true,"href":"https:\/\/goelette.ca\/en\/wp-json\/wp\/v2\/product_cat?post=76691"},{"taxonomy":"product_tag","embeddable":true,"href":"https:\/\/goelette.ca\/en\/wp-json\/wp\/v2\/product_tag?post=76691"},{"taxonomy":"maison_dedition","embeddable":true,"href":"https:\/\/goelette.ca\/en\/wp-json\/wp\/v2\/maison_dedition?post=76691"}],"curies":[{"name":"wp","href":"https:\/\/api.w.org\/{rel}","templated":true}]}}