{"id":76364,"date":"2024-01-31T10:50:33","date_gmt":"2024-01-31T15:50:33","guid":{"rendered":"https:\/\/www.goelette.ca\/?post_type=product&#038;p=76364"},"modified":"2024-02-15T11:56:52","modified_gmt":"2024-02-15T16:56:52","slug":"la-seconde-maison","status":"publish","type":"product","link":"https:\/\/goelette.ca\/en\/tous-les-livres\/la-seconde-maison\/","title":{"rendered":"La seconde maison"},"content":{"rendered":"<p>Emily et Jack Reed sont fr\u00e8re et soeur. Elle habite \u00e0 Albany, lui \u00e0 Boston. Jack croit que seule la distance les s\u00e9pare\u2026 jusqu\u2019\u00e0 ce qu\u2019elle soit tu\u00e9e.<\/p>\n<p>Trois mois apr\u00e8s le terrible meurtre, les pistes sont \u00e9puis\u00e9es ; l\u2019enqu\u00eate m\u00e8ne \u00e0 une impasse. Refusant que l\u2019affaire et Emily soient oubli\u00e9es, Jack se promet de d\u00e9couvrir la v\u00e9rit\u00e9 sur la disparition de sa soeur. Il est toutefois loin de se douter que, dans les ann\u00e9es qui ont pr\u00e9c\u00e9d\u00e9 sa mort, Emily n\u2019\u00e9tait plus la personne qu\u2019il pensait si bien conna\u00eetre. D\u00e9pression, drogue, mensonges\u2026 qu\u2019\u00e9tait-il arriv\u00e9 \u00e0 sa soeur autrefois si heureuse ? Quel secret essayait-elle d\u00e9sesp\u00e9r\u00e9ment de cacher, au p\u00e9ril de sa propre vie ?<\/p>\n","protected":false},"excerpt":{"rendered":"<p>Emily et Jack Reed sont fr\u00e8re et soeur. Elle habite \u00e0 Albany, lui \u00e0 Boston. Jack croit que seule la distance les s\u00e9pare\u2026 jusqu\u2019\u00e0 ce qu\u2019elle soit tu\u00e9e. Trois mois apr\u00e8s le terrible meurtre, les pistes sont \u00e9puis\u00e9es ; l\u2019enqu\u00eate m\u00e8ne \u00e0 une impasse. Refusant que l\u2019affaire et Emily soient oubli\u00e9es, Jack se promet de [&hellip;]<\/p>\n","protected":false},"featured_media":76366,"template":"","meta":{"wds_primary_product_brand":0,"wds_primary_product_cat":0,"wds_primary_maison_dedition":0},"product_brand":[],"product_cat":[546,542],"product_tag":[],"maison_dedition":[630],"class_list":{"0":"post-76364","1":"product","2":"type-product","3":"status-publish","4":"has-post-thumbnail","6":"product_cat-policier-thriller","7":"product_cat-roman","8":"pa_auteur-charlene-desjardins","9":"maison_dedition-les-editions-goelette","11":"first","12":"instock","13":"taxable","14":"shipping-taxable","15":"purchasable","16":"product-type-variable","17":"has-default-attributes"},"bundled_by":[],"bundle_stock_status":"instock","bundle_stock_quantity":null,"bundle_virtual":false,"bundle_layout":"","bundle_add_to_cart_form_location":"","bundle_editable_in_cart":false,"bundle_sold_individually_context":"","bundle_item_grouping":"","bundle_min_size":"","bundle_max_size":"","bundle_price":[],"bundled_items":[],"bundle_sell_ids":[],"acf":[],"_links":{"self":[{"href":"https:\/\/goelette.ca\/en\/wp-json\/wp\/v2\/product\/76364","targetHints":{"allow":["GET"]}}],"collection":[{"href":"https:\/\/goelette.ca\/en\/wp-json\/wp\/v2\/product"}],"about":[{"href":"https:\/\/goelette.ca\/en\/wp-json\/wp\/v2\/types\/product"}],"wp:featuredmedia":[{"embeddable":true,"href":"https:\/\/goelette.ca\/en\/wp-json\/wp\/v2\/media\/76366"}],"wp:attachment":[{"href":"https:\/\/goelette.ca\/en\/wp-json\/wp\/v2\/media?parent=76364"}],"wp:term":[{"taxonomy":"product_brand","embeddable":true,"href":"https:\/\/goelette.ca\/en\/wp-json\/wp\/v2\/product_brand?post=76364"},{"taxonomy":"product_cat","embeddable":true,"href":"https:\/\/goelette.ca\/en\/wp-json\/wp\/v2\/product_cat?post=76364"},{"taxonomy":"product_tag","embeddable":true,"href":"https:\/\/goelette.ca\/en\/wp-json\/wp\/v2\/product_tag?post=76364"},{"taxonomy":"maison_dedition","embeddable":true,"href":"https:\/\/goelette.ca\/en\/wp-json\/wp\/v2\/maison_dedition?post=76364"}],"curies":[{"name":"wp","href":"https:\/\/api.w.org\/{rel}","templated":true}]}}