{"id":75537,"date":"2024-01-18T00:01:21","date_gmt":"2024-01-18T05:01:21","guid":{"rendered":"https:\/\/www.goelette.ca\/?post_type=product&#038;p=75537"},"modified":"2024-01-09T13:52:35","modified_gmt":"2024-01-09T18:52:35","slug":"jouer-pour-donner-federation-quebecoise-des-societes-alzheimer-jeux-pour-stimuler-votre-memoire-vol-3","status":"publish","type":"product","link":"https:\/\/goelette.ca\/en\/tous-les-livres\/jouer-pour-donner-federation-quebecoise-des-societes-alzheimer-jeux-pour-stimuler-votre-memoire-vol-3\/","title":{"rendered":"Jouer pour donner &#8211; F\u00e9d\u00e9ration qu\u00e9b\u00e9coise des Soci\u00e9t\u00e9s Alzheimer &#8211; Jeux pour stimuler votre m\u00e9moire vol. 3"},"content":{"rendered":"<p><span style=\"font-size: 12px;\">Un montant de 0,75$ sera remis \u00e0 la F\u00e9d\u00e9ration qu\u00e9b\u00e9coise des Soci\u00e9t\u00e9s Alzheimer pour chaque exemplaire vendu !<\/span><\/p>\n","protected":false},"excerpt":{"rendered":"<p>Un montant de 0,75$ sera remis \u00e0 la F\u00e9d\u00e9ration qu\u00e9b\u00e9coise des Soci\u00e9t\u00e9s Alzheimer pour chaque exemplaire vendu !<\/p>\n","protected":false},"featured_media":75539,"template":"","meta":{"wds_primary_product_brand":0,"wds_primary_product_cat":0,"wds_primary_maison_dedition":0},"product_brand":[],"product_cat":[567,566],"product_tag":[],"maison_dedition":[636,630],"class_list":{"0":"post-75537","1":"product","2":"type-product","3":"status-publish","4":"has-post-thumbnail","6":"product_cat-adulte","7":"product_cat-livres-de-jeux","8":"pa_auteur-collectif","9":"maison_dedition-jouer-pour-donner","10":"maison_dedition-les-editions-goelette","12":"first","13":"instock","14":"taxable","15":"shipping-taxable","16":"purchasable","17":"product-type-variable"},"bundled_by":[],"bundle_stock_status":"instock","bundle_stock_quantity":null,"bundle_virtual":false,"bundle_layout":"","bundle_add_to_cart_form_location":"","bundle_editable_in_cart":false,"bundle_sold_individually_context":"","bundle_item_grouping":"","bundle_min_size":"","bundle_max_size":"","bundle_price":[],"bundled_items":[],"bundle_sell_ids":[],"acf":[],"_links":{"self":[{"href":"https:\/\/goelette.ca\/en\/wp-json\/wp\/v2\/product\/75537","targetHints":{"allow":["GET"]}}],"collection":[{"href":"https:\/\/goelette.ca\/en\/wp-json\/wp\/v2\/product"}],"about":[{"href":"https:\/\/goelette.ca\/en\/wp-json\/wp\/v2\/types\/product"}],"wp:featuredmedia":[{"embeddable":true,"href":"https:\/\/goelette.ca\/en\/wp-json\/wp\/v2\/media\/75539"}],"wp:attachment":[{"href":"https:\/\/goelette.ca\/en\/wp-json\/wp\/v2\/media?parent=75537"}],"wp:term":[{"taxonomy":"product_brand","embeddable":true,"href":"https:\/\/goelette.ca\/en\/wp-json\/wp\/v2\/product_brand?post=75537"},{"taxonomy":"product_cat","embeddable":true,"href":"https:\/\/goelette.ca\/en\/wp-json\/wp\/v2\/product_cat?post=75537"},{"taxonomy":"product_tag","embeddable":true,"href":"https:\/\/goelette.ca\/en\/wp-json\/wp\/v2\/product_tag?post=75537"},{"taxonomy":"maison_dedition","embeddable":true,"href":"https:\/\/goelette.ca\/en\/wp-json\/wp\/v2\/maison_dedition?post=75537"}],"curies":[{"name":"wp","href":"https:\/\/api.w.org\/{rel}","templated":true}]}}