{"id":74214,"date":"2025-09-03T11:11:01","date_gmt":"2025-09-03T15:11:01","guid":{"rendered":"https:\/\/www.goelette.ca\/?post_type=product&#038;p=74214"},"modified":"2025-09-03T11:12:02","modified_gmt":"2025-09-03T15:12:02","slug":"lampe-de-lecture","status":"publish","type":"product","link":"https:\/\/goelette.ca\/en\/tous-les-livres\/lampe-de-lecture\/","title":{"rendered":"Lampe de lecture"},"content":{"rendered":"<p>Lampe de lecture LED \u00e0 pince.<\/p>\n<p>\u00c9claire jusqu&#8217;\u00e0 4 m\u00e8tres.<\/p>\n<p>Piles incluses.<\/p>\n","protected":false},"excerpt":{"rendered":"<p>Lampe de lecture LED \u00e0 pince. \u00c9claire jusqu&#8217;\u00e0 4 m\u00e8tres. Piles incluses.<\/p>\n","protected":false},"featured_media":264834,"template":"","meta":{"wds_primary_product_brand":0,"wds_primary_product_cat":0,"wds_primary_maison_dedition":0},"product_brand":[],"product_cat":[707,557],"product_tag":[],"maison_dedition":[541],"class_list":{"0":"post-74214","1":"product","2":"type-product","3":"status-publish","4":"has-post-thumbnail","6":"product_cat-accessoires-de-lecture","7":"product_cat-pratique","8":"maison_dedition-les-editions-coup-doeil","10":"first","11":"instock","12":"taxable","13":"shipping-taxable","14":"purchasable","15":"product-type-variable","16":"has-default-attributes"},"bundled_by":[],"bundle_stock_status":"instock","bundle_stock_quantity":null,"bundle_virtual":false,"bundle_layout":"","bundle_add_to_cart_form_location":"","bundle_editable_in_cart":false,"bundle_sold_individually_context":"","bundle_item_grouping":"","bundle_min_size":"","bundle_max_size":"","bundle_price":[],"bundled_items":[],"bundle_sell_ids":[],"acf":[],"_links":{"self":[{"href":"https:\/\/goelette.ca\/en\/wp-json\/wp\/v2\/product\/74214","targetHints":{"allow":["GET"]}}],"collection":[{"href":"https:\/\/goelette.ca\/en\/wp-json\/wp\/v2\/product"}],"about":[{"href":"https:\/\/goelette.ca\/en\/wp-json\/wp\/v2\/types\/product"}],"wp:featuredmedia":[{"embeddable":true,"href":"https:\/\/goelette.ca\/en\/wp-json\/wp\/v2\/media\/264834"}],"wp:attachment":[{"href":"https:\/\/goelette.ca\/en\/wp-json\/wp\/v2\/media?parent=74214"}],"wp:term":[{"taxonomy":"product_brand","embeddable":true,"href":"https:\/\/goelette.ca\/en\/wp-json\/wp\/v2\/product_brand?post=74214"},{"taxonomy":"product_cat","embeddable":true,"href":"https:\/\/goelette.ca\/en\/wp-json\/wp\/v2\/product_cat?post=74214"},{"taxonomy":"product_tag","embeddable":true,"href":"https:\/\/goelette.ca\/en\/wp-json\/wp\/v2\/product_tag?post=74214"},{"taxonomy":"maison_dedition","embeddable":true,"href":"https:\/\/goelette.ca\/en\/wp-json\/wp\/v2\/maison_dedition?post=74214"}],"curies":[{"name":"wp","href":"https:\/\/api.w.org\/{rel}","templated":true}]}}