{"id":73963,"date":"2024-01-04T00:01:44","date_gmt":"2024-01-04T05:01:44","guid":{"rendered":"https:\/\/www.goelette.ca\/?post_type=product&#038;p=73963"},"modified":"2024-01-18T09:21:21","modified_gmt":"2024-01-18T14:21:21","slug":"transfuges","status":"publish","type":"product","link":"https:\/\/goelette.ca\/en\/tous-les-livres\/transfuges\/","title":{"rendered":"Transfuges"},"content":{"rendered":"<h4>2055, Detroit.<\/h4>\n<p>L\u2019\u00c9glise catholique contr\u00f4le les \u00c9tats-Unis depuis une vingtaine d\u2019ann\u00e9es. Le gouvernement \u00e9tabli sous ce r\u00e9gime religieux asservit les humains \u00e0 l\u2019aide d\u2019un module \u00e9lectronique implant\u00e9 dans leur nuque. Ce \u00ab sycophante \u00bb surveille la bonne conduite des citoyens et les ram\u00e8ne dans le droit chemin en cas d\u2019incartade. Sous cette dictature, l\u2019homosexualit\u00e9, les grossesses hors mariage et l\u2019avortement, entre autres, sont punis par des ch\u00e2timents allant de la prison \u00e0 l\u2019ex\u00e9cution.<\/p>\n<p>Lorsqu\u2019Alicia, dix-sept ans, r\u00e9alise qu\u2019elle est enceinte, elle doit s\u2019enfuir. Aid\u00e9e par sa m\u00e8re, Lorraine, elle essaie de s\u2019\u00e9chapper vers le Canada, sans succ\u00e8s. De plus, sa m\u00e8re d\u00e9c\u00e8de pendant la tentative d\u2019\u00e9vasion. Alicia est forc\u00e9e de s\u2019en remettre \u00e0 son p\u00e8re, Ian. Or celui-ci est officier dans les forces arm\u00e9es qui font respecter les lois de l\u2019\u00c9glise.<\/p>\n<p>Ian se retrouve devant un dilemme : trahir son engagement envers ses principes et son employeur, ou livrer Alicia aux autorit\u00e9s. Soumis \u00e0 son sycophante, il renie d\u2019abord sa fille. Mais lorsque dans un instant de lucidit\u00e9, il l\u2019aide \u00e0 s\u2019\u00e9vader, il devient \u00e0 son tour un fugitif, un ren\u00e9gat, un transfuge. S\u2019ensuit une course contre la montre pour rallier la base de la r\u00e9sistance, pr\u00e8s de Montr\u00e9al. L\u00e0-bas, ils seront en s\u00fbret\u00e9\u2026 si le sycophante de Ian les laisse tranquilles.<\/p>\n<h4>Amour ou loyaut\u00e9 : le choix est douloureux.<\/h4>\n","protected":false},"excerpt":{"rendered":"<p>2055, Detroit. L\u2019\u00c9glise catholique contr\u00f4le les \u00c9tats-Unis depuis une vingtaine d\u2019ann\u00e9es. Le gouvernement \u00e9tabli sous ce r\u00e9gime religieux asservit les humains \u00e0 l\u2019aide d\u2019un module \u00e9lectronique implant\u00e9 dans leur nuque. Ce \u00ab sycophante \u00bb surveille la bonne conduite des citoyens et les ram\u00e8ne dans le droit chemin en cas d\u2019incartade. Sous cette dictature, l\u2019homosexualit\u00e9, les [&hellip;]<\/p>\n","protected":false},"featured_media":73966,"template":"","meta":{"wds_primary_product_brand":0,"wds_primary_product_cat":0,"wds_primary_maison_dedition":0},"product_brand":[],"product_cat":[546,542,602],"product_tag":[],"maison_dedition":[630],"class_list":{"0":"post-73963","1":"product","2":"type-product","3":"status-publish","4":"has-post-thumbnail","6":"product_cat-policier-thriller","7":"product_cat-roman","8":"product_cat-science-fiction","9":"pa_auteur-elie-hanson","10":"maison_dedition-les-editions-goelette","12":"first","13":"instock","14":"taxable","15":"shipping-taxable","16":"purchasable","17":"product-type-variable","18":"has-default-attributes"},"bundled_by":[],"bundle_stock_status":"instock","bundle_stock_quantity":null,"bundle_virtual":false,"bundle_layout":"","bundle_add_to_cart_form_location":"","bundle_editable_in_cart":false,"bundle_sold_individually_context":"","bundle_item_grouping":"","bundle_min_size":"","bundle_max_size":"","bundle_price":[],"bundled_items":[],"bundle_sell_ids":[],"acf":[],"_links":{"self":[{"href":"https:\/\/goelette.ca\/en\/wp-json\/wp\/v2\/product\/73963","targetHints":{"allow":["GET"]}}],"collection":[{"href":"https:\/\/goelette.ca\/en\/wp-json\/wp\/v2\/product"}],"about":[{"href":"https:\/\/goelette.ca\/en\/wp-json\/wp\/v2\/types\/product"}],"wp:featuredmedia":[{"embeddable":true,"href":"https:\/\/goelette.ca\/en\/wp-json\/wp\/v2\/media\/73966"}],"wp:attachment":[{"href":"https:\/\/goelette.ca\/en\/wp-json\/wp\/v2\/media?parent=73963"}],"wp:term":[{"taxonomy":"product_brand","embeddable":true,"href":"https:\/\/goelette.ca\/en\/wp-json\/wp\/v2\/product_brand?post=73963"},{"taxonomy":"product_cat","embeddable":true,"href":"https:\/\/goelette.ca\/en\/wp-json\/wp\/v2\/product_cat?post=73963"},{"taxonomy":"product_tag","embeddable":true,"href":"https:\/\/goelette.ca\/en\/wp-json\/wp\/v2\/product_tag?post=73963"},{"taxonomy":"maison_dedition","embeddable":true,"href":"https:\/\/goelette.ca\/en\/wp-json\/wp\/v2\/maison_dedition?post=73963"}],"curies":[{"name":"wp","href":"https:\/\/api.w.org\/{rel}","templated":true}]}}