{"id":73661,"date":"2023-12-01T09:07:50","date_gmt":"2023-12-01T14:07:50","guid":{"rendered":"https:\/\/www.goelette.ca\/?post_type=product&#038;p=73661"},"modified":"2026-04-02T08:37:09","modified_gmt":"2026-04-02T12:37:09","slug":"les-dinosaures-coloriages-avec-20-crayons","status":"publish","type":"product","link":"https:\/\/goelette.ca\/en\/tous-les-livres\/les-dinosaures-coloriages-avec-20-crayons\/","title":{"rendered":"Les dinosaures &#8211; Coloriages avec 20 crayons"},"content":{"rendered":"<ul>\n<li>16 pages<\/li>\n<li>20 crayons de couleur<\/li>\n<li>20 gommes \u00e0 effacer<\/li>\n<li>Avec un taille crayon<\/li>\n<\/ul>\n<p>Dans la m\u00eame collection :<\/p>\n<ul>\n<li>Les licornes<\/li>\n<li>No\u00ebl<\/li>\n<\/ul>\n","protected":false},"excerpt":{"rendered":"<p>16 pages 20 crayons de couleur 20 gommes \u00e0 effacer Avec un taille crayon Dans la m\u00eame collection : Les licornes No\u00ebl<\/p>\n","protected":false},"featured_media":73663,"template":"","meta":{"wds_primary_product_brand":0,"wds_primary_product_cat":0,"wds_primary_maison_dedition":0},"product_brand":[],"product_cat":[616,538],"product_tag":[],"maison_dedition":[541],"class_list":{"0":"post-73661","1":"product","2":"type-product","3":"status-publish","4":"has-post-thumbnail","6":"product_cat-coloriages","7":"product_cat-jeunesse","8":"pa_auteur-collectif","9":"maison_dedition-les-editions-coup-doeil","11":"first","12":"instock","13":"taxable","14":"shipping-taxable","15":"purchasable","16":"product-type-variable"},"bundled_by":[],"bundle_stock_status":"instock","bundle_stock_quantity":null,"bundle_virtual":false,"bundle_layout":"","bundle_add_to_cart_form_location":"","bundle_editable_in_cart":false,"bundle_sold_individually_context":"","bundle_item_grouping":"","bundle_min_size":"","bundle_max_size":"","bundle_price":[],"bundled_items":[],"bundle_sell_ids":[],"acf":[],"_links":{"self":[{"href":"https:\/\/goelette.ca\/en\/wp-json\/wp\/v2\/product\/73661","targetHints":{"allow":["GET"]}}],"collection":[{"href":"https:\/\/goelette.ca\/en\/wp-json\/wp\/v2\/product"}],"about":[{"href":"https:\/\/goelette.ca\/en\/wp-json\/wp\/v2\/types\/product"}],"wp:featuredmedia":[{"embeddable":true,"href":"https:\/\/goelette.ca\/en\/wp-json\/wp\/v2\/media\/73663"}],"wp:attachment":[{"href":"https:\/\/goelette.ca\/en\/wp-json\/wp\/v2\/media?parent=73661"}],"wp:term":[{"taxonomy":"product_brand","embeddable":true,"href":"https:\/\/goelette.ca\/en\/wp-json\/wp\/v2\/product_brand?post=73661"},{"taxonomy":"product_cat","embeddable":true,"href":"https:\/\/goelette.ca\/en\/wp-json\/wp\/v2\/product_cat?post=73661"},{"taxonomy":"product_tag","embeddable":true,"href":"https:\/\/goelette.ca\/en\/wp-json\/wp\/v2\/product_tag?post=73661"},{"taxonomy":"maison_dedition","embeddable":true,"href":"https:\/\/goelette.ca\/en\/wp-json\/wp\/v2\/maison_dedition?post=73661"}],"curies":[{"name":"wp","href":"https:\/\/api.w.org\/{rel}","templated":true}]}}