{"id":73653,"date":"2023-12-01T08:56:17","date_gmt":"2023-12-01T13:56:17","guid":{"rendered":"https:\/\/www.goelette.ca\/?post_type=product&#038;p=73653"},"modified":"2023-12-01T09:02:07","modified_gmt":"2023-12-01T14:02:07","slug":"chat-prend-un-bain","status":"publish","type":"product","link":"https:\/\/goelette.ca\/en\/tous-les-livres\/chat-prend-un-bain\/","title":{"rendered":"Chat prend un bain"},"content":{"rendered":"<p>Aujourd&#8217;hui, il pleut. Mais chat n&#8217;aime pas l&#8217;eau ! Quelle journ\u00e9e remplie d&#8217;\u00e9motions !<\/p>\n<p>Tourne la roue pour d\u00e9couvrir ce que Chat ressent. Et toi, comment te sens-tu ?<\/p>\n","protected":false},"excerpt":{"rendered":"<p>Aujourd&#8217;hui, il pleut. Mais chat n&#8217;aime pas l&#8217;eau ! Quelle journ\u00e9e remplie d&#8217;\u00e9motions ! Tourne la roue pour d\u00e9couvrir ce que Chat ressent. Et toi, comment te sens-tu ?<\/p>\n","protected":false},"featured_media":73655,"template":"","meta":{"wds_primary_product_brand":0,"wds_primary_product_cat":0,"wds_primary_maison_dedition":0},"product_brand":[],"product_cat":[540,560,538,667,774],"product_tag":[],"maison_dedition":[541,619],"class_list":{"0":"post-73653","1":"product","2":"type-product","3":"status-publish","4":"has-post-thumbnail","6":"product_cat-0-2-ans","7":"product_cat-3-5-ans","8":"product_cat-jeunesse","9":"product_cat-livres-tout-carton","10":"product_cat-tourne-la-roue","11":"maison_dedition-les-editions-coup-doeil","12":"maison_dedition-tout-carton","14":"first","15":"instock","16":"taxable","17":"shipping-taxable","18":"purchasable","19":"product-type-variable"},"bundled_by":[],"bundle_stock_status":"instock","bundle_stock_quantity":null,"bundle_virtual":false,"bundle_layout":"","bundle_add_to_cart_form_location":"","bundle_editable_in_cart":false,"bundle_sold_individually_context":"","bundle_item_grouping":"","bundle_min_size":"","bundle_max_size":"","bundle_price":[],"bundled_items":[],"bundle_sell_ids":[],"acf":[],"_links":{"self":[{"href":"https:\/\/goelette.ca\/en\/wp-json\/wp\/v2\/product\/73653","targetHints":{"allow":["GET"]}}],"collection":[{"href":"https:\/\/goelette.ca\/en\/wp-json\/wp\/v2\/product"}],"about":[{"href":"https:\/\/goelette.ca\/en\/wp-json\/wp\/v2\/types\/product"}],"wp:featuredmedia":[{"embeddable":true,"href":"https:\/\/goelette.ca\/en\/wp-json\/wp\/v2\/media\/73655"}],"wp:attachment":[{"href":"https:\/\/goelette.ca\/en\/wp-json\/wp\/v2\/media?parent=73653"}],"wp:term":[{"taxonomy":"product_brand","embeddable":true,"href":"https:\/\/goelette.ca\/en\/wp-json\/wp\/v2\/product_brand?post=73653"},{"taxonomy":"product_cat","embeddable":true,"href":"https:\/\/goelette.ca\/en\/wp-json\/wp\/v2\/product_cat?post=73653"},{"taxonomy":"product_tag","embeddable":true,"href":"https:\/\/goelette.ca\/en\/wp-json\/wp\/v2\/product_tag?post=73653"},{"taxonomy":"maison_dedition","embeddable":true,"href":"https:\/\/goelette.ca\/en\/wp-json\/wp\/v2\/maison_dedition?post=73653"}],"curies":[{"name":"wp","href":"https:\/\/api.w.org\/{rel}","templated":true}]}}