{"id":73451,"date":"2023-11-29T13:59:13","date_gmt":"2023-11-29T18:59:13","guid":{"rendered":"https:\/\/www.goelette.ca\/?post_type=product&#038;p=73451"},"modified":"2023-11-29T14:02:19","modified_gmt":"2023-11-29T19:02:19","slug":"gym-cerebrale-de-poche-jeux-pour-un-cerveau-en-forme-vol-2","status":"publish","type":"product","link":"https:\/\/goelette.ca\/en\/tous-les-livres\/gym-cerebrale-de-poche-jeux-pour-un-cerveau-en-forme-vol-2\/","title":{"rendered":"Gym c\u00e9r\u00e9brale de poche &#8211; Jeux pour un cerveau en forme Vol. 2"},"content":{"rendered":"<p>110 jeux pour stimuler vos neurones<\/p>\n<p>Retrouvez une s\u00e9lection de jeux de mots, de nombres et de logique qui contribuera \u00e0 garder vos facult\u00e9s mentales actives et alertes tout en vous amusant.<\/p>\n<p>La collection Gym c\u00e9r\u00e9brale de poche vous propose des jeux con\u00e7us sp\u00e9cifiquement pour d\u00e9velopper et maintenir vos capacit\u00e9s cognitives tout en vous divertissant, le tout dans un petit format facile \u00e0 transporter partout.<\/p>\n","protected":false},"excerpt":{"rendered":"<p>110 jeux pour stimuler vos neurones Retrouvez une s\u00e9lection de jeux de mots, de nombres et de logique qui contribuera \u00e0 garder vos facult\u00e9s mentales actives et alertes tout en vous amusant. La collection Gym c\u00e9r\u00e9brale de poche vous propose des jeux con\u00e7us sp\u00e9cifiquement pour d\u00e9velopper et maintenir vos capacit\u00e9s cognitives tout en vous divertissant, [&hellip;]<\/p>\n","protected":false},"featured_media":73453,"template":"","meta":{"wds_primary_product_brand":0,"wds_primary_product_cat":0,"wds_primary_maison_dedition":0},"product_brand":[],"product_cat":[567,587,566],"product_tag":[],"maison_dedition":[773,635,630],"class_list":{"0":"post-73451","1":"product","2":"type-product","3":"status-publish","4":"has-post-thumbnail","6":"product_cat-adulte","7":"product_cat-jeux-melanges","8":"product_cat-livres-de-jeux","9":"pa_auteur-collectif","10":"maison_dedition-gym-cerebrale","11":"maison_dedition-jeux-de-poche","12":"maison_dedition-les-editions-goelette","14":"first","15":"instock","16":"taxable","17":"shipping-taxable","18":"purchasable","19":"product-type-variable"},"bundled_by":[],"bundle_stock_status":"instock","bundle_stock_quantity":null,"bundle_virtual":false,"bundle_layout":"","bundle_add_to_cart_form_location":"","bundle_editable_in_cart":false,"bundle_sold_individually_context":"","bundle_item_grouping":"","bundle_min_size":"","bundle_max_size":"","bundle_price":[],"bundled_items":[],"bundle_sell_ids":[],"acf":[],"_links":{"self":[{"href":"https:\/\/goelette.ca\/en\/wp-json\/wp\/v2\/product\/73451","targetHints":{"allow":["GET"]}}],"collection":[{"href":"https:\/\/goelette.ca\/en\/wp-json\/wp\/v2\/product"}],"about":[{"href":"https:\/\/goelette.ca\/en\/wp-json\/wp\/v2\/types\/product"}],"wp:featuredmedia":[{"embeddable":true,"href":"https:\/\/goelette.ca\/en\/wp-json\/wp\/v2\/media\/73453"}],"wp:attachment":[{"href":"https:\/\/goelette.ca\/en\/wp-json\/wp\/v2\/media?parent=73451"}],"wp:term":[{"taxonomy":"product_brand","embeddable":true,"href":"https:\/\/goelette.ca\/en\/wp-json\/wp\/v2\/product_brand?post=73451"},{"taxonomy":"product_cat","embeddable":true,"href":"https:\/\/goelette.ca\/en\/wp-json\/wp\/v2\/product_cat?post=73451"},{"taxonomy":"product_tag","embeddable":true,"href":"https:\/\/goelette.ca\/en\/wp-json\/wp\/v2\/product_tag?post=73451"},{"taxonomy":"maison_dedition","embeddable":true,"href":"https:\/\/goelette.ca\/en\/wp-json\/wp\/v2\/maison_dedition?post=73451"}],"curies":[{"name":"wp","href":"https:\/\/api.w.org\/{rel}","templated":true}]}}