{"id":73423,"date":"2023-11-29T11:37:04","date_gmt":"2023-11-29T16:37:04","guid":{"rendered":"https:\/\/www.goelette.ca\/?post_type=product&#038;p=73423"},"modified":"2023-11-29T13:52:28","modified_gmt":"2023-11-29T18:52:28","slug":"des-jeux-et-des-jeux-de-poche-citations-secretes","status":"publish","type":"product","link":"https:\/\/goelette.ca\/en\/tous-les-livres\/des-jeux-et-des-jeux-de-poche-citations-secretes\/","title":{"rendered":"Des jeux et des jeux de poche &#8211; Citations secr\u00e8tes"},"content":{"rendered":"<p>Avec les citations secr\u00e8tes, prenez une pause du quotidien tout en mettant votre sens de la d\u00e9duction au d\u00e9fi.<\/p>\n<p>La collection <em>Des jeux et des jeux<\/em> de poche vous propose des jeux de lettres et de chiffres classiques ou innovants dans un petit format facile \u00e0 transporter partout.<\/p>\n","protected":false},"excerpt":{"rendered":"<p>Avec les citations secr\u00e8tes, prenez une pause du quotidien tout en mettant votre sens de la d\u00e9duction au d\u00e9fi. La collection Des jeux et des jeux de poche vous propose des jeux de lettres et de chiffres classiques ou innovants dans un petit format facile \u00e0 transporter partout.<\/p>\n","protected":false},"featured_media":73425,"template":"","meta":{"wds_primary_product_brand":0,"wds_primary_product_cat":0,"wds_primary_maison_dedition":0},"product_brand":[],"product_cat":[567,771,566],"product_tag":[],"maison_dedition":[648,635,630],"class_list":{"0":"post-73423","1":"product","2":"type-product","3":"status-publish","4":"has-post-thumbnail","6":"product_cat-adulte","7":"product_cat-citations-secretes","8":"product_cat-livres-de-jeux","9":"pa_auteur-collectif","10":"maison_dedition-des-jeux-et-des-jeux","11":"maison_dedition-jeux-de-poche","12":"maison_dedition-les-editions-goelette","14":"first","15":"instock","16":"taxable","17":"shipping-taxable","18":"purchasable","19":"product-type-variable"},"bundled_by":[],"bundle_stock_status":"instock","bundle_stock_quantity":null,"bundle_virtual":false,"bundle_layout":"","bundle_add_to_cart_form_location":"","bundle_editable_in_cart":false,"bundle_sold_individually_context":"","bundle_item_grouping":"","bundle_min_size":"","bundle_max_size":"","bundle_price":[],"bundled_items":[],"bundle_sell_ids":[],"acf":[],"_links":{"self":[{"href":"https:\/\/goelette.ca\/en\/wp-json\/wp\/v2\/product\/73423","targetHints":{"allow":["GET"]}}],"collection":[{"href":"https:\/\/goelette.ca\/en\/wp-json\/wp\/v2\/product"}],"about":[{"href":"https:\/\/goelette.ca\/en\/wp-json\/wp\/v2\/types\/product"}],"wp:featuredmedia":[{"embeddable":true,"href":"https:\/\/goelette.ca\/en\/wp-json\/wp\/v2\/media\/73425"}],"wp:attachment":[{"href":"https:\/\/goelette.ca\/en\/wp-json\/wp\/v2\/media?parent=73423"}],"wp:term":[{"taxonomy":"product_brand","embeddable":true,"href":"https:\/\/goelette.ca\/en\/wp-json\/wp\/v2\/product_brand?post=73423"},{"taxonomy":"product_cat","embeddable":true,"href":"https:\/\/goelette.ca\/en\/wp-json\/wp\/v2\/product_cat?post=73423"},{"taxonomy":"product_tag","embeddable":true,"href":"https:\/\/goelette.ca\/en\/wp-json\/wp\/v2\/product_tag?post=73423"},{"taxonomy":"maison_dedition","embeddable":true,"href":"https:\/\/goelette.ca\/en\/wp-json\/wp\/v2\/maison_dedition?post=73423"}],"curies":[{"name":"wp","href":"https:\/\/api.w.org\/{rel}","templated":true}]}}