{"id":73377,"date":"2023-11-29T09:28:47","date_gmt":"2023-11-29T14:28:47","guid":{"rendered":"https:\/\/www.goelette.ca\/?post_type=product&#038;p=73377"},"modified":"2024-08-09T10:33:39","modified_gmt":"2024-08-09T14:33:39","slug":"mon-imagier-de-noel-2","status":"publish","type":"product","link":"https:\/\/goelette.ca\/en\/tous-les-livres\/mon-imagier-de-noel-2\/","title":{"rendered":"Mon imagier de No\u00ebl"},"content":{"rendered":"<p>Apprends de nouveaux mots tout en explorant diff\u00e9rentes th\u00e9matiques du temps des f\u00eates ! Tu d\u00e9couvriras le p\u00f4le Nord, l\u2019atelier des lutins, les sports d\u2019hiver, le r\u00e9veillon\u2026 et bien plus encore !<\/p>\n","protected":false},"excerpt":{"rendered":"<p>Apprends de nouveaux mots tout en explorant diff\u00e9rentes th\u00e9matiques du temps des f\u00eates ! Tu d\u00e9couvriras le p\u00f4le Nord, l\u2019atelier des lutins, les sports d\u2019hiver, le r\u00e9veillon\u2026 et bien plus encore !<\/p>\n","protected":false},"featured_media":73379,"template":"","meta":{"wds_primary_product_brand":0,"wds_primary_product_cat":0,"wds_primary_maison_dedition":0},"product_brand":[],"product_cat":[540,583,538,545],"product_tag":[],"maison_dedition":[630],"class_list":{"0":"post-73377","1":"product","2":"type-product","3":"status-publish","4":"has-post-thumbnail","6":"product_cat-0-2-ans","7":"product_cat-imagiers","8":"product_cat-jeunesse","9":"product_cat-noel","10":"pa_auteur-collectif","11":"maison_dedition-les-editions-goelette","13":"first","14":"instock","15":"taxable","16":"shipping-taxable","17":"purchasable","18":"product-type-variable"},"bundled_by":[],"bundle_stock_status":"instock","bundle_stock_quantity":null,"bundle_virtual":false,"bundle_layout":"","bundle_add_to_cart_form_location":"","bundle_editable_in_cart":false,"bundle_sold_individually_context":"","bundle_item_grouping":"","bundle_min_size":"","bundle_max_size":"","bundle_price":[],"bundled_items":[],"bundle_sell_ids":[],"acf":[],"_links":{"self":[{"href":"https:\/\/goelette.ca\/en\/wp-json\/wp\/v2\/product\/73377","targetHints":{"allow":["GET"]}}],"collection":[{"href":"https:\/\/goelette.ca\/en\/wp-json\/wp\/v2\/product"}],"about":[{"href":"https:\/\/goelette.ca\/en\/wp-json\/wp\/v2\/types\/product"}],"wp:featuredmedia":[{"embeddable":true,"href":"https:\/\/goelette.ca\/en\/wp-json\/wp\/v2\/media\/73379"}],"wp:attachment":[{"href":"https:\/\/goelette.ca\/en\/wp-json\/wp\/v2\/media?parent=73377"}],"wp:term":[{"taxonomy":"product_brand","embeddable":true,"href":"https:\/\/goelette.ca\/en\/wp-json\/wp\/v2\/product_brand?post=73377"},{"taxonomy":"product_cat","embeddable":true,"href":"https:\/\/goelette.ca\/en\/wp-json\/wp\/v2\/product_cat?post=73377"},{"taxonomy":"product_tag","embeddable":true,"href":"https:\/\/goelette.ca\/en\/wp-json\/wp\/v2\/product_tag?post=73377"},{"taxonomy":"maison_dedition","embeddable":true,"href":"https:\/\/goelette.ca\/en\/wp-json\/wp\/v2\/maison_dedition?post=73377"}],"curies":[{"name":"wp","href":"https:\/\/api.w.org\/{rel}","templated":true}]}}