{"id":73371,"date":"2023-11-29T09:12:32","date_gmt":"2023-11-29T14:12:32","guid":{"rendered":"https:\/\/www.goelette.ca\/?post_type=product&#038;p=73371"},"modified":"2024-01-03T08:29:04","modified_gmt":"2024-01-03T13:29:04","slug":"je-mamuse-en-grand-en-attendant-noel-jeux","status":"publish","type":"product","link":"https:\/\/goelette.ca\/en\/tous-les-livres\/je-mamuse-en-grand-en-attendant-noel-jeux\/","title":{"rendered":"Je m&#8217;amuse en grand en attendant No\u00ebl &#8211; Jeux"},"content":{"rendered":"<p>Chaque jour, du 1er au 24 d\u00e9cembre, amuse-toi avec une page g\u00e9ante de jeux de No\u00ebl !<br \/>\nRel\u00e8ve le d\u00e9fi festif des jeux d\u2019observation, de lettres, de chiffres, de logique et de dessin !<\/p>\n","protected":false},"excerpt":{"rendered":"<p>Chaque jour, du 1er au 24 d\u00e9cembre, amuse-toi avec une page g\u00e9ante de jeux de No\u00ebl ! Rel\u00e8ve le d\u00e9fi festif des jeux d\u2019observation, de lettres, de chiffres, de logique et de dessin !<\/p>\n","protected":false},"featured_media":73369,"template":"","meta":{"wds_primary_product_brand":0,"wds_primary_product_cat":0,"wds_primary_maison_dedition":0},"product_brand":[],"product_cat":[551,570,670,538,566,545],"product_tag":[],"maison_dedition":[541],"class_list":{"0":"post-73371","1":"product","2":"type-product","3":"status-publish","4":"has-post-thumbnail","6":"product_cat-activites","7":"product_cat-activites-livres-de-jeux","8":"product_cat-album-de-jeux","9":"product_cat-jeunesse","10":"product_cat-livres-de-jeux","11":"product_cat-noel","12":"pa_auteur-collectif","13":"maison_dedition-les-editions-coup-doeil","15":"first","16":"instock","17":"taxable","18":"shipping-taxable","19":"purchasable","20":"product-type-variable"},"bundled_by":[],"bundle_stock_status":"instock","bundle_stock_quantity":null,"bundle_virtual":false,"bundle_layout":"","bundle_add_to_cart_form_location":"","bundle_editable_in_cart":false,"bundle_sold_individually_context":"","bundle_item_grouping":"","bundle_min_size":"","bundle_max_size":"","bundle_price":[],"bundled_items":[],"bundle_sell_ids":[],"acf":[],"_links":{"self":[{"href":"https:\/\/goelette.ca\/en\/wp-json\/wp\/v2\/product\/73371","targetHints":{"allow":["GET"]}}],"collection":[{"href":"https:\/\/goelette.ca\/en\/wp-json\/wp\/v2\/product"}],"about":[{"href":"https:\/\/goelette.ca\/en\/wp-json\/wp\/v2\/types\/product"}],"wp:featuredmedia":[{"embeddable":true,"href":"https:\/\/goelette.ca\/en\/wp-json\/wp\/v2\/media\/73369"}],"wp:attachment":[{"href":"https:\/\/goelette.ca\/en\/wp-json\/wp\/v2\/media?parent=73371"}],"wp:term":[{"taxonomy":"product_brand","embeddable":true,"href":"https:\/\/goelette.ca\/en\/wp-json\/wp\/v2\/product_brand?post=73371"},{"taxonomy":"product_cat","embeddable":true,"href":"https:\/\/goelette.ca\/en\/wp-json\/wp\/v2\/product_cat?post=73371"},{"taxonomy":"product_tag","embeddable":true,"href":"https:\/\/goelette.ca\/en\/wp-json\/wp\/v2\/product_tag?post=73371"},{"taxonomy":"maison_dedition","embeddable":true,"href":"https:\/\/goelette.ca\/en\/wp-json\/wp\/v2\/maison_dedition?post=73371"}],"curies":[{"name":"wp","href":"https:\/\/api.w.org\/{rel}","templated":true}]}}