{"id":73360,"date":"2023-11-29T08:41:22","date_gmt":"2023-11-29T13:41:22","guid":{"rendered":"https:\/\/www.goelette.ca\/?post_type=product&#038;p=73360"},"modified":"2023-11-29T08:48:35","modified_gmt":"2023-11-29T13:48:35","slug":"mots-caches-thematiques-mes-premiers-jeux-copie","status":"publish","type":"product","link":"https:\/\/goelette.ca\/en\/tous-les-livres\/mots-caches-thematiques-mes-premiers-jeux-copie\/","title":{"rendered":"Mots cach\u00e9s th\u00e9matiques &#8211; Mes premiers jeux"},"content":{"rendered":"<p>D\u00e8s 8 ans : Cherche et apprends de nouveaux mots pour r\u00e9soudre ces 55 grilles de mots cach\u00e9s sp\u00e9cialement cr\u00e9\u00e9es pour toi ! D\u00e9couvre des th\u00e8mes amusants et 3 niveaux de difficult\u00e9 pour te permettre de progresser \u00e0 ton rythme !<\/p>\n<p>Autres titres dans la m\u00eame collection: <span style=\"color: #ff0000;\">Mots cach\u00e9s<\/span>, <span style=\"color: #ff0000;\">Labyrinthes<\/span>, <span style=\"color: #ff0000;\">Point en point<\/span>, <span style=\"color: #ff0000;\">Jeux d&#8217;observation<\/span>, <span style=\"color: #ff0000;\">Mots crois\u00e9s<\/span>, <span style=\"color: #ff0000;\">Sudokus<\/span> et <span style=\"color: #ff0000;\">M\u00e9li-m\u00e9lo<\/span><\/p>\n","protected":false},"excerpt":{"rendered":"<p>D\u00e8s 8 ans : Cherche et apprends de nouveaux mots pour r\u00e9soudre ces 55 grilles de mots cach\u00e9s sp\u00e9cialement cr\u00e9\u00e9es pour toi ! D\u00e9couvre des th\u00e8mes amusants et 3 niveaux de difficult\u00e9 pour te permettre de progresser \u00e0 ton rythme ! Autres titres dans la m\u00eame collection: Mots cach\u00e9s, Labyrinthes, Point en point, Jeux d&#8217;observation, [&hellip;]<\/p>\n","protected":false},"featured_media":73362,"template":"","meta":{"wds_primary_product_brand":0,"wds_primary_product_cat":0,"wds_primary_maison_dedition":0},"product_brand":[],"product_cat":[627,626,566,608],"product_tag":[],"maison_dedition":[630,768],"class_list":{"0":"post-73360","1":"product","2":"type-product","3":"status-publish","4":"has-post-thumbnail","6":"product_cat-6-ans-et-plus-livres-de-jeux","7":"product_cat-jeunesse-livres-de-jeux","8":"product_cat-livres-de-jeux","9":"product_cat-mots-caches","10":"pa_auteur-collectif","11":"maison_dedition-les-editions-goelette","12":"maison_dedition-mes-premiers-jeux","14":"first","15":"instock","16":"taxable","17":"shipping-taxable","18":"purchasable","19":"product-type-variable"},"bundled_by":[],"bundle_stock_status":"instock","bundle_stock_quantity":null,"bundle_virtual":false,"bundle_layout":"","bundle_add_to_cart_form_location":"","bundle_editable_in_cart":false,"bundle_sold_individually_context":"","bundle_item_grouping":"","bundle_min_size":"","bundle_max_size":"","bundle_price":[],"bundled_items":[],"bundle_sell_ids":[],"acf":[],"_links":{"self":[{"href":"https:\/\/goelette.ca\/en\/wp-json\/wp\/v2\/product\/73360","targetHints":{"allow":["GET"]}}],"collection":[{"href":"https:\/\/goelette.ca\/en\/wp-json\/wp\/v2\/product"}],"about":[{"href":"https:\/\/goelette.ca\/en\/wp-json\/wp\/v2\/types\/product"}],"wp:featuredmedia":[{"embeddable":true,"href":"https:\/\/goelette.ca\/en\/wp-json\/wp\/v2\/media\/73362"}],"wp:attachment":[{"href":"https:\/\/goelette.ca\/en\/wp-json\/wp\/v2\/media?parent=73360"}],"wp:term":[{"taxonomy":"product_brand","embeddable":true,"href":"https:\/\/goelette.ca\/en\/wp-json\/wp\/v2\/product_brand?post=73360"},{"taxonomy":"product_cat","embeddable":true,"href":"https:\/\/goelette.ca\/en\/wp-json\/wp\/v2\/product_cat?post=73360"},{"taxonomy":"product_tag","embeddable":true,"href":"https:\/\/goelette.ca\/en\/wp-json\/wp\/v2\/product_tag?post=73360"},{"taxonomy":"maison_dedition","embeddable":true,"href":"https:\/\/goelette.ca\/en\/wp-json\/wp\/v2\/maison_dedition?post=73360"}],"curies":[{"name":"wp","href":"https:\/\/api.w.org\/{rel}","templated":true}]}}