{"id":72806,"date":"2023-11-13T10:14:44","date_gmt":"2023-11-13T15:14:44","guid":{"rendered":"https:\/\/www.goelette.ca\/?post_type=product&#038;p=72806"},"modified":"2024-01-03T08:52:02","modified_gmt":"2024-01-03T13:52:02","slug":"mes-premiers-jeux-meli-melo-de-noel","status":"publish","type":"product","link":"https:\/\/goelette.ca\/en\/tous-les-livres\/mes-premiers-jeux-meli-melo-de-noel\/","title":{"rendered":"Mes premiers jeux &#8211; M\u00e9li-m\u00e9lo de No\u00ebl"},"content":{"rendered":"<p>Plonge dans la magie de No\u00ebl avec ces 50 jeux sp\u00e9cialement cr\u00e9\u00e9s pour toi !<\/p>\n<p>Retrouve tes jeux de chiffes et de lettres pr\u00e9f\u00e9r\u00e9s en 3 niveaux de difficult\u00e9 pour le permettre de progresser \u00e0 ton rythme !<\/p>\n","protected":false},"excerpt":{"rendered":"<p>Plonge dans la magie de No\u00ebl avec ces 50 jeux sp\u00e9cialement cr\u00e9\u00e9s pour toi ! Retrouve tes jeux de chiffes et de lettres pr\u00e9f\u00e9r\u00e9s en 3 niveaux de difficult\u00e9 pour le permettre de progresser \u00e0 ton rythme !<\/p>\n","protected":false},"featured_media":72808,"template":"","meta":{"wds_primary_product_brand":0,"wds_primary_product_cat":0,"wds_primary_maison_dedition":0},"product_brand":[],"product_cat":[555,627,670,538,566,545],"product_tag":[],"maison_dedition":[630,768],"class_list":{"0":"post-72806","1":"product","2":"type-product","3":"status-publish","4":"has-post-thumbnail","6":"product_cat-6-ans-et-plus","7":"product_cat-6-ans-et-plus-livres-de-jeux","8":"product_cat-album-de-jeux","9":"product_cat-jeunesse","10":"product_cat-livres-de-jeux","11":"product_cat-noel","12":"pa_auteur-collectif","13":"maison_dedition-les-editions-goelette","14":"maison_dedition-mes-premiers-jeux","16":"first","17":"instock","18":"taxable","19":"shipping-taxable","20":"purchasable","21":"product-type-variable"},"bundled_by":[],"bundle_stock_status":"instock","bundle_stock_quantity":null,"bundle_virtual":false,"bundle_layout":"","bundle_add_to_cart_form_location":"","bundle_editable_in_cart":false,"bundle_sold_individually_context":"","bundle_item_grouping":"","bundle_min_size":"","bundle_max_size":"","bundle_price":[],"bundled_items":[],"bundle_sell_ids":[],"acf":[],"_links":{"self":[{"href":"https:\/\/goelette.ca\/en\/wp-json\/wp\/v2\/product\/72806","targetHints":{"allow":["GET"]}}],"collection":[{"href":"https:\/\/goelette.ca\/en\/wp-json\/wp\/v2\/product"}],"about":[{"href":"https:\/\/goelette.ca\/en\/wp-json\/wp\/v2\/types\/product"}],"wp:featuredmedia":[{"embeddable":true,"href":"https:\/\/goelette.ca\/en\/wp-json\/wp\/v2\/media\/72808"}],"wp:attachment":[{"href":"https:\/\/goelette.ca\/en\/wp-json\/wp\/v2\/media?parent=72806"}],"wp:term":[{"taxonomy":"product_brand","embeddable":true,"href":"https:\/\/goelette.ca\/en\/wp-json\/wp\/v2\/product_brand?post=72806"},{"taxonomy":"product_cat","embeddable":true,"href":"https:\/\/goelette.ca\/en\/wp-json\/wp\/v2\/product_cat?post=72806"},{"taxonomy":"product_tag","embeddable":true,"href":"https:\/\/goelette.ca\/en\/wp-json\/wp\/v2\/product_tag?post=72806"},{"taxonomy":"maison_dedition","embeddable":true,"href":"https:\/\/goelette.ca\/en\/wp-json\/wp\/v2\/maison_dedition?post=72806"}],"curies":[{"name":"wp","href":"https:\/\/api.w.org\/{rel}","templated":true}]}}