{"id":72802,"date":"2023-11-13T09:24:02","date_gmt":"2023-11-13T14:24:02","guid":{"rendered":"https:\/\/www.goelette.ca\/?post_type=product&#038;p=72802"},"modified":"2024-08-09T10:32:42","modified_gmt":"2024-08-09T14:32:42","slug":"jaime-les-fetes-noel-quelle-joie","status":"publish","type":"product","link":"https:\/\/goelette.ca\/en\/tous-les-livres\/jaime-les-fetes-noel-quelle-joie\/","title":{"rendered":"J&#8217;aime les f\u00eates &#8211; No\u00ebl, quelle joie !"},"content":{"rendered":"<p>On s&#8217;embrasse, on offre, on s&#8217;aime. No\u00ebl, c&#8217;est le bonheur supr\u00eame !<\/p>\n","protected":false},"excerpt":{"rendered":"<p>On s&#8217;embrasse, on offre, on s&#8217;aime. No\u00ebl, c&#8217;est le bonheur supr\u00eame !<\/p>\n","protected":false},"featured_media":72804,"template":"","meta":{"wds_primary_product_brand":0,"wds_primary_product_cat":0,"wds_primary_maison_dedition":0},"product_brand":[],"product_cat":[540,560,538,667,545],"product_tag":[],"maison_dedition":[630],"class_list":{"0":"post-72802","1":"product","2":"type-product","3":"status-publish","4":"has-post-thumbnail","6":"product_cat-0-2-ans","7":"product_cat-3-5-ans","8":"product_cat-jeunesse","9":"product_cat-livres-tout-carton","10":"product_cat-noel","11":"pa_auteur-collectif","12":"maison_dedition-les-editions-goelette","14":"first","15":"instock","16":"taxable","17":"shipping-taxable","18":"purchasable","19":"product-type-variable"},"bundled_by":[],"bundle_stock_status":"instock","bundle_stock_quantity":null,"bundle_virtual":false,"bundle_layout":"","bundle_add_to_cart_form_location":"","bundle_editable_in_cart":false,"bundle_sold_individually_context":"","bundle_item_grouping":"","bundle_min_size":"","bundle_max_size":"","bundle_price":[],"bundled_items":[],"bundle_sell_ids":[],"acf":[],"_links":{"self":[{"href":"https:\/\/goelette.ca\/en\/wp-json\/wp\/v2\/product\/72802","targetHints":{"allow":["GET"]}}],"collection":[{"href":"https:\/\/goelette.ca\/en\/wp-json\/wp\/v2\/product"}],"about":[{"href":"https:\/\/goelette.ca\/en\/wp-json\/wp\/v2\/types\/product"}],"wp:featuredmedia":[{"embeddable":true,"href":"https:\/\/goelette.ca\/en\/wp-json\/wp\/v2\/media\/72804"}],"wp:attachment":[{"href":"https:\/\/goelette.ca\/en\/wp-json\/wp\/v2\/media?parent=72802"}],"wp:term":[{"taxonomy":"product_brand","embeddable":true,"href":"https:\/\/goelette.ca\/en\/wp-json\/wp\/v2\/product_brand?post=72802"},{"taxonomy":"product_cat","embeddable":true,"href":"https:\/\/goelette.ca\/en\/wp-json\/wp\/v2\/product_cat?post=72802"},{"taxonomy":"product_tag","embeddable":true,"href":"https:\/\/goelette.ca\/en\/wp-json\/wp\/v2\/product_tag?post=72802"},{"taxonomy":"maison_dedition","embeddable":true,"href":"https:\/\/goelette.ca\/en\/wp-json\/wp\/v2\/maison_dedition?post=72802"}],"curies":[{"name":"wp","href":"https:\/\/api.w.org\/{rel}","templated":true}]}}