{"id":72450,"date":"2023-11-03T11:41:25","date_gmt":"2023-11-03T15:41:25","guid":{"rendered":"https:\/\/www.goelette.ca\/?post_type=product&#038;p=72450"},"modified":"2025-07-11T10:32:03","modified_gmt":"2025-07-11T14:32:03","slug":"cherche-et-trouve-chateaux-et-chevaliers","status":"publish","type":"product","link":"https:\/\/goelette.ca\/en\/tous-les-livres\/cherche-et-trouve-chateaux-et-chevaliers\/","title":{"rendered":"Cherche et trouve avec crayon &#8211; Chateaux et chevaliers"},"content":{"rendered":"<p>D\u00e9couvre la vie au temps des chevaliers et amuse-toi \u00e0 chercher tout ce qui est cach\u00e9 dans chaque sc\u00e8ne. Avec le feutre, entoure les solutions puis efface et recommence. Tu peux aussi d\u00e9fier ta famille et tes amis et d\u00e9couvrir qui est le plus rapide pour tout trouver.<br \/>\n\u00c0 toi de jouer !<\/p>\n","protected":false},"excerpt":{"rendered":"<p>D\u00e9couvre la vie au temps des chevaliers et amuse-toi \u00e0 chercher tout ce qui est cach\u00e9 dans chaque sc\u00e8ne. Avec le feutre, entoure les solutions puis efface et recommence. Tu peux aussi d\u00e9fier ta famille et tes amis et d\u00e9couvrir qui est le plus rapide pour tout trouver. \u00c0 toi de jouer !<\/p>\n","protected":false},"featured_media":72452,"template":"","meta":{"wds_primary_product_brand":0,"wds_primary_product_cat":0,"wds_primary_maison_dedition":0},"product_brand":[],"product_cat":[555,589,626,538],"product_tag":[],"maison_dedition":[541],"class_list":{"0":"post-72450","1":"product","2":"type-product","3":"status-publish","4":"has-post-thumbnail","6":"product_cat-6-ans-et-plus","7":"product_cat-cherche-et-trouve","8":"product_cat-jeunesse-livres-de-jeux","9":"product_cat-jeunesse","10":"maison_dedition-les-editions-coup-doeil","12":"first","13":"instock","14":"taxable","15":"shipping-taxable","16":"purchasable","17":"product-type-variable"},"bundled_by":[],"bundle_stock_status":"instock","bundle_stock_quantity":null,"bundle_virtual":false,"bundle_layout":"","bundle_add_to_cart_form_location":"","bundle_editable_in_cart":false,"bundle_sold_individually_context":"","bundle_item_grouping":"","bundle_min_size":"","bundle_max_size":"","bundle_price":[],"bundled_items":[],"bundle_sell_ids":[],"acf":[],"_links":{"self":[{"href":"https:\/\/goelette.ca\/en\/wp-json\/wp\/v2\/product\/72450","targetHints":{"allow":["GET"]}}],"collection":[{"href":"https:\/\/goelette.ca\/en\/wp-json\/wp\/v2\/product"}],"about":[{"href":"https:\/\/goelette.ca\/en\/wp-json\/wp\/v2\/types\/product"}],"wp:featuredmedia":[{"embeddable":true,"href":"https:\/\/goelette.ca\/en\/wp-json\/wp\/v2\/media\/72452"}],"wp:attachment":[{"href":"https:\/\/goelette.ca\/en\/wp-json\/wp\/v2\/media?parent=72450"}],"wp:term":[{"taxonomy":"product_brand","embeddable":true,"href":"https:\/\/goelette.ca\/en\/wp-json\/wp\/v2\/product_brand?post=72450"},{"taxonomy":"product_cat","embeddable":true,"href":"https:\/\/goelette.ca\/en\/wp-json\/wp\/v2\/product_cat?post=72450"},{"taxonomy":"product_tag","embeddable":true,"href":"https:\/\/goelette.ca\/en\/wp-json\/wp\/v2\/product_tag?post=72450"},{"taxonomy":"maison_dedition","embeddable":true,"href":"https:\/\/goelette.ca\/en\/wp-json\/wp\/v2\/maison_dedition?post=72450"}],"curies":[{"name":"wp","href":"https:\/\/api.w.org\/{rel}","templated":true}]}}