{"id":72441,"date":"2023-11-03T11:18:53","date_gmt":"2023-11-03T15:18:53","guid":{"rendered":"https:\/\/www.goelette.ca\/?post_type=product&#038;p=72441"},"modified":"2025-10-03T14:20:05","modified_gmt":"2025-10-03T18:20:05","slug":"zone-detente-mosaiques-a-colorier","status":"publish","type":"product","link":"https:\/\/goelette.ca\/en\/tous-les-livres\/zone-detente-mosaiques-a-colorier\/","title":{"rendered":"Zone d\u00e9tente &#8211; Mosa\u00efques \u00e0 colorier"},"content":{"rendered":"<p>125 DESSINS INSPIRANTS<\/p>\n<p>Laissez-vous guider par les chartes de couleurs et les num\u00e9ros pour r\u00e9v\u00e9ler les dessins de ces <strong>mosa\u00efques<\/strong> cr\u00e9atives, \u0153uvre de Sachin Sachdeva.<\/p>\n<p>La collection <strong>Zone d\u00e9tente<\/strong> vous offre l&#8217;occasion de profiter d&#8217;un moment pour prendre soin de vous, pour exprimer votre cr\u00e9ativit\u00e9 et pour vous relaxer.<\/p>\n<p>&nbsp;<\/p>\n<p>&nbsp;<\/p>\n","protected":false},"excerpt":{"rendered":"<p>125 DESSINS INSPIRANTS Laissez-vous guider par les chartes de couleurs et les num\u00e9ros pour r\u00e9v\u00e9ler les dessins de ces mosa\u00efques cr\u00e9atives, \u0153uvre de Sachin Sachdeva. La collection Zone d\u00e9tente vous offre l&#8217;occasion de profiter d&#8217;un moment pour prendre soin de vous, pour exprimer votre cr\u00e9ativit\u00e9 et pour vous relaxer. &nbsp; &nbsp;<\/p>\n","protected":false},"featured_media":97661,"template":"","meta":{"wds_primary_product_brand":0,"wds_primary_product_cat":0,"wds_primary_maison_dedition":0},"product_brand":[],"product_cat":[570,567,652,566],"product_tag":[],"maison_dedition":[630,766],"class_list":{"0":"post-72441","1":"product","2":"type-product","3":"status-publish","4":"has-post-thumbnail","6":"product_cat-activites-livres-de-jeux","7":"product_cat-adulte","8":"product_cat-coloriage-pratique","9":"product_cat-livres-de-jeux","10":"pa_auteur-sachin-sachdeva","11":"maison_dedition-les-editions-goelette","12":"maison_dedition-zone-detente","14":"first","15":"instock","16":"taxable","17":"shipping-taxable","18":"purchasable","19":"product-type-variable"},"bundled_by":[],"bundle_stock_status":"instock","bundle_stock_quantity":null,"bundle_virtual":false,"bundle_layout":"","bundle_add_to_cart_form_location":"","bundle_editable_in_cart":false,"bundle_sold_individually_context":"","bundle_item_grouping":"","bundle_min_size":"","bundle_max_size":"","bundle_price":[],"bundled_items":[],"bundle_sell_ids":[],"acf":[],"_links":{"self":[{"href":"https:\/\/goelette.ca\/en\/wp-json\/wp\/v2\/product\/72441","targetHints":{"allow":["GET"]}}],"collection":[{"href":"https:\/\/goelette.ca\/en\/wp-json\/wp\/v2\/product"}],"about":[{"href":"https:\/\/goelette.ca\/en\/wp-json\/wp\/v2\/types\/product"}],"wp:featuredmedia":[{"embeddable":true,"href":"https:\/\/goelette.ca\/en\/wp-json\/wp\/v2\/media\/97661"}],"wp:attachment":[{"href":"https:\/\/goelette.ca\/en\/wp-json\/wp\/v2\/media?parent=72441"}],"wp:term":[{"taxonomy":"product_brand","embeddable":true,"href":"https:\/\/goelette.ca\/en\/wp-json\/wp\/v2\/product_brand?post=72441"},{"taxonomy":"product_cat","embeddable":true,"href":"https:\/\/goelette.ca\/en\/wp-json\/wp\/v2\/product_cat?post=72441"},{"taxonomy":"product_tag","embeddable":true,"href":"https:\/\/goelette.ca\/en\/wp-json\/wp\/v2\/product_tag?post=72441"},{"taxonomy":"maison_dedition","embeddable":true,"href":"https:\/\/goelette.ca\/en\/wp-json\/wp\/v2\/maison_dedition?post=72441"}],"curies":[{"name":"wp","href":"https:\/\/api.w.org\/{rel}","templated":true}]}}